{"id":829,"date":"2020-05-13T23:26:57","date_gmt":"2020-05-13T21:26:57","guid":{"rendered":"https:\/\/psychostudio.pl\/?page_id=829"},"modified":"2020-05-14T01:31:16","modified_gmt":"2020-05-13T23:31:16","slug":"tomasz-medynski","status":"publish","type":"page","link":"https:\/\/psychostudio.pl\/index.php\/zespol\/tomasz-medynski\/","title":{"rendered":"Tomasz Medy\u0144ski"},"content":{"rendered":"\t\t<div data-elementor-type=\"wp-post\" data-elementor-id=\"829\" class=\"elementor elementor-829\">\n\t\t\t\t\t\t<div class=\"elementor-inner\">\n\t\t\t\t<div class=\"elementor-section-wrap\">\n\t\t\t\t\t\t\t\t\t<section class=\"elementor-section elementor-top-section elementor-element elementor-element-831c6c2 elementor-section-boxed elementor-section-height-default elementor-section-height-default\" data-id=\"831c6c2\" data-element_type=\"section\">\n\t\t\t\t\t\t<div class=\"elementor-container elementor-column-gap-default\">\n\t\t\t\t\t\t\t<div class=\"elementor-row\">\n\t\t\t\t\t<div class=\"elementor-column elementor-col-100 elementor-top-column elementor-element elementor-element-5644e78\" data-id=\"5644e78\" data-element_type=\"column\">\n\t\t\t<div class=\"elementor-column-wrap elementor-element-populated\">\n\t\t\t\t\t\t\t<div class=\"elementor-widget-wrap\">\n\t\t\t\t\t\t<section class=\"elementor-section elementor-inner-section elementor-element elementor-element-78e352d elementor-section-boxed elementor-section-height-default elementor-section-height-default\" data-id=\"78e352d\" data-element_type=\"section\">\n\t\t\t\t\t\t<div class=\"elementor-container elementor-column-gap-default\">\n\t\t\t\t\t\t\t<div class=\"elementor-row\">\n\t\t\t\t\t<div class=\"elementor-column elementor-col-33 elementor-inner-column elementor-element elementor-element-f1dac65\" data-id=\"f1dac65\" data-element_type=\"column\">\n\t\t\t<div class=\"elementor-column-wrap elementor-element-populated\">\n\t\t\t\t\t\t\t<div class=\"elementor-widget-wrap\">\n\t\t\t\t\t\t<div class=\"elementor-element elementor-element-d7846f7 elementor-invisible elementor-widget elementor-widget-image\" data-id=\"d7846f7\" data-element_type=\"widget\" data-settings=\"{&quot;_animation&quot;:&quot;fadeInLeft&quot;,&quot;_animation_delay&quot;:0}\" data-widget_type=\"image.default\">\n\t\t\t\t<div class=\"elementor-widget-container\">\n\t\t\t\t\t\t\t\t<div class=\"elementor-image\">\n\t\t\t\t\t\t\t\t\t\t\t\t<img width=\"500\" height=\"500\" src=\"https:\/\/psychostudio.pl\/wp-content\/uploads\/2020\/05\/Untitled-1.png\" class=\"attachment-large size-large wp-image-825\" alt=\"\" loading=\"lazy\" srcset=\"https:\/\/psychostudio.pl\/wp-content\/uploads\/2020\/05\/Untitled-1.png 500w, https:\/\/psychostudio.pl\/wp-content\/uploads\/2020\/05\/Untitled-1-300x300.png 300w, https:\/\/psychostudio.pl\/wp-content\/uploads\/2020\/05\/Untitled-1-150x150.png 150w\" sizes=\"(max-width: 500px) 100vw, 500px\" \/>\t\t\t\t\t\t\t\t\t\t\t\t\t\t<\/div>\n\t\t\t\t\t\t<\/div>\n\t\t\t\t<\/div>\n\t\t\t\t\t\t<\/div>\n\t\t\t\t\t<\/div>\n\t\t<\/div>\n\t\t\t\t<div class=\"elementor-column elementor-col-66 elementor-inner-column elementor-element elementor-element-b41e69d\" data-id=\"b41e69d\" data-element_type=\"column\">\n\t\t\t<div class=\"elementor-column-wrap elementor-element-populated\">\n\t\t\t\t\t\t\t<div class=\"elementor-widget-wrap\">\n\t\t\t\t\t\t<div class=\"elementor-element elementor-element-331f4c7 elementor-invisible elementor-widget elementor-widget-text-editor\" data-id=\"331f4c7\" data-element_type=\"widget\" data-settings=\"{&quot;_animation&quot;:&quot;fadeInRight&quot;,&quot;_animation_delay&quot;:100}\" data-widget_type=\"text-editor.default\">\n\t\t\t\t<div class=\"elementor-widget-container\">\n\t\t\t\t\t\t\t\t<div class=\"elementor-text-editor elementor-clearfix\">\n\t\t\t\t<p style=\"box-sizing: border-box; color: #3c4858; font-family: inherit; font-size: inherit; font-style: normal; font-variant: normal; font-weight: 300; letter-spacing: normal; line-height: 1.618; orphans: 2; text-align: left; text-decoration: none; text-indent: 0px; text-transform: none; -webkit-tap-highlight-color: transparent; -webkit-text-stroke-width: 0px; white-space: normal; word-spacing: 0px; margin: 0px 0px 15px 0px;\"><strong style=\"box-sizing: border-box; font-weight: bold; -webkit-tap-highlight-color: transparent;\">Rola: <\/strong>Music Composer | Sound Designer<b style=\"box-sizing: border-box; font-weight: bold; -webkit-tap-highlight-color: transparent;\"><br style=\"box-sizing: border-box; -webkit-tap-highlight-color: transparent;\" \/>Specjalizacja:<\/b>\u00a0Cubase | FL Studio<\/p><p><span style=\"display: inline !important; float: none; background-color: #ffffff; color: #3c4858; font-family: inherit; font-size: 14px; font-style: normal; font-variant: normal; font-weight: 300; letter-spacing: normal; orphans: 2; text-align: left; text-decoration: none; text-indent: 0px; text-transform: none; -webkit-text-stroke-width: 0px; white-space: normal; word-spacing: 0px;\"> <\/span><\/p><p style=\"font-variant-numeric: normal; font-variant-east-asian: normal;\">Tomek jest u nas odpowiedzialny za warstw\u0119 muzyczno-d\u017awi\u0119kow\u0105 w naszych produkcjach.<\/p><p style=\"font-variant-numeric: normal; font-variant-east-asian: normal;\"><span style=\"font-size: inherit;\">Muzyka towarzyszy\u0142a mu od dziecka &#8211; swoj\u0105 przygod\u0119 z muzyk\u0105 zacz\u0105\u0142 w wieku 6 lat, ucz\u0105c si\u0119 ze s\u0142uchu gry na pianinie. Pierwsz\u0105 styczno\u015b\u0107 z produkcj\u0105 muzyki mia\u0142 jako 11 latek, podczas gdy pewnego dnia przy pomocy swojego szwagra odkry\u0142 podstawowe funkcje oprogramowania Garage Band. Czuj\u0105c lekki niedosyt, poprzez nast\u0119pne lata, zapasjonowany szerokim tematem kompozycji i technicznych aspekt\u00f3w produkcji d\u017awi\u0119ku, aktywnie poszerza\u0142 swoje do\u015bwiadczenie anga\u017cuj\u0105c si\u0119 w coraz to ambitniejsze projekty.<\/span><\/p><p style=\"font-variant-numeric: normal; font-variant-east-asian: normal;\"><span style=\"font-size: inherit;\">Po sko\u0144czeniu szko\u0142y \u015bredniej o profilu filmowo-aktorskim, zacz\u0105\u0142 prac\u0119 w dziedzinie, w kt\u00f3rej obecnie si\u0119 specjalizuje. Na ten moment skupia si\u0119 na pisaniu soundtracku pod gry wideo oraz komercyjne produkcje filmowe.<\/span><\/p><div><\/div><p style=\"box-sizing: border-box; color: #3c4858; font-family: inherit; font-size: inherit; font-style: normal; font-variant: normal; font-weight: 300; letter-spacing: normal; line-height: 1.618; orphans: 2; text-align: left; text-decoration: none; text-indent: 0px; text-transform: none; -webkit-tap-highlight-color: transparent; -webkit-text-stroke-width: 0px; white-space: normal; word-spacing: 0px; margin: 0px 0px 15px 0px;\"><span style=\"box-sizing: border-box; font-family: inherit; font-size: inherit; -webkit-tap-highlight-color: transparent;\"><\/span><\/p><p><span style=\"display: inline !important; float: none; background-color: #ffffff; color: #3c4858; font-family: inherit; font-size: 14px; font-style: normal; font-variant: normal; font-weight: 300; letter-spacing: normal; orphans: 2; text-align: left; text-decoration: none; text-indent: 0px; text-transform: none; -webkit-text-stroke-width: 0px; white-space: normal; word-spacing: 0px;\"> <\/span><\/p><p style=\"box-sizing: border-box; color: #3c4858; font-family: inherit; font-size: inherit; font-style: normal; font-variant: normal; font-weight: 300; letter-spacing: normal; line-height: 1.618; orphans: 2; text-align: left; text-decoration: none; text-indent: 0px; text-transform: none; -webkit-tap-highlight-color: transparent; -webkit-text-stroke-width: 0px; white-space: normal; word-spacing: 0px; margin: 0px 0px 15px 0px;\"><span style=\"background-color: #ffffff; box-sizing: border-box; color: #3c4858; display: inline; float: none; font-family: inherit; font-size: 14px; font-style: normal; font-variant: normal; font-weight: 300; letter-spacing: normal; orphans: 2; text-align: left; text-decoration: none; text-indent: 0px; text-transform: none; -webkit-tap-highlight-color: transparent; -webkit-text-stroke-width: 0px; white-space: normal; word-spacing: 0px;\"> <\/span><\/p><p><span style=\"display: inline !important; float: none; background-color: #ffffff; color: #3c4858; font-family: inherit; font-size: 14px; font-style: normal; font-variant: normal; font-weight: 300; letter-spacing: normal; orphans: 2; text-align: left; text-decoration: none; text-indent: 0px; text-transform: none; -webkit-text-stroke-width: 0px; white-space: normal; word-spacing: 0px;\"> <\/span><\/p><p style=\"box-sizing: border-box; color: #3c4858; font-family: inherit; font-size: inherit; font-style: normal; font-variant: normal; font-weight: 300; letter-spacing: normal; line-height: 1.618; orphans: 2; text-align: left; text-decoration: none; text-indent: 0px; text-transform: none; -webkit-tap-highlight-color: transparent; -webkit-text-stroke-width: 0px; white-space: normal; word-spacing: 0px; margin: 0px 0px 15px 0px;\"><span style=\"background-color: #ffffff; box-sizing: border-box; color: #3c4858; display: inline; float: none; font-family: inherit; font-size: 14px; font-style: normal; font-variant: normal; font-weight: 300; letter-spacing: normal; orphans: 2; text-align: left; text-decoration: none; text-indent: 0px; text-transform: none; -webkit-tap-highlight-color: transparent; -webkit-text-stroke-width: 0px; white-space: normal; word-spacing: 0px;\"> <\/span><\/p>\t\t\t\t\t<\/div>\n\t\t\t\t\t\t<\/div>\n\t\t\t\t<\/div>\n\t\t\t\t\t\t<\/div>\n\t\t\t\t\t<\/div>\n\t\t<\/div>\n\t\t\t\t\t\t\t\t<\/div>\n\t\t\t\t\t<\/div>\n\t\t<\/section>\n\t\t\t\t\t\t<\/div>\n\t\t\t\t\t<\/div>\n\t\t<\/div>\n\t\t\t\t\t\t\t\t<\/div>\n\t\t\t\t\t<\/div>\n\t\t<\/section>\n\t\t\t\t<section class=\"elementor-section elementor-inner-section elementor-element elementor-element-eb89b76 elementor-section-boxed elementor-section-height-default elementor-section-height-default\" data-id=\"eb89b76\" data-element_type=\"section\">\n\t\t\t\t\t\t<div class=\"elementor-container elementor-column-gap-default\">\n\t\t\t\t\t\t\t<div class=\"elementor-row\">\n\t\t\t\t\t<div class=\"elementor-column elementor-col-50 elementor-inner-column elementor-element elementor-element-7307a8d\" data-id=\"7307a8d\" data-element_type=\"column\">\n\t\t\t<div class=\"elementor-column-wrap elementor-element-populated\">\n\t\t\t\t\t\t\t<div class=\"elementor-widget-wrap\">\n\t\t\t\t\t\t<div class=\"elementor-element elementor-element-4cf7c21 elementor-invisible elementor-widget elementor-widget-heading\" data-id=\"4cf7c21\" data-element_type=\"widget\" data-settings=\"{&quot;_animation&quot;:&quot;fadeInLeft&quot;,&quot;_animation_delay&quot;:500}\" data-widget_type=\"heading.default\">\n\t\t\t\t<div class=\"elementor-widget-container\">\n\t\t\t<h3 class=\"elementor-heading-title elementor-size-xl\">Obserwuj Tomka<\/h3>\t\t<\/div>\n\t\t\t\t<\/div>\n\t\t\t\t\t\t<\/div>\n\t\t\t\t\t<\/div>\n\t\t<\/div>\n\t\t\t\t<div class=\"elementor-column elementor-col-50 elementor-inner-column elementor-element elementor-element-3dc176b\" data-id=\"3dc176b\" data-element_type=\"column\">\n\t\t\t<div class=\"elementor-column-wrap elementor-element-populated\">\n\t\t\t\t\t\t\t<div class=\"elementor-widget-wrap\">\n\t\t\t\t\t\t<div class=\"elementor-element elementor-element-0670fbc elementor-shape-circle e-grid-align-right elementor-grid-0 elementor-invisible elementor-widget elementor-widget-social-icons\" data-id=\"0670fbc\" data-element_type=\"widget\" data-settings=\"{&quot;_animation&quot;:&quot;fadeInRight&quot;,&quot;_animation_delay&quot;:1000}\" data-widget_type=\"social-icons.default\">\n\t\t\t\t<div class=\"elementor-widget-container\">\n\t\t\t\t\t<div class=\"elementor-social-icons-wrapper elementor-grid\">\n\t\t\t\t\t\t\t<span class=\"elementor-grid-item\">\n\t\t\t\t\t<a class=\"elementor-icon elementor-social-icon elementor-social-icon-globe-europe elementor-animation-grow elementor-repeater-item-c684f3a\" href=\"https:\/\/tomacrofear.com\/\" target=\"_blank\">\n\t\t\t\t\t\t<span class=\"elementor-screen-only\">Globe-europe<\/span>\n\t\t\t\t\t\t<i class=\"fas fa-globe-europe\"><\/i>\t\t\t\t\t<\/a>\n\t\t\t\t<\/span>\n\t\t\t\t\t\t\t<span class=\"elementor-grid-item\">\n\t\t\t\t\t<a class=\"elementor-icon elementor-social-icon elementor-social-icon-spotify elementor-animation-grow elementor-repeater-item-4d3a7b0\" href=\"https:\/\/open.spotify.com\/artist\/0Fs6rcgesrMxfUZ3K4LUtb?si=whGGQ57oQhW54brEiE62kw\" target=\"_blank\">\n\t\t\t\t\t\t<span class=\"elementor-screen-only\">Spotify<\/span>\n\t\t\t\t\t\t<i class=\"fab fa-spotify\"><\/i>\t\t\t\t\t<\/a>\n\t\t\t\t<\/span>\n\t\t\t\t\t\t\t<span class=\"elementor-grid-item\">\n\t\t\t\t\t<a class=\"elementor-icon elementor-social-icon elementor-social-icon-facebook-f elementor-animation-grow elementor-repeater-item-b5827cd\" href=\"https:\/\/www.facebook.com\/TomAcrofear\" target=\"_blank\">\n\t\t\t\t\t\t<span class=\"elementor-screen-only\">Facebook-f<\/span>\n\t\t\t\t\t\t<i class=\"fab fa-facebook-f\"><\/i>\t\t\t\t\t<\/a>\n\t\t\t\t<\/span>\n\t\t\t\t\t\t\t<span class=\"elementor-grid-item\">\n\t\t\t\t\t<a class=\"elementor-icon elementor-social-icon elementor-social-icon-instagram elementor-animation-grow elementor-repeater-item-107e115\" href=\"https:\/\/www.instagram.com\/tomacrofear\/\" target=\"_blank\">\n\t\t\t\t\t\t<span class=\"elementor-screen-only\">Instagram<\/span>\n\t\t\t\t\t\t<i class=\"fab fa-instagram\"><\/i>\t\t\t\t\t<\/a>\n\t\t\t\t<\/span>\n\t\t\t\t\t\t\t<span class=\"elementor-grid-item\">\n\t\t\t\t\t<a class=\"elementor-icon elementor-social-icon elementor-social-icon-youtube elementor-animation-grow elementor-repeater-item-5b8412c\" href=\"https:\/\/www.youtube.com\/channel\/UCpT1SRZ_NgqiEpPeLW58SwA\/\" target=\"_blank\">\n\t\t\t\t\t\t<span class=\"elementor-screen-only\">Youtube<\/span>\n\t\t\t\t\t\t<i class=\"fab fa-youtube\"><\/i>\t\t\t\t\t<\/a>\n\t\t\t\t<\/span>\n\t\t\t\t\t<\/div>\n\t\t\t\t<\/div>\n\t\t\t\t<\/div>\n\t\t\t\t\t\t<\/div>\n\t\t\t\t\t<\/div>\n\t\t<\/div>\n\t\t\t\t\t\t\t\t<\/div>\n\t\t\t\t\t<\/div>\n\t\t<\/section>\n\t\t\t\t<section class=\"elementor-section elementor-top-section elementor-element elementor-element-24c5f36 elementor-section-boxed elementor-section-height-default elementor-section-height-default\" data-id=\"24c5f36\" data-element_type=\"section\">\n\t\t\t\t\t\t<div class=\"elementor-container elementor-column-gap-default\">\n\t\t\t\t\t\t\t<div class=\"elementor-row\">\n\t\t\t\t\t<div class=\"elementor-column elementor-col-100 elementor-top-column elementor-element elementor-element-bcf1b70\" data-id=\"bcf1b70\" data-element_type=\"column\">\n\t\t\t<div class=\"elementor-column-wrap elementor-element-populated\">\n\t\t\t\t\t\t\t<div class=\"elementor-widget-wrap\">\n\t\t\t\t\t\t<div class=\"elementor-element elementor-element-2d8de76 elementor-invisible elementor-widget elementor-widget-image-carousel\" data-id=\"2d8de76\" data-element_type=\"widget\" data-settings=\"{&quot;_animation&quot;:&quot;fadeInUp&quot;,&quot;_animation_delay&quot;:1500,&quot;slides_to_scroll&quot;:&quot;1&quot;,&quot;navigation&quot;:&quot;none&quot;,&quot;autoplay_speed&quot;:3000,&quot;slides_to_show&quot;:&quot;2&quot;,&quot;autoplay&quot;:&quot;yes&quot;,&quot;pause_on_hover&quot;:&quot;yes&quot;,&quot;pause_on_interaction&quot;:&quot;yes&quot;,&quot;infinite&quot;:&quot;yes&quot;,&quot;speed&quot;:500,&quot;image_spacing_custom&quot;:{&quot;unit&quot;:&quot;px&quot;,&quot;size&quot;:20,&quot;sizes&quot;:[]},&quot;image_spacing_custom_tablet&quot;:{&quot;unit&quot;:&quot;px&quot;,&quot;size&quot;:&quot;&quot;,&quot;sizes&quot;:[]},&quot;image_spacing_custom_mobile&quot;:{&quot;unit&quot;:&quot;px&quot;,&quot;size&quot;:&quot;&quot;,&quot;sizes&quot;:[]}}\" data-widget_type=\"image-carousel.default\">\n\t\t\t\t<div class=\"elementor-widget-container\">\n\t\t\t\t\t<div class=\"elementor-image-carousel-wrapper swiper-container\" dir=\"ltr\">\n\t\t\t<div class=\"elementor-image-carousel swiper-wrapper\">\n\t\t\t\t\t\t\t\t<div class=\"swiper-slide\"><a data-elementor-open-lightbox=\"yes\" data-elementor-lightbox-slideshow=\"2d8de76\" data-elementor-lightbox-title=\"TomaszMedynski_BackStage_2_Optimized\" data-e-action-hash=\"#elementor-action%3Aaction%3Dlightbox%26settings%3DeyJpZCI6ODM1LCJ1cmwiOiJodHRwczpcL1wvcHN5Y2hvc3R1ZGlvLnBsXC93cC1jb250ZW50XC91cGxvYWRzXC8yMDIwXC8wNVwvODE4ODMzNDNfMTI0OTMwODExNTI3ODEwNF81NDg5NDE0NjE0NTk4ODExNjQ4X28uanBnIiwic2xpZGVzaG93IjoiMmQ4ZGU3NiJ9\" href=\"https:\/\/psychostudio.pl\/wp-content\/uploads\/2020\/05\/81883343_1249308115278104_5489414614598811648_o.jpg\"><figure class=\"swiper-slide-inner\"><img class=\"swiper-slide-image\" src=\"https:\/\/psychostudio.pl\/wp-content\/uploads\/2020\/05\/81883343_1249308115278104_5489414614598811648_o-768x432.jpg\" alt=\"Foty_BackStage\" \/><\/figure><\/a><\/div><div class=\"swiper-slide\"><a data-elementor-open-lightbox=\"yes\" data-elementor-lightbox-slideshow=\"2d8de76\" data-elementor-lightbox-title=\"TomaszMedynski_BackStage_2_Optimized\" data-e-action-hash=\"#elementor-action%3Aaction%3Dlightbox%26settings%3DeyJpZCI6ODc2LCJ1cmwiOiJodHRwczpcL1wvcHN5Y2hvc3R1ZGlvLnBsXC93cC1jb250ZW50XC91cGxvYWRzXC8yMDIwXC8wNVwvZm90YXBvc3RmYi1maXhlZC5qcGciLCJzbGlkZXNob3ciOiIyZDhkZTc2In0%3D\" href=\"https:\/\/psychostudio.pl\/wp-content\/uploads\/2020\/05\/fotapostfb-fixed.jpg\"><figure class=\"swiper-slide-inner\"><img class=\"swiper-slide-image\" src=\"https:\/\/psychostudio.pl\/wp-content\/uploads\/2020\/05\/fotapostfb-fixed-768x432.jpg\" alt=\"Foty_BackStage\" \/><\/figure><\/a><\/div>\t\t\t<\/div>\n\t\t\t\t\t\t\t\t\t\t\t\t\t\t\t\t<\/div>\n\t\t\t\t<\/div>\n\t\t\t\t<\/div>\n\t\t\t\t\t\t<\/div>\n\t\t\t\t\t<\/div>\n\t\t<\/div>\n\t\t\t\t\t\t\t\t<\/div>\n\t\t\t\t\t<\/div>\n\t\t<\/section>\n\t\t\t\t\t\t\t\t\t<\/div>\n\t\t\t<\/div>\n\t\t\t\t\t<\/div>\n\t\t","protected":false},"excerpt":{"rendered":"<p>Rola: Music Composer | Sound DesignerSpecjalizacja:\u00a0Cubase | FL Studio Tomek jest u nas odpowiedzialny za warstw\u0119 muzyczno-d\u017awi\u0119kow\u0105 w naszych produkcjach. Muzyka towarzyszy\u0142a mu od dziecka &#8211; swoj\u0105 przygod\u0119 z muzyk\u0105 zacz\u0105\u0142 w wieku 6 lat, ucz\u0105c si\u0119 ze s\u0142uchu gry na pianinie. Pierwsz\u0105 styczno\u015b\u0107 z produkcj\u0105 muzyki mia\u0142 jako 11<a class=\"moretag\" href=\"https:\/\/psychostudio.pl\/index.php\/zespol\/tomasz-medynski\/\"> Czytaj wi\u0119cej<\/a><\/p>\n","protected":false},"author":1,"featured_media":826,"parent":66,"menu_order":0,"comment_status":"closed","ping_status":"closed","template":"","meta":[],"yoast_head":"<!-- This site is optimized with the Yoast SEO plugin v19.4 - https:\/\/yoast.com\/wordpress\/plugins\/seo\/ -->\n<title>Tomasz Medy\u0144ski - PsychoStudio<\/title>\n<meta name=\"robots\" content=\"index, follow, max-snippet:-1, max-image-preview:large, max-video-preview:-1\" \/>\n<link rel=\"canonical\" href=\"https:\/\/psychostudio.pl\/index.php\/zespol\/tomasz-medynski\/\" \/>\n<meta property=\"og:locale\" content=\"pl_PL\" \/>\n<meta property=\"og:type\" content=\"article\" \/>\n<meta property=\"og:title\" content=\"Tomasz Medy\u0144ski - PsychoStudio\" \/>\n<meta property=\"og:description\" content=\"Rola: Music Composer | Sound DesignerSpecjalizacja:\u00a0Cubase | FL Studio Tomek jest u nas odpowiedzialny za warstw\u0119 muzyczno-d\u017awi\u0119kow\u0105 w naszych produkcjach. Muzyka towarzyszy\u0142a mu od dziecka &#8211; swoj\u0105 przygod\u0119 z muzyk\u0105 zacz\u0105\u0142 w wieku 6 lat, ucz\u0105c si\u0119 ze s\u0142uchu gry na pianinie. Pierwsz\u0105 styczno\u015b\u0107 z produkcj\u0105 muzyki mia\u0142 jako 11 Czytaj wi\u0119cej\" \/>\n<meta property=\"og:url\" content=\"https:\/\/psychostudio.pl\/index.php\/zespol\/tomasz-medynski\/\" \/>\n<meta property=\"og:site_name\" content=\"PsychoStudio\" \/>\n<meta property=\"article:publisher\" content=\"https:\/\/www.facebook.com\/psychostudiocam\/\" \/>\n<meta property=\"article:modified_time\" content=\"2020-05-13T23:31:16+00:00\" \/>\n<meta property=\"og:image\" content=\"https:\/\/i2.wp.com\/psychostudio.pl\/wp-content\/uploads\/2020\/05\/fota-fixed.jpg?fit=1000%2C500&ssl=1\" \/>\n\t<meta property=\"og:image:width\" content=\"1000\" \/>\n\t<meta property=\"og:image:height\" content=\"500\" \/>\n\t<meta property=\"og:image:type\" content=\"image\/jpeg\" \/>\n<meta name=\"twitter:card\" content=\"summary_large_image\" \/>\n<meta name=\"twitter:label1\" content=\"Szacowany czas czytania\" \/>\n\t<meta name=\"twitter:data1\" content=\"1 minuta\" \/>\n<script type=\"application\/ld+json\" class=\"yoast-schema-graph\">{\"@context\":\"https:\/\/schema.org\",\"@graph\":[{\"@type\":\"Organization\",\"@id\":\"https:\/\/psychostudio.pl\/#organization\",\"name\":\"PsychoStudio\",\"url\":\"https:\/\/psychostudio.pl\/\",\"sameAs\":[\"https:\/\/www.instagram.com\/psychostudio_cam\/\",\"https:\/\/www.youtube.com\/channel\/UC2uVduW06Kb8pkXyqQX1hAg\",\"https:\/\/www.facebook.com\/psychostudiocam\/\"],\"logo\":{\"@type\":\"ImageObject\",\"inLanguage\":\"pl-PL\",\"@id\":\"https:\/\/psychostudio.pl\/#\/schema\/logo\/image\/\",\"url\":\"https:\/\/i0.wp.com\/psychostudio.pl\/wp-content\/uploads\/2018\/09\/PsYcHoSTUDIO.png?fit=500%2C500&ssl=1\",\"contentUrl\":\"https:\/\/i0.wp.com\/psychostudio.pl\/wp-content\/uploads\/2018\/09\/PsYcHoSTUDIO.png?fit=500%2C500&ssl=1\",\"width\":500,\"height\":500,\"caption\":\"PsychoStudio\"},\"image\":{\"@id\":\"https:\/\/psychostudio.pl\/#\/schema\/logo\/image\/\"}},{\"@type\":\"WebSite\",\"@id\":\"https:\/\/psychostudio.pl\/#website\",\"url\":\"https:\/\/psychostudio.pl\/\",\"name\":\"PsychoStudio\",\"description\":\"More than epic\",\"publisher\":{\"@id\":\"https:\/\/psychostudio.pl\/#organization\"},\"potentialAction\":[{\"@type\":\"SearchAction\",\"target\":{\"@type\":\"EntryPoint\",\"urlTemplate\":\"https:\/\/psychostudio.pl\/?s={search_term_string}\"},\"query-input\":\"required name=search_term_string\"}],\"inLanguage\":\"pl-PL\"},{\"@type\":\"WebPage\",\"@id\":\"https:\/\/psychostudio.pl\/index.php\/zespol\/tomasz-medynski\/\",\"url\":\"https:\/\/psychostudio.pl\/index.php\/zespol\/tomasz-medynski\/\",\"name\":\"Tomasz Medy\u0144ski - PsychoStudio\",\"isPartOf\":{\"@id\":\"https:\/\/psychostudio.pl\/#website\"},\"datePublished\":\"2020-05-13T21:26:57+00:00\",\"dateModified\":\"2020-05-13T23:31:16+00:00\",\"breadcrumb\":{\"@id\":\"https:\/\/psychostudio.pl\/index.php\/zespol\/tomasz-medynski\/#breadcrumb\"},\"inLanguage\":\"pl-PL\",\"potentialAction\":[{\"@type\":\"ReadAction\",\"target\":[\"https:\/\/psychostudio.pl\/index.php\/zespol\/tomasz-medynski\/\"]}]},{\"@type\":\"BreadcrumbList\",\"@id\":\"https:\/\/psychostudio.pl\/index.php\/zespol\/tomasz-medynski\/#breadcrumb\",\"itemListElement\":[{\"@type\":\"ListItem\",\"position\":1,\"name\":\"Strona g\u0142\u00f3wna\",\"item\":\"https:\/\/psychostudio.pl\/\"},{\"@type\":\"ListItem\",\"position\":2,\"name\":\"Zesp\u00f3\u0142\",\"item\":\"https:\/\/psychostudio.pl\/index.php\/zespol\/\"},{\"@type\":\"ListItem\",\"position\":3,\"name\":\"Tomasz Medy\u0144ski\"}]}]}<\/script>\n<!-- \/ Yoast SEO plugin. -->","yoast_head_json":{"title":"Tomasz Medy\u0144ski - PsychoStudio","robots":{"index":"index","follow":"follow","max-snippet":"max-snippet:-1","max-image-preview":"max-image-preview:large","max-video-preview":"max-video-preview:-1"},"canonical":"https:\/\/psychostudio.pl\/index.php\/zespol\/tomasz-medynski\/","og_locale":"pl_PL","og_type":"article","og_title":"Tomasz Medy\u0144ski - PsychoStudio","og_description":"Rola: Music Composer | Sound DesignerSpecjalizacja:\u00a0Cubase | FL Studio Tomek jest u nas odpowiedzialny za warstw\u0119 muzyczno-d\u017awi\u0119kow\u0105 w naszych produkcjach. Muzyka towarzyszy\u0142a mu od dziecka &#8211; swoj\u0105 przygod\u0119 z muzyk\u0105 zacz\u0105\u0142 w wieku 6 lat, ucz\u0105c si\u0119 ze s\u0142uchu gry na pianinie. Pierwsz\u0105 styczno\u015b\u0107 z produkcj\u0105 muzyki mia\u0142 jako 11 Czytaj wi\u0119cej","og_url":"https:\/\/psychostudio.pl\/index.php\/zespol\/tomasz-medynski\/","og_site_name":"PsychoStudio","article_publisher":"https:\/\/www.facebook.com\/psychostudiocam\/","article_modified_time":"2020-05-13T23:31:16+00:00","og_image":[{"width":1000,"height":500,"url":"https:\/\/i2.wp.com\/psychostudio.pl\/wp-content\/uploads\/2020\/05\/fota-fixed.jpg?fit=1000%2C500&ssl=1","type":"image\/jpeg"}],"twitter_card":"summary_large_image","twitter_misc":{"Szacowany czas czytania":"1 minuta"},"schema":{"@context":"https:\/\/schema.org","@graph":[{"@type":"Organization","@id":"https:\/\/psychostudio.pl\/#organization","name":"PsychoStudio","url":"https:\/\/psychostudio.pl\/","sameAs":["https:\/\/www.instagram.com\/psychostudio_cam\/","https:\/\/www.youtube.com\/channel\/UC2uVduW06Kb8pkXyqQX1hAg","https:\/\/www.facebook.com\/psychostudiocam\/"],"logo":{"@type":"ImageObject","inLanguage":"pl-PL","@id":"https:\/\/psychostudio.pl\/#\/schema\/logo\/image\/","url":"https:\/\/i0.wp.com\/psychostudio.pl\/wp-content\/uploads\/2018\/09\/PsYcHoSTUDIO.png?fit=500%2C500&ssl=1","contentUrl":"https:\/\/i0.wp.com\/psychostudio.pl\/wp-content\/uploads\/2018\/09\/PsYcHoSTUDIO.png?fit=500%2C500&ssl=1","width":500,"height":500,"caption":"PsychoStudio"},"image":{"@id":"https:\/\/psychostudio.pl\/#\/schema\/logo\/image\/"}},{"@type":"WebSite","@id":"https:\/\/psychostudio.pl\/#website","url":"https:\/\/psychostudio.pl\/","name":"PsychoStudio","description":"More than epic","publisher":{"@id":"https:\/\/psychostudio.pl\/#organization"},"potentialAction":[{"@type":"SearchAction","target":{"@type":"EntryPoint","urlTemplate":"https:\/\/psychostudio.pl\/?s={search_term_string}"},"query-input":"required name=search_term_string"}],"inLanguage":"pl-PL"},{"@type":"WebPage","@id":"https:\/\/psychostudio.pl\/index.php\/zespol\/tomasz-medynski\/","url":"https:\/\/psychostudio.pl\/index.php\/zespol\/tomasz-medynski\/","name":"Tomasz Medy\u0144ski - PsychoStudio","isPartOf":{"@id":"https:\/\/psychostudio.pl\/#website"},"datePublished":"2020-05-13T21:26:57+00:00","dateModified":"2020-05-13T23:31:16+00:00","breadcrumb":{"@id":"https:\/\/psychostudio.pl\/index.php\/zespol\/tomasz-medynski\/#breadcrumb"},"inLanguage":"pl-PL","potentialAction":[{"@type":"ReadAction","target":["https:\/\/psychostudio.pl\/index.php\/zespol\/tomasz-medynski\/"]}]},{"@type":"BreadcrumbList","@id":"https:\/\/psychostudio.pl\/index.php\/zespol\/tomasz-medynski\/#breadcrumb","itemListElement":[{"@type":"ListItem","position":1,"name":"Strona g\u0142\u00f3wna","item":"https:\/\/psychostudio.pl\/"},{"@type":"ListItem","position":2,"name":"Zesp\u00f3\u0142","item":"https:\/\/psychostudio.pl\/index.php\/zespol\/"},{"@type":"ListItem","position":3,"name":"Tomasz Medy\u0144ski"}]}]}},"_links":{"self":[{"href":"https:\/\/psychostudio.pl\/index.php\/wp-json\/wp\/v2\/pages\/829"}],"collection":[{"href":"https:\/\/psychostudio.pl\/index.php\/wp-json\/wp\/v2\/pages"}],"about":[{"href":"https:\/\/psychostudio.pl\/index.php\/wp-json\/wp\/v2\/types\/page"}],"author":[{"embeddable":true,"href":"https:\/\/psychostudio.pl\/index.php\/wp-json\/wp\/v2\/users\/1"}],"replies":[{"embeddable":true,"href":"https:\/\/psychostudio.pl\/index.php\/wp-json\/wp\/v2\/comments?post=829"}],"version-history":[{"count":5,"href":"https:\/\/psychostudio.pl\/index.php\/wp-json\/wp\/v2\/pages\/829\/revisions"}],"predecessor-version":[{"id":877,"href":"https:\/\/psychostudio.pl\/index.php\/wp-json\/wp\/v2\/pages\/829\/revisions\/877"}],"up":[{"embeddable":true,"href":"https:\/\/psychostudio.pl\/index.php\/wp-json\/wp\/v2\/pages\/66"}],"wp:featuredmedia":[{"embeddable":true,"href":"https:\/\/psychostudio.pl\/index.php\/wp-json\/wp\/v2\/media\/826"}],"wp:attachment":[{"href":"https:\/\/psychostudio.pl\/index.php\/wp-json\/wp\/v2\/media?parent=829"}],"curies":[{"name":"wp","href":"https:\/\/api.w.org\/{rel}","templated":true}]}}