{"id":62,"date":"2018-09-30T20:44:51","date_gmt":"2018-09-30T18:44:51","guid":{"rendered":"https:\/\/psychostudio.pl\/?page_id=62"},"modified":"2018-11-19T13:52:59","modified_gmt":"2018-11-19T12:52:59","slug":"oferta","status":"publish","type":"page","link":"https:\/\/psychostudio.pl\/index.php\/oferta\/","title":{"rendered":"Oferta"},"content":{"rendered":"\t\t<div data-elementor-type=\"wp-post\" data-elementor-id=\"62\" class=\"elementor elementor-62 elementor-bc-flex-widget\">\n\t\t\t\t\t\t<div class=\"elementor-inner\">\n\t\t\t\t<div class=\"elementor-section-wrap\">\n\t\t\t\t\t\t\t\t\t<section class=\"elementor-section elementor-top-section elementor-element elementor-element-3be7b9f elementor-section-stretched elementor-section-boxed elementor-section-height-default elementor-section-height-default\" data-id=\"3be7b9f\" data-element_type=\"section\" data-settings=\"{&quot;stretch_section&quot;:&quot;section-stretched&quot;}\">\n\t\t\t\t\t\t<div class=\"elementor-container elementor-column-gap-default\">\n\t\t\t\t\t\t\t<div class=\"elementor-row\">\n\t\t\t\t\t<div class=\"elementor-column elementor-col-33 elementor-top-column elementor-element elementor-element-ecf9aa8\" data-id=\"ecf9aa8\" data-element_type=\"column\">\n\t\t\t<div class=\"elementor-column-wrap elementor-element-populated\">\n\t\t\t\t\t\t\t<div class=\"elementor-widget-wrap\">\n\t\t\t\t\t\t<div class=\"elementor-element elementor-element-7ecb24e elementor-invisible elementor-widget elementor-widget-image\" data-id=\"7ecb24e\" data-element_type=\"widget\" data-settings=\"{&quot;_animation&quot;:&quot;fadeInUp&quot;,&quot;_animation_delay&quot;:100}\" data-widget_type=\"image.default\">\n\t\t\t\t<div class=\"elementor-widget-container\">\n\t\t\t\t\t\t\t\t<div class=\"elementor-image\">\n\t\t\t\t\t\t\t\t\t\t\t\t\t<a href=\"https:\/\/psychostudio.pl\/index.php\/oferta\/film\/\">\n\t\t\t\t\t\t\t<img width=\"750\" height=\"422\" src=\"https:\/\/psychostudio.pl\/wp-content\/uploads\/2018\/10\/IMG_5194-1000x562-Optimized.jpg\" class=\"elementor-animation-bob attachment-large size-large wp-image-413\" alt=\"\" loading=\"lazy\" srcset=\"https:\/\/psychostudio.pl\/wp-content\/uploads\/2018\/10\/IMG_5194-1000x562-Optimized.jpg 1000w, https:\/\/psychostudio.pl\/wp-content\/uploads\/2018\/10\/IMG_5194-1000x562-Optimized-300x169.jpg 300w, https:\/\/psychostudio.pl\/wp-content\/uploads\/2018\/10\/IMG_5194-1000x562-Optimized-768x432.jpg 768w\" sizes=\"(max-width: 750px) 100vw, 750px\" \/>\t\t\t\t\t\t\t\t<\/a>\n\t\t\t\t\t\t\t\t\t\t\t\t\t\t<\/div>\n\t\t\t\t\t\t<\/div>\n\t\t\t\t<\/div>\n\t\t\t\t<div class=\"elementor-element elementor-element-a20d1f7 elementor-invisible elementor-widget elementor-widget-heading\" data-id=\"a20d1f7\" data-element_type=\"widget\" data-settings=\"{&quot;_animation&quot;:&quot;fadeInUp&quot;,&quot;_animation_delay&quot;:200}\" data-widget_type=\"heading.default\">\n\t\t\t\t<div class=\"elementor-widget-container\">\n\t\t\t<h2 class=\"elementor-heading-title elementor-size-default\"><a href=\"https:\/\/psychostudio.pl\/index.php\/oferta\/film\/\">Film<\/a><\/h2>\t\t<\/div>\n\t\t\t\t<\/div>\n\t\t\t\t<div class=\"elementor-element elementor-element-916d0e5 elementor-invisible elementor-widget elementor-widget-text-editor\" data-id=\"916d0e5\" data-element_type=\"widget\" data-settings=\"{&quot;_animation&quot;:&quot;fadeInUp&quot;,&quot;_animation_delay&quot;:300}\" data-widget_type=\"text-editor.default\">\n\t\t\t\t<div class=\"elementor-widget-container\">\n\t\t\t\t\t\t\t\t<div class=\"elementor-text-editor elementor-clearfix\">\n\t\t\t\t<p>Potrzebujesz spot promuj\u0105cy swoj\u0105 firm\u0119 albo dynamiczny film z toru wy\u015bcigowego?<br \/>A mo\u017ce potrzebna jednak b\u0119dzie relacja wideo Twojej imprezy?<br \/>Dobrze trafi\u0142e\u015b!<\/p>\t\t\t\t\t<\/div>\n\t\t\t\t\t\t<\/div>\n\t\t\t\t<\/div>\n\t\t\t\t\t\t<\/div>\n\t\t\t\t\t<\/div>\n\t\t<\/div>\n\t\t\t\t<div class=\"elementor-column elementor-col-33 elementor-top-column elementor-element elementor-element-1c36a9c\" data-id=\"1c36a9c\" data-element_type=\"column\">\n\t\t\t<div class=\"elementor-column-wrap elementor-element-populated\">\n\t\t\t\t\t\t\t<div class=\"elementor-widget-wrap\">\n\t\t\t\t\t\t<div class=\"elementor-element elementor-element-3192701 elementor-invisible elementor-widget elementor-widget-image\" data-id=\"3192701\" data-element_type=\"widget\" data-settings=\"{&quot;_animation&quot;:&quot;fadeInUp&quot;,&quot;_animation_delay&quot;:500}\" data-widget_type=\"image.default\">\n\t\t\t\t<div class=\"elementor-widget-container\">\n\t\t\t\t\t\t\t\t<div class=\"elementor-image\">\n\t\t\t\t\t\t\t\t\t\t\t\t\t<a href=\"https:\/\/psychostudio.pl\/index.php\/oferta\/realizacja-z-powietrza\/\">\n\t\t\t\t\t\t\t<img width=\"750\" height=\"422\" src=\"https:\/\/psychostudio.pl\/wp-content\/uploads\/2018\/10\/IMG_1657-1000x562-Optimized.jpg\" class=\"elementor-animation-bob attachment-large size-large wp-image-414\" alt=\"\" loading=\"lazy\" srcset=\"https:\/\/psychostudio.pl\/wp-content\/uploads\/2018\/10\/IMG_1657-1000x562-Optimized.jpg 1000w, https:\/\/psychostudio.pl\/wp-content\/uploads\/2018\/10\/IMG_1657-1000x562-Optimized-300x169.jpg 300w, https:\/\/psychostudio.pl\/wp-content\/uploads\/2018\/10\/IMG_1657-1000x562-Optimized-768x432.jpg 768w\" sizes=\"(max-width: 750px) 100vw, 750px\" \/>\t\t\t\t\t\t\t\t<\/a>\n\t\t\t\t\t\t\t\t\t\t\t\t\t\t<\/div>\n\t\t\t\t\t\t<\/div>\n\t\t\t\t<\/div>\n\t\t\t\t<div class=\"elementor-element elementor-element-ce40607 elementor-invisible elementor-widget elementor-widget-heading\" data-id=\"ce40607\" data-element_type=\"widget\" data-settings=\"{&quot;_animation&quot;:&quot;fadeInUp&quot;,&quot;_animation_delay&quot;:600}\" data-widget_type=\"heading.default\">\n\t\t\t\t<div class=\"elementor-widget-container\">\n\t\t\t<h2 class=\"elementor-heading-title elementor-size-default\"><a href=\"https:\/\/psychostudio.pl\/index.php\/oferta\/realizacja-z-powietrza\/\">Realizacja z Powietrza<\/a><\/h2>\t\t<\/div>\n\t\t\t\t<\/div>\n\t\t\t\t<div class=\"elementor-element elementor-element-ce480b6 elementor-invisible elementor-widget elementor-widget-text-editor\" data-id=\"ce480b6\" data-element_type=\"widget\" data-settings=\"{&quot;_animation&quot;:&quot;fadeInUp&quot;,&quot;_animation_delay&quot;:700}\" data-widget_type=\"text-editor.default\">\n\t\t\t\t<div class=\"elementor-widget-container\">\n\t\t\t\t\t\t\t\t<div class=\"elementor-text-editor elementor-clearfix\">\n\t\t\t\t<p class=\"elementor-image-box-description\">Chcesz, \u017ceby Tw\u00f3j film wygl\u0105da\u0142 wyj\u0105tkowo?<br \/>Niezale\u017cnie od tego, czy chcesz nagra\u0107 spokojny spot, czy potrzebujesz nagrania za p\u0119dz\u0105cym motocyklem, podo\u0142amy nawet i takiemu zadaniu!<br \/>Drony do zada\u0144 specjalnych budujemy od zera przez nas samych z klientem na uwadze.<br \/>Dla nas nie ma rzeczy niemo\u017cliwych!<o:p><\/o:p><\/p>\t\t\t\t\t<\/div>\n\t\t\t\t\t\t<\/div>\n\t\t\t\t<\/div>\n\t\t\t\t\t\t<\/div>\n\t\t\t\t\t<\/div>\n\t\t<\/div>\n\t\t\t\t<div class=\"elementor-column elementor-col-33 elementor-top-column elementor-element elementor-element-51d337b\" data-id=\"51d337b\" data-element_type=\"column\">\n\t\t\t<div class=\"elementor-column-wrap elementor-element-populated\">\n\t\t\t\t\t\t\t<div class=\"elementor-widget-wrap\">\n\t\t\t\t\t\t<div class=\"elementor-element elementor-element-92061fb elementor-invisible elementor-widget elementor-widget-image\" data-id=\"92061fb\" data-element_type=\"widget\" data-settings=\"{&quot;_animation&quot;:&quot;fadeInUp&quot;,&quot;_animation_delay&quot;:900}\" data-widget_type=\"image.default\">\n\t\t\t\t<div class=\"elementor-widget-container\">\n\t\t\t\t\t\t\t\t<div class=\"elementor-image\">\n\t\t\t\t\t\t\t\t\t\t\t\t\t<a href=\"https:\/\/psychostudio.pl\/index.php\/oferta\/fotografia\/\">\n\t\t\t\t\t\t\t<img width=\"750\" height=\"422\" src=\"https:\/\/psychostudio.pl\/wp-content\/uploads\/2018\/10\/IMG_4527-1000x562-Optimized.jpg\" class=\"elementor-animation-bob attachment-large size-large wp-image-415\" alt=\"\" loading=\"lazy\" srcset=\"https:\/\/psychostudio.pl\/wp-content\/uploads\/2018\/10\/IMG_4527-1000x562-Optimized.jpg 1000w, https:\/\/psychostudio.pl\/wp-content\/uploads\/2018\/10\/IMG_4527-1000x562-Optimized-300x169.jpg 300w, https:\/\/psychostudio.pl\/wp-content\/uploads\/2018\/10\/IMG_4527-1000x562-Optimized-768x432.jpg 768w\" sizes=\"(max-width: 750px) 100vw, 750px\" \/>\t\t\t\t\t\t\t\t<\/a>\n\t\t\t\t\t\t\t\t\t\t\t\t\t\t<\/div>\n\t\t\t\t\t\t<\/div>\n\t\t\t\t<\/div>\n\t\t\t\t<div class=\"elementor-element elementor-element-534f226 elementor-invisible elementor-widget elementor-widget-heading\" data-id=\"534f226\" data-element_type=\"widget\" data-settings=\"{&quot;_animation&quot;:&quot;fadeInUp&quot;,&quot;_animation_delay&quot;:1000}\" data-widget_type=\"heading.default\">\n\t\t\t\t<div class=\"elementor-widget-container\">\n\t\t\t<h2 class=\"elementor-heading-title elementor-size-default\"><a href=\"https:\/\/psychostudio.pl\/index.php\/oferta\/fotografia\/\">Fotografia<\/a><\/h2>\t\t<\/div>\n\t\t\t\t<\/div>\n\t\t\t\t<div class=\"elementor-element elementor-element-9d6afeb elementor-invisible elementor-widget elementor-widget-text-editor\" data-id=\"9d6afeb\" data-element_type=\"widget\" data-settings=\"{&quot;_animation&quot;:&quot;fadeInUp&quot;,&quot;_animation_delay&quot;:1100}\" data-widget_type=\"text-editor.default\">\n\t\t\t\t<div class=\"elementor-widget-container\">\n\t\t\t\t\t\t\t\t<div class=\"elementor-text-editor elementor-clearfix\">\n\t\t\t\t<p class=\"elementor-image-box-description\">Specjalizujemy si\u0119 w fotorelacjach sportowych oraz eventowych, ale nie boimy si\u0119 wyzwa\u0144!<br \/>Mo\u017ce chcesz poprawi\u0107 sprzeda\u017c swojego produktu, korzystaj\u0105c z naszych us\u0142ug w zakresie fotografii produktowej?<br \/>A mo\u017ce jeste\u015b influencerem i potrzebujesz materia\u0142\u00f3w na swoje social media?<br \/>Jeste\u015bmy tu dla Ciebie!<o:p><\/o:p><\/p>\t\t\t\t\t<\/div>\n\t\t\t\t\t\t<\/div>\n\t\t\t\t<\/div>\n\t\t\t\t\t\t<\/div>\n\t\t\t\t\t<\/div>\n\t\t<\/div>\n\t\t\t\t\t\t\t\t<\/div>\n\t\t\t\t\t<\/div>\n\t\t<\/section>\n\t\t\t\t<section class=\"elementor-section elementor-top-section elementor-element elementor-element-6e1a35a elementor-section-stretched elementor-section-boxed elementor-section-height-default elementor-section-height-default\" data-id=\"6e1a35a\" data-element_type=\"section\" data-settings=\"{&quot;stretch_section&quot;:&quot;section-stretched&quot;}\">\n\t\t\t\t\t\t<div class=\"elementor-container elementor-column-gap-default\">\n\t\t\t\t\t\t\t<div class=\"elementor-row\">\n\t\t\t\t\t<div class=\"elementor-column elementor-col-100 elementor-top-column elementor-element elementor-element-f8412f3\" data-id=\"f8412f3\" data-element_type=\"column\">\n\t\t\t<div class=\"elementor-column-wrap elementor-element-populated\">\n\t\t\t\t\t\t\t<div class=\"elementor-widget-wrap\">\n\t\t\t\t\t\t<section class=\"elementor-section elementor-inner-section elementor-element elementor-element-c0f53ba elementor-section-boxed elementor-section-height-default elementor-section-height-default\" data-id=\"c0f53ba\" data-element_type=\"section\">\n\t\t\t\t\t\t<div class=\"elementor-container elementor-column-gap-default\">\n\t\t\t\t\t\t\t<div class=\"elementor-row\">\n\t\t\t\t\t<div class=\"elementor-column elementor-col-66 elementor-inner-column elementor-element elementor-element-e13dbc1\" data-id=\"e13dbc1\" data-element_type=\"column\">\n\t\t\t<div class=\"elementor-column-wrap elementor-element-populated\">\n\t\t\t\t\t\t\t<div class=\"elementor-widget-wrap\">\n\t\t\t\t\t\t<div class=\"elementor-element elementor-element-970ada1 elementor-invisible elementor-widget elementor-widget-heading\" data-id=\"970ada1\" data-element_type=\"widget\" data-settings=\"{&quot;_animation&quot;:&quot;fadeInLeft&quot;,&quot;_animation_delay&quot;:700}\" data-widget_type=\"heading.default\">\n\t\t\t\t<div class=\"elementor-widget-container\">\n\t\t\t<h2 class=\"elementor-heading-title elementor-size-default\">O czym\u015b zapomnieli\u015bmy?<br>A mo\u017ce masz dla nas nowe wyzwanie?<\/h2>\t\t<\/div>\n\t\t\t\t<\/div>\n\t\t\t\t\t\t<\/div>\n\t\t\t\t\t<\/div>\n\t\t<\/div>\n\t\t\t\t<div class=\"elementor-column elementor-col-33 elementor-inner-column elementor-element elementor-element-7e5dfb9\" data-id=\"7e5dfb9\" data-element_type=\"column\">\n\t\t\t<div class=\"elementor-column-wrap elementor-element-populated\">\n\t\t\t\t\t\t\t<div class=\"elementor-widget-wrap\">\n\t\t\t\t\t\t<div class=\"elementor-element elementor-element-3f4fbd4 elementor-button-info elementor-align-center elementor-tablet-align-center elementor-invisible elementor-widget elementor-widget-button\" data-id=\"3f4fbd4\" data-element_type=\"widget\" data-settings=\"{&quot;_animation&quot;:&quot;fadeInRight&quot;,&quot;_animation_delay&quot;:1250}\" data-widget_type=\"button.default\">\n\t\t\t\t<div class=\"elementor-widget-container\">\n\t\t\t\t\t<div class=\"elementor-button-wrapper\">\n\t\t\t<a href=\"https:\/\/psychostudio.pl\/index.php\/kontakt\/\" class=\"elementor-button-link elementor-button elementor-size-xl elementor-animation-grow\" role=\"button\">\n\t\t\t\t\t\t<span class=\"elementor-button-content-wrapper\">\n\t\t\t\t\t\t<span class=\"elementor-button-text\">Skontaktuj si\u0119 z nami!<\/span>\n\t\t<\/span>\n\t\t\t\t\t<\/a>\n\t\t<\/div>\n\t\t\t\t<\/div>\n\t\t\t\t<\/div>\n\t\t\t\t\t\t<\/div>\n\t\t\t\t\t<\/div>\n\t\t<\/div>\n\t\t\t\t\t\t\t\t<\/div>\n\t\t\t\t\t<\/div>\n\t\t<\/section>\n\t\t\t\t\t\t<\/div>\n\t\t\t\t\t<\/div>\n\t\t<\/div>\n\t\t\t\t\t\t\t\t<\/div>\n\t\t\t\t\t<\/div>\n\t\t<\/section>\n\t\t\t\t\t\t\t\t\t<\/div>\n\t\t\t<\/div>\n\t\t\t\t\t<\/div>\n\t\t","protected":false},"excerpt":{"rendered":"<p>Film Potrzebujesz spot promuj\u0105cy swoj\u0105 firm\u0119 albo dynamiczny film z toru wy\u015bcigowego?A mo\u017ce potrzebna jednak b\u0119dzie relacja wideo Twojej imprezy?Dobrze trafi\u0142e\u015b! Realizacja z Powietrza Chcesz, \u017ceby Tw\u00f3j film wygl\u0105da\u0142 wyj\u0105tkowo?Niezale\u017cnie od tego, czy chcesz nagra\u0107 spokojny spot, czy potrzebujesz nagrania za p\u0119dz\u0105cym motocyklem, podo\u0142amy nawet i takiemu zadaniu!Drony do zada\u0144<a class=\"moretag\" href=\"https:\/\/psychostudio.pl\/index.php\/oferta\/\"> Czytaj wi\u0119cej<\/a><\/p>\n","protected":false},"author":1,"featured_media":577,"parent":0,"menu_order":0,"comment_status":"closed","ping_status":"closed","template":"","meta":[],"yoast_head":"<!-- This site is optimized with the Yoast SEO plugin v19.4 - https:\/\/yoast.com\/wordpress\/plugins\/seo\/ -->\n<title>Oferta - PsychoStudio<\/title>\n<meta name=\"robots\" content=\"index, follow, max-snippet:-1, max-image-preview:large, max-video-preview:-1\" \/>\n<link rel=\"canonical\" href=\"https:\/\/psychostudio.pl\/index.php\/oferta\/\" \/>\n<meta property=\"og:locale\" content=\"pl_PL\" \/>\n<meta property=\"og:type\" content=\"article\" \/>\n<meta property=\"og:title\" content=\"Oferta - PsychoStudio\" \/>\n<meta property=\"og:description\" content=\"Film Potrzebujesz spot promuj\u0105cy swoj\u0105 firm\u0119 albo dynamiczny film z toru wy\u015bcigowego?A mo\u017ce potrzebna jednak b\u0119dzie relacja wideo Twojej imprezy?Dobrze trafi\u0142e\u015b! Realizacja z Powietrza Chcesz, \u017ceby Tw\u00f3j film wygl\u0105da\u0142 wyj\u0105tkowo?Niezale\u017cnie od tego, czy chcesz nagra\u0107 spokojny spot, czy potrzebujesz nagrania za p\u0119dz\u0105cym motocyklem, podo\u0142amy nawet i takiemu zadaniu!Drony do zada\u0144 Czytaj wi\u0119cej\" \/>\n<meta property=\"og:url\" content=\"https:\/\/psychostudio.pl\/index.php\/oferta\/\" \/>\n<meta property=\"og:site_name\" content=\"PsychoStudio\" \/>\n<meta property=\"article:publisher\" content=\"https:\/\/www.facebook.com\/psychostudiocam\/\" \/>\n<meta property=\"article:modified_time\" content=\"2018-11-19T12:52:59+00:00\" \/>\n<meta property=\"og:image\" content=\"https:\/\/i2.wp.com\/psychostudio.pl\/wp-content\/uploads\/2018\/11\/t\u0142o-z-wieksza-ilo\u015bcia-zdje\u0107-4096x2304-Optimized-Blur.jpg?fit=4096%2C2304&ssl=1\" \/>\n\t<meta property=\"og:image:width\" content=\"4096\" \/>\n\t<meta property=\"og:image:height\" content=\"2304\" \/>\n\t<meta property=\"og:image:type\" content=\"image\/jpeg\" \/>\n<meta name=\"twitter:card\" content=\"summary_large_image\" \/>\n<meta name=\"twitter:label1\" content=\"Szacowany czas czytania\" \/>\n\t<meta name=\"twitter:data1\" content=\"1 minuta\" \/>\n<script type=\"application\/ld+json\" class=\"yoast-schema-graph\">{\"@context\":\"https:\/\/schema.org\",\"@graph\":[{\"@type\":\"Organization\",\"@id\":\"https:\/\/psychostudio.pl\/#organization\",\"name\":\"PsychoStudio\",\"url\":\"https:\/\/psychostudio.pl\/\",\"sameAs\":[\"https:\/\/www.instagram.com\/psychostudio_cam\/\",\"https:\/\/www.youtube.com\/channel\/UC2uVduW06Kb8pkXyqQX1hAg\",\"https:\/\/www.facebook.com\/psychostudiocam\/\"],\"logo\":{\"@type\":\"ImageObject\",\"inLanguage\":\"pl-PL\",\"@id\":\"https:\/\/psychostudio.pl\/#\/schema\/logo\/image\/\",\"url\":\"https:\/\/i0.wp.com\/psychostudio.pl\/wp-content\/uploads\/2018\/09\/PsYcHoSTUDIO.png?fit=500%2C500&ssl=1\",\"contentUrl\":\"https:\/\/i0.wp.com\/psychostudio.pl\/wp-content\/uploads\/2018\/09\/PsYcHoSTUDIO.png?fit=500%2C500&ssl=1\",\"width\":500,\"height\":500,\"caption\":\"PsychoStudio\"},\"image\":{\"@id\":\"https:\/\/psychostudio.pl\/#\/schema\/logo\/image\/\"}},{\"@type\":\"WebSite\",\"@id\":\"https:\/\/psychostudio.pl\/#website\",\"url\":\"https:\/\/psychostudio.pl\/\",\"name\":\"PsychoStudio\",\"description\":\"More than epic\",\"publisher\":{\"@id\":\"https:\/\/psychostudio.pl\/#organization\"},\"potentialAction\":[{\"@type\":\"SearchAction\",\"target\":{\"@type\":\"EntryPoint\",\"urlTemplate\":\"https:\/\/psychostudio.pl\/?s={search_term_string}\"},\"query-input\":\"required name=search_term_string\"}],\"inLanguage\":\"pl-PL\"},{\"@type\":\"WebPage\",\"@id\":\"https:\/\/psychostudio.pl\/index.php\/oferta\/\",\"url\":\"https:\/\/psychostudio.pl\/index.php\/oferta\/\",\"name\":\"Oferta - PsychoStudio\",\"isPartOf\":{\"@id\":\"https:\/\/psychostudio.pl\/#website\"},\"datePublished\":\"2018-09-30T18:44:51+00:00\",\"dateModified\":\"2018-11-19T12:52:59+00:00\",\"breadcrumb\":{\"@id\":\"https:\/\/psychostudio.pl\/index.php\/oferta\/#breadcrumb\"},\"inLanguage\":\"pl-PL\",\"potentialAction\":[{\"@type\":\"ReadAction\",\"target\":[\"https:\/\/psychostudio.pl\/index.php\/oferta\/\"]}]},{\"@type\":\"BreadcrumbList\",\"@id\":\"https:\/\/psychostudio.pl\/index.php\/oferta\/#breadcrumb\",\"itemListElement\":[{\"@type\":\"ListItem\",\"position\":1,\"name\":\"Strona g\u0142\u00f3wna\",\"item\":\"https:\/\/psychostudio.pl\/\"},{\"@type\":\"ListItem\",\"position\":2,\"name\":\"Oferta\"}]}]}<\/script>\n<!-- \/ Yoast SEO plugin. -->","yoast_head_json":{"title":"Oferta - PsychoStudio","robots":{"index":"index","follow":"follow","max-snippet":"max-snippet:-1","max-image-preview":"max-image-preview:large","max-video-preview":"max-video-preview:-1"},"canonical":"https:\/\/psychostudio.pl\/index.php\/oferta\/","og_locale":"pl_PL","og_type":"article","og_title":"Oferta - PsychoStudio","og_description":"Film Potrzebujesz spot promuj\u0105cy swoj\u0105 firm\u0119 albo dynamiczny film z toru wy\u015bcigowego?A mo\u017ce potrzebna jednak b\u0119dzie relacja wideo Twojej imprezy?Dobrze trafi\u0142e\u015b! Realizacja z Powietrza Chcesz, \u017ceby Tw\u00f3j film wygl\u0105da\u0142 wyj\u0105tkowo?Niezale\u017cnie od tego, czy chcesz nagra\u0107 spokojny spot, czy potrzebujesz nagrania za p\u0119dz\u0105cym motocyklem, podo\u0142amy nawet i takiemu zadaniu!Drony do zada\u0144 Czytaj wi\u0119cej","og_url":"https:\/\/psychostudio.pl\/index.php\/oferta\/","og_site_name":"PsychoStudio","article_publisher":"https:\/\/www.facebook.com\/psychostudiocam\/","article_modified_time":"2018-11-19T12:52:59+00:00","og_image":[{"width":4096,"height":2304,"url":"https:\/\/i2.wp.com\/psychostudio.pl\/wp-content\/uploads\/2018\/11\/t\u0142o-z-wieksza-ilo\u015bcia-zdje\u0107-4096x2304-Optimized-Blur.jpg?fit=4096%2C2304&ssl=1","type":"image\/jpeg"}],"twitter_card":"summary_large_image","twitter_misc":{"Szacowany czas czytania":"1 minuta"},"schema":{"@context":"https:\/\/schema.org","@graph":[{"@type":"Organization","@id":"https:\/\/psychostudio.pl\/#organization","name":"PsychoStudio","url":"https:\/\/psychostudio.pl\/","sameAs":["https:\/\/www.instagram.com\/psychostudio_cam\/","https:\/\/www.youtube.com\/channel\/UC2uVduW06Kb8pkXyqQX1hAg","https:\/\/www.facebook.com\/psychostudiocam\/"],"logo":{"@type":"ImageObject","inLanguage":"pl-PL","@id":"https:\/\/psychostudio.pl\/#\/schema\/logo\/image\/","url":"https:\/\/i0.wp.com\/psychostudio.pl\/wp-content\/uploads\/2018\/09\/PsYcHoSTUDIO.png?fit=500%2C500&ssl=1","contentUrl":"https:\/\/i0.wp.com\/psychostudio.pl\/wp-content\/uploads\/2018\/09\/PsYcHoSTUDIO.png?fit=500%2C500&ssl=1","width":500,"height":500,"caption":"PsychoStudio"},"image":{"@id":"https:\/\/psychostudio.pl\/#\/schema\/logo\/image\/"}},{"@type":"WebSite","@id":"https:\/\/psychostudio.pl\/#website","url":"https:\/\/psychostudio.pl\/","name":"PsychoStudio","description":"More than epic","publisher":{"@id":"https:\/\/psychostudio.pl\/#organization"},"potentialAction":[{"@type":"SearchAction","target":{"@type":"EntryPoint","urlTemplate":"https:\/\/psychostudio.pl\/?s={search_term_string}"},"query-input":"required name=search_term_string"}],"inLanguage":"pl-PL"},{"@type":"WebPage","@id":"https:\/\/psychostudio.pl\/index.php\/oferta\/","url":"https:\/\/psychostudio.pl\/index.php\/oferta\/","name":"Oferta - PsychoStudio","isPartOf":{"@id":"https:\/\/psychostudio.pl\/#website"},"datePublished":"2018-09-30T18:44:51+00:00","dateModified":"2018-11-19T12:52:59+00:00","breadcrumb":{"@id":"https:\/\/psychostudio.pl\/index.php\/oferta\/#breadcrumb"},"inLanguage":"pl-PL","potentialAction":[{"@type":"ReadAction","target":["https:\/\/psychostudio.pl\/index.php\/oferta\/"]}]},{"@type":"BreadcrumbList","@id":"https:\/\/psychostudio.pl\/index.php\/oferta\/#breadcrumb","itemListElement":[{"@type":"ListItem","position":1,"name":"Strona g\u0142\u00f3wna","item":"https:\/\/psychostudio.pl\/"},{"@type":"ListItem","position":2,"name":"Oferta"}]}]}},"_links":{"self":[{"href":"https:\/\/psychostudio.pl\/index.php\/wp-json\/wp\/v2\/pages\/62"}],"collection":[{"href":"https:\/\/psychostudio.pl\/index.php\/wp-json\/wp\/v2\/pages"}],"about":[{"href":"https:\/\/psychostudio.pl\/index.php\/wp-json\/wp\/v2\/types\/page"}],"author":[{"embeddable":true,"href":"https:\/\/psychostudio.pl\/index.php\/wp-json\/wp\/v2\/users\/1"}],"replies":[{"embeddable":true,"href":"https:\/\/psychostudio.pl\/index.php\/wp-json\/wp\/v2\/comments?post=62"}],"version-history":[{"count":28,"href":"https:\/\/psychostudio.pl\/index.php\/wp-json\/wp\/v2\/pages\/62\/revisions"}],"predecessor-version":[{"id":728,"href":"https:\/\/psychostudio.pl\/index.php\/wp-json\/wp\/v2\/pages\/62\/revisions\/728"}],"wp:featuredmedia":[{"embeddable":true,"href":"https:\/\/psychostudio.pl\/index.php\/wp-json\/wp\/v2\/media\/577"}],"wp:attachment":[{"href":"https:\/\/psychostudio.pl\/index.php\/wp-json\/wp\/v2\/media?parent=62"}],"curies":[{"name":"wp","href":"https:\/\/api.w.org\/{rel}","templated":true}]}}