{"id":401,"date":"2018-10-06T11:38:41","date_gmt":"2018-10-06T09:38:41","guid":{"rendered":"https:\/\/psychostudio.pl\/?page_id=401"},"modified":"2019-09-03T00:08:30","modified_gmt":"2019-09-02T22:08:30","slug":"realizacja-z-powietrza","status":"publish","type":"page","link":"https:\/\/psychostudio.pl\/index.php\/oferta\/realizacja-z-powietrza\/","title":{"rendered":"Realizacja z Powietrza"},"content":{"rendered":"\t\t<div data-elementor-type=\"wp-post\" data-elementor-id=\"401\" class=\"elementor elementor-401\">\n\t\t\t\t\t\t<div class=\"elementor-inner\">\n\t\t\t\t<div class=\"elementor-section-wrap\">\n\t\t\t\t\t\t\t\t\t<section class=\"elementor-section elementor-top-section elementor-element elementor-element-506c779 elementor-section-stretched elementor-section-boxed elementor-section-height-default elementor-section-height-default\" data-id=\"506c779\" data-element_type=\"section\" data-settings=\"{&quot;stretch_section&quot;:&quot;section-stretched&quot;}\">\n\t\t\t\t\t\t<div class=\"elementor-container elementor-column-gap-default\">\n\t\t\t\t\t\t\t<div class=\"elementor-row\">\n\t\t\t\t\t<div class=\"elementor-column elementor-col-33 elementor-top-column elementor-element elementor-element-e124d20\" data-id=\"e124d20\" data-element_type=\"column\">\n\t\t\t<div class=\"elementor-column-wrap elementor-element-populated\">\n\t\t\t\t\t\t\t<div class=\"elementor-widget-wrap\">\n\t\t\t\t\t\t<div class=\"elementor-element elementor-element-ef56cab elementor-invisible elementor-widget elementor-widget-image\" data-id=\"ef56cab\" data-element_type=\"widget\" data-settings=\"{&quot;_animation&quot;:&quot;fadeInLeft&quot;,&quot;_animation_delay&quot;:0}\" data-widget_type=\"image.default\">\n\t\t\t\t<div class=\"elementor-widget-container\">\n\t\t\t\t\t\t\t\t<div class=\"elementor-image\">\n\t\t\t\t\t\t\t\t\t\t\t\t<img width=\"750\" height=\"422\" src=\"https:\/\/psychostudio.pl\/wp-content\/uploads\/2018\/10\/IMG_1657-1000x562-Optimized.jpg\" class=\"attachment-large size-large wp-image-414\" alt=\"\" loading=\"lazy\" srcset=\"https:\/\/psychostudio.pl\/wp-content\/uploads\/2018\/10\/IMG_1657-1000x562-Optimized.jpg 1000w, https:\/\/psychostudio.pl\/wp-content\/uploads\/2018\/10\/IMG_1657-1000x562-Optimized-300x169.jpg 300w, https:\/\/psychostudio.pl\/wp-content\/uploads\/2018\/10\/IMG_1657-1000x562-Optimized-768x432.jpg 768w\" sizes=\"(max-width: 750px) 100vw, 750px\" \/>\t\t\t\t\t\t\t\t\t\t\t\t\t\t<\/div>\n\t\t\t\t\t\t<\/div>\n\t\t\t\t<\/div>\n\t\t\t\t\t\t<\/div>\n\t\t\t\t\t<\/div>\n\t\t<\/div>\n\t\t\t\t<div class=\"elementor-column elementor-col-66 elementor-top-column elementor-element elementor-element-b57b4f6\" data-id=\"b57b4f6\" data-element_type=\"column\">\n\t\t\t<div class=\"elementor-column-wrap elementor-element-populated\">\n\t\t\t\t\t\t\t<div class=\"elementor-widget-wrap\">\n\t\t\t\t\t\t<div class=\"elementor-element elementor-element-3553f62 elementor-invisible elementor-widget elementor-widget-text-editor\" data-id=\"3553f62\" data-element_type=\"widget\" data-settings=\"{&quot;_animation&quot;:&quot;fadeInRight&quot;,&quot;_animation_delay&quot;:250}\" data-widget_type=\"text-editor.default\">\n\t\t\t\t<div class=\"elementor-widget-container\">\n\t\t\t\t\t\t\t\t<div class=\"elementor-text-editor elementor-clearfix\">\n\t\t\t\t<p>W skr\u00f3cie\u2026<br \/><span style=\"font-size: inherit;\">Jeste\u015bmy JEDYNYM studiem filmowym w Polsce, kt\u00f3re TAK lata. <br \/>Nie m\u00f3wimy tu tylko o lataj\u0105cych platformach filmowych firmy DJi, kt\u00f3re spoczywaj\u0105 w naszym hangarze, ale o spersonalizowanych maszynach, kt\u00f3re przelec\u0105 przez najmniejsze szczeliny, b\u0119d\u0105 p\u0119dzi\u0107 za samochodami, motocyklami, razem ze snowboardzist\u0105 wykonaj\u0105 szereg ewolucji czy te\u017c polec\u0105 za paralotni\u0105.<br \/><\/span><\/p><p><span style=\"font-size: inherit;\">Nasze studio nie tylko kupuje, ale <b>sami budujemy<\/b> nasze maszyny, dzi\u0119ki czemu jeste\u015bmy w stanie wycisn\u0105\u0107 z nich 120% by dostarczy\u0107 zapieraj\u0105cy dech w piersiach materia\u0142 w postaci zdj\u0119\u0107 czy te\u017c video.<br \/>Posiadamy tak\u017ce wszelkie niezb\u0119dne licencje oraz certyfikaty lotnicze.<br \/>Nigdy jeszcze nie powiedzieli\u015bmy \u201eNie!\u201d na pytanie \u201eCzy dacie rad\u0119 to zrobi\u0107?\u201d.<br \/><\/span><\/p>\t\t\t\t\t<\/div>\n\t\t\t\t\t\t<\/div>\n\t\t\t\t<\/div>\n\t\t\t\t\t\t<\/div>\n\t\t\t\t\t<\/div>\n\t\t<\/div>\n\t\t\t\t\t\t\t\t<\/div>\n\t\t\t\t\t<\/div>\n\t\t<\/section>\n\t\t\t\t<section class=\"elementor-section elementor-top-section elementor-element elementor-element-2c30493 elementor-section-stretched elementor-section-boxed elementor-section-height-default elementor-section-height-default\" data-id=\"2c30493\" data-element_type=\"section\" data-settings=\"{&quot;stretch_section&quot;:&quot;section-stretched&quot;}\">\n\t\t\t\t\t\t<div class=\"elementor-container elementor-column-gap-default\">\n\t\t\t\t\t\t\t<div class=\"elementor-row\">\n\t\t\t\t\t<div class=\"elementor-column elementor-col-100 elementor-top-column elementor-element elementor-element-77811cb\" data-id=\"77811cb\" data-element_type=\"column\">\n\t\t\t<div class=\"elementor-column-wrap elementor-element-populated\">\n\t\t\t\t\t\t\t<div class=\"elementor-widget-wrap\">\n\t\t\t\t\t\t<div class=\"elementor-element elementor-element-d81fb8e elementor-invisible elementor-widget elementor-widget-toggle\" data-id=\"d81fb8e\" data-element_type=\"widget\" data-settings=\"{&quot;_animation&quot;:&quot;fadeInUp&quot;,&quot;_animation_delay&quot;:800}\" data-widget_type=\"toggle.default\">\n\t\t\t\t<div class=\"elementor-widget-container\">\n\t\t\t\t\t<div class=\"elementor-toggle\" role=\"tablist\">\n\t\t\t\t\t\t\t<div class=\"elementor-toggle-item\">\n\t\t\t\t\t<div id=\"elementor-tab-title-2261\" class=\"elementor-tab-title\" data-tab=\"1\" role=\"tab\" aria-controls=\"elementor-tab-content-2261\" aria-expanded=\"false\">\n\t\t\t\t\t\t\t\t\t\t\t\t<span class=\"elementor-toggle-icon elementor-toggle-icon-left\" aria-hidden=\"true\">\n\t\t\t\t\t\t\t\t\t\t\t\t\t\t\t<span class=\"elementor-toggle-icon-closed\"><i class=\"fas fa-caret-right\"><\/i><\/span>\n\t\t\t\t\t\t\t\t<span class=\"elementor-toggle-icon-opened\"><i class=\"elementor-toggle-icon-opened fas fa-caret-up\"><\/i><\/span>\n\t\t\t\t\t\t\t\t\t\t\t\t\t<\/span>\n\t\t\t\t\t\t\t\t\t\t\t\t<a href=\"\" class=\"elementor-toggle-title\">Cennik<\/a>\n\t\t\t\t\t<\/div>\n\n\t\t\t\t\t<div id=\"elementor-tab-content-2261\" class=\"elementor-tab-content elementor-clearfix\" data-tab=\"1\" role=\"tabpanel\" aria-labelledby=\"elementor-tab-title-2261\"><ul><li><strong>Lataj\u0105ce Platformy &#8211; Filmowanie<\/strong> (drony firmy DJi) \u2013 od 300z\u0142\u00a0netto<\/li><li><strong style=\"font-family: inherit;\">Rejestracja obrazu dronem wyczynowym<\/strong> \u2013 od 250z\u0142\u00a0netto<\/li><li><strong>Ca\u0142odniowa dyspozycyjno\u015b\u0107 operatora wyczynowego z osprz\u0119tem<\/strong> \u2013 od 1800z\u0142\u00a0netto<\/li><li><strong>Transmisja LIVE<\/strong>\u00a0(platforma DJi) \u2013 od 350z\u0142\/h\u00a0netto<\/li><\/ul><\/div>\n\t\t\t\t<\/div>\n\t\t\t\t\t\t\t\t<\/div>\n\t\t\t\t<\/div>\n\t\t\t\t<\/div>\n\t\t\t\t\t\t<\/div>\n\t\t\t\t\t<\/div>\n\t\t<\/div>\n\t\t\t\t\t\t\t\t<\/div>\n\t\t\t\t\t<\/div>\n\t\t<\/section>\n\t\t\t\t<section class=\"elementor-section elementor-top-section elementor-element elementor-element-bb49e2c elementor-section-stretched elementor-section-boxed elementor-section-height-default elementor-section-height-default\" data-id=\"bb49e2c\" data-element_type=\"section\" data-settings=\"{&quot;stretch_section&quot;:&quot;section-stretched&quot;}\">\n\t\t\t\t\t\t<div class=\"elementor-container elementor-column-gap-default\">\n\t\t\t\t\t\t\t<div class=\"elementor-row\">\n\t\t\t\t\t<div class=\"elementor-column elementor-col-100 elementor-top-column elementor-element elementor-element-7dd6817\" data-id=\"7dd6817\" data-element_type=\"column\">\n\t\t\t<div class=\"elementor-column-wrap elementor-element-populated\">\n\t\t\t\t\t\t\t<div class=\"elementor-widget-wrap\">\n\t\t\t\t\t\t<section class=\"elementor-section elementor-inner-section elementor-element elementor-element-cc01b9e elementor-section-boxed elementor-section-height-default elementor-section-height-default\" data-id=\"cc01b9e\" data-element_type=\"section\">\n\t\t\t\t\t\t<div class=\"elementor-container elementor-column-gap-default\">\n\t\t\t\t\t\t\t<div class=\"elementor-row\">\n\t\t\t\t\t<div class=\"elementor-column elementor-col-66 elementor-inner-column elementor-element elementor-element-034a696\" data-id=\"034a696\" data-element_type=\"column\">\n\t\t\t<div class=\"elementor-column-wrap elementor-element-populated\">\n\t\t\t\t\t\t\t<div class=\"elementor-widget-wrap\">\n\t\t\t\t\t\t<div class=\"elementor-element elementor-element-18c13c3 elementor-invisible elementor-widget elementor-widget-heading\" data-id=\"18c13c3\" data-element_type=\"widget\" data-settings=\"{&quot;_animation&quot;:&quot;fadeInUp&quot;,&quot;_animation_delay&quot;:1500}\" data-widget_type=\"heading.default\">\n\t\t\t\t<div class=\"elementor-widget-container\">\n\t\t\t<h2 class=\"elementor-heading-title elementor-size-default\">Czego\u015b nie wymienili\u015bmy?<br>Zapraszamy do kontaktu w celu przygotowania spersonalizowanej oferty.\n<\/h2>\t\t<\/div>\n\t\t\t\t<\/div>\n\t\t\t\t\t\t<\/div>\n\t\t\t\t\t<\/div>\n\t\t<\/div>\n\t\t\t\t<div class=\"elementor-column elementor-col-33 elementor-inner-column elementor-element elementor-element-2ea50b6\" data-id=\"2ea50b6\" data-element_type=\"column\">\n\t\t\t<div class=\"elementor-column-wrap elementor-element-populated\">\n\t\t\t\t\t\t\t<div class=\"elementor-widget-wrap\">\n\t\t\t\t\t\t<div class=\"elementor-element elementor-element-f7c9553 elementor-button-info elementor-align-center elementor-invisible elementor-widget elementor-widget-button\" data-id=\"f7c9553\" data-element_type=\"widget\" data-settings=\"{&quot;_animation&quot;:&quot;fadeInUp&quot;,&quot;_animation_delay&quot;:2000}\" data-widget_type=\"button.default\">\n\t\t\t\t<div class=\"elementor-widget-container\">\n\t\t\t\t\t<div class=\"elementor-button-wrapper\">\n\t\t\t<a href=\"https:\/\/psychostudio.pl\/index.php\/kontakt\/\" class=\"elementor-button-link elementor-button elementor-size-xl elementor-animation-grow\" role=\"button\">\n\t\t\t\t\t\t<span class=\"elementor-button-content-wrapper\">\n\t\t\t\t\t\t<span class=\"elementor-button-text\">Skontaktuj si\u0119 z nami!<\/span>\n\t\t<\/span>\n\t\t\t\t\t<\/a>\n\t\t<\/div>\n\t\t\t\t<\/div>\n\t\t\t\t<\/div>\n\t\t\t\t\t\t<\/div>\n\t\t\t\t\t<\/div>\n\t\t<\/div>\n\t\t\t\t\t\t\t\t<\/div>\n\t\t\t\t\t<\/div>\n\t\t<\/section>\n\t\t\t\t\t\t<\/div>\n\t\t\t\t\t<\/div>\n\t\t<\/div>\n\t\t\t\t\t\t\t\t<\/div>\n\t\t\t\t\t<\/div>\n\t\t<\/section>\n\t\t\t\t\t\t\t\t\t<\/div>\n\t\t\t<\/div>\n\t\t\t\t\t<\/div>\n\t\t","protected":false},"excerpt":{"rendered":"<p>W skr\u00f3cie\u2026Jeste\u015bmy JEDYNYM studiem filmowym w Polsce, kt\u00f3re TAK lata. Nie m\u00f3wimy tu tylko o lataj\u0105cych platformach filmowych firmy DJi, kt\u00f3re spoczywaj\u0105 w naszym hangarze, ale o spersonalizowanych maszynach, kt\u00f3re przelec\u0105 przez najmniejsze szczeliny, b\u0119d\u0105 p\u0119dzi\u0107 za samochodami, motocyklami, razem ze snowboardzist\u0105 wykonaj\u0105 szereg ewolucji czy te\u017c polec\u0105 za paralotni\u0105.<a class=\"moretag\" href=\"https:\/\/psychostudio.pl\/index.php\/oferta\/realizacja-z-powietrza\/\"> Czytaj wi\u0119cej<\/a><\/p>\n","protected":false},"author":1,"featured_media":431,"parent":62,"menu_order":0,"comment_status":"closed","ping_status":"closed","template":"","meta":[],"yoast_head":"<!-- This site is optimized with the Yoast SEO plugin v19.4 - https:\/\/yoast.com\/wordpress\/plugins\/seo\/ -->\n<title>Realizacja z Powietrza - PsychoStudio<\/title>\n<meta name=\"robots\" content=\"index, follow, max-snippet:-1, max-image-preview:large, max-video-preview:-1\" \/>\n<link rel=\"canonical\" href=\"https:\/\/psychostudio.pl\/index.php\/oferta\/realizacja-z-powietrza\/\" \/>\n<meta property=\"og:locale\" content=\"pl_PL\" \/>\n<meta property=\"og:type\" content=\"article\" \/>\n<meta property=\"og:title\" content=\"Realizacja z Powietrza - PsychoStudio\" \/>\n<meta property=\"og:description\" content=\"W skr\u00f3cie\u2026Jeste\u015bmy JEDYNYM studiem filmowym w Polsce, kt\u00f3re TAK lata. Nie m\u00f3wimy tu tylko o lataj\u0105cych platformach filmowych firmy DJi, kt\u00f3re spoczywaj\u0105 w naszym hangarze, ale o spersonalizowanych maszynach, kt\u00f3re przelec\u0105 przez najmniejsze szczeliny, b\u0119d\u0105 p\u0119dzi\u0107 za samochodami, motocyklami, razem ze snowboardzist\u0105 wykonaj\u0105 szereg ewolucji czy te\u017c polec\u0105 za paralotni\u0105. Czytaj wi\u0119cej\" \/>\n<meta property=\"og:url\" content=\"https:\/\/psychostudio.pl\/index.php\/oferta\/realizacja-z-powietrza\/\" \/>\n<meta property=\"og:site_name\" content=\"PsychoStudio\" \/>\n<meta property=\"article:publisher\" content=\"https:\/\/www.facebook.com\/psychostudiocam\/\" \/>\n<meta property=\"article:modified_time\" content=\"2019-09-02T22:08:30+00:00\" \/>\n<meta property=\"og:image\" content=\"https:\/\/i2.wp.com\/psychostudio.pl\/wp-content\/uploads\/2018\/10\/Banner-IMG_1657-1000x562-Optimized.jpg?fit=1000%2C562&ssl=1\" \/>\n\t<meta property=\"og:image:width\" content=\"1000\" \/>\n\t<meta property=\"og:image:height\" content=\"562\" \/>\n\t<meta property=\"og:image:type\" content=\"image\/jpeg\" \/>\n<meta name=\"twitter:card\" content=\"summary_large_image\" \/>\n<meta name=\"twitter:label1\" content=\"Szacowany czas czytania\" \/>\n\t<meta name=\"twitter:data1\" content=\"1 minuta\" \/>\n<script type=\"application\/ld+json\" class=\"yoast-schema-graph\">{\"@context\":\"https:\/\/schema.org\",\"@graph\":[{\"@type\":\"Organization\",\"@id\":\"https:\/\/psychostudio.pl\/#organization\",\"name\":\"PsychoStudio\",\"url\":\"https:\/\/psychostudio.pl\/\",\"sameAs\":[\"https:\/\/www.instagram.com\/psychostudio_cam\/\",\"https:\/\/www.youtube.com\/channel\/UC2uVduW06Kb8pkXyqQX1hAg\",\"https:\/\/www.facebook.com\/psychostudiocam\/\"],\"logo\":{\"@type\":\"ImageObject\",\"inLanguage\":\"pl-PL\",\"@id\":\"https:\/\/psychostudio.pl\/#\/schema\/logo\/image\/\",\"url\":\"https:\/\/i0.wp.com\/psychostudio.pl\/wp-content\/uploads\/2018\/09\/PsYcHoSTUDIO.png?fit=500%2C500&ssl=1\",\"contentUrl\":\"https:\/\/i0.wp.com\/psychostudio.pl\/wp-content\/uploads\/2018\/09\/PsYcHoSTUDIO.png?fit=500%2C500&ssl=1\",\"width\":500,\"height\":500,\"caption\":\"PsychoStudio\"},\"image\":{\"@id\":\"https:\/\/psychostudio.pl\/#\/schema\/logo\/image\/\"}},{\"@type\":\"WebSite\",\"@id\":\"https:\/\/psychostudio.pl\/#website\",\"url\":\"https:\/\/psychostudio.pl\/\",\"name\":\"PsychoStudio\",\"description\":\"More than epic\",\"publisher\":{\"@id\":\"https:\/\/psychostudio.pl\/#organization\"},\"potentialAction\":[{\"@type\":\"SearchAction\",\"target\":{\"@type\":\"EntryPoint\",\"urlTemplate\":\"https:\/\/psychostudio.pl\/?s={search_term_string}\"},\"query-input\":\"required name=search_term_string\"}],\"inLanguage\":\"pl-PL\"},{\"@type\":\"WebPage\",\"@id\":\"https:\/\/psychostudio.pl\/index.php\/oferta\/realizacja-z-powietrza\/\",\"url\":\"https:\/\/psychostudio.pl\/index.php\/oferta\/realizacja-z-powietrza\/\",\"name\":\"Realizacja z Powietrza - PsychoStudio\",\"isPartOf\":{\"@id\":\"https:\/\/psychostudio.pl\/#website\"},\"datePublished\":\"2018-10-06T09:38:41+00:00\",\"dateModified\":\"2019-09-02T22:08:30+00:00\",\"breadcrumb\":{\"@id\":\"https:\/\/psychostudio.pl\/index.php\/oferta\/realizacja-z-powietrza\/#breadcrumb\"},\"inLanguage\":\"pl-PL\",\"potentialAction\":[{\"@type\":\"ReadAction\",\"target\":[\"https:\/\/psychostudio.pl\/index.php\/oferta\/realizacja-z-powietrza\/\"]}]},{\"@type\":\"BreadcrumbList\",\"@id\":\"https:\/\/psychostudio.pl\/index.php\/oferta\/realizacja-z-powietrza\/#breadcrumb\",\"itemListElement\":[{\"@type\":\"ListItem\",\"position\":1,\"name\":\"Strona g\u0142\u00f3wna\",\"item\":\"https:\/\/psychostudio.pl\/\"},{\"@type\":\"ListItem\",\"position\":2,\"name\":\"Oferta\",\"item\":\"https:\/\/psychostudio.pl\/index.php\/oferta\/\"},{\"@type\":\"ListItem\",\"position\":3,\"name\":\"Realizacja z Powietrza\"}]}]}<\/script>\n<!-- \/ Yoast SEO plugin. -->","yoast_head_json":{"title":"Realizacja z Powietrza - PsychoStudio","robots":{"index":"index","follow":"follow","max-snippet":"max-snippet:-1","max-image-preview":"max-image-preview:large","max-video-preview":"max-video-preview:-1"},"canonical":"https:\/\/psychostudio.pl\/index.php\/oferta\/realizacja-z-powietrza\/","og_locale":"pl_PL","og_type":"article","og_title":"Realizacja z Powietrza - PsychoStudio","og_description":"W skr\u00f3cie\u2026Jeste\u015bmy JEDYNYM studiem filmowym w Polsce, kt\u00f3re TAK lata. Nie m\u00f3wimy tu tylko o lataj\u0105cych platformach filmowych firmy DJi, kt\u00f3re spoczywaj\u0105 w naszym hangarze, ale o spersonalizowanych maszynach, kt\u00f3re przelec\u0105 przez najmniejsze szczeliny, b\u0119d\u0105 p\u0119dzi\u0107 za samochodami, motocyklami, razem ze snowboardzist\u0105 wykonaj\u0105 szereg ewolucji czy te\u017c polec\u0105 za paralotni\u0105. Czytaj wi\u0119cej","og_url":"https:\/\/psychostudio.pl\/index.php\/oferta\/realizacja-z-powietrza\/","og_site_name":"PsychoStudio","article_publisher":"https:\/\/www.facebook.com\/psychostudiocam\/","article_modified_time":"2019-09-02T22:08:30+00:00","og_image":[{"width":1000,"height":562,"url":"https:\/\/i2.wp.com\/psychostudio.pl\/wp-content\/uploads\/2018\/10\/Banner-IMG_1657-1000x562-Optimized.jpg?fit=1000%2C562&ssl=1","type":"image\/jpeg"}],"twitter_card":"summary_large_image","twitter_misc":{"Szacowany czas czytania":"1 minuta"},"schema":{"@context":"https:\/\/schema.org","@graph":[{"@type":"Organization","@id":"https:\/\/psychostudio.pl\/#organization","name":"PsychoStudio","url":"https:\/\/psychostudio.pl\/","sameAs":["https:\/\/www.instagram.com\/psychostudio_cam\/","https:\/\/www.youtube.com\/channel\/UC2uVduW06Kb8pkXyqQX1hAg","https:\/\/www.facebook.com\/psychostudiocam\/"],"logo":{"@type":"ImageObject","inLanguage":"pl-PL","@id":"https:\/\/psychostudio.pl\/#\/schema\/logo\/image\/","url":"https:\/\/i0.wp.com\/psychostudio.pl\/wp-content\/uploads\/2018\/09\/PsYcHoSTUDIO.png?fit=500%2C500&ssl=1","contentUrl":"https:\/\/i0.wp.com\/psychostudio.pl\/wp-content\/uploads\/2018\/09\/PsYcHoSTUDIO.png?fit=500%2C500&ssl=1","width":500,"height":500,"caption":"PsychoStudio"},"image":{"@id":"https:\/\/psychostudio.pl\/#\/schema\/logo\/image\/"}},{"@type":"WebSite","@id":"https:\/\/psychostudio.pl\/#website","url":"https:\/\/psychostudio.pl\/","name":"PsychoStudio","description":"More than epic","publisher":{"@id":"https:\/\/psychostudio.pl\/#organization"},"potentialAction":[{"@type":"SearchAction","target":{"@type":"EntryPoint","urlTemplate":"https:\/\/psychostudio.pl\/?s={search_term_string}"},"query-input":"required name=search_term_string"}],"inLanguage":"pl-PL"},{"@type":"WebPage","@id":"https:\/\/psychostudio.pl\/index.php\/oferta\/realizacja-z-powietrza\/","url":"https:\/\/psychostudio.pl\/index.php\/oferta\/realizacja-z-powietrza\/","name":"Realizacja z Powietrza - PsychoStudio","isPartOf":{"@id":"https:\/\/psychostudio.pl\/#website"},"datePublished":"2018-10-06T09:38:41+00:00","dateModified":"2019-09-02T22:08:30+00:00","breadcrumb":{"@id":"https:\/\/psychostudio.pl\/index.php\/oferta\/realizacja-z-powietrza\/#breadcrumb"},"inLanguage":"pl-PL","potentialAction":[{"@type":"ReadAction","target":["https:\/\/psychostudio.pl\/index.php\/oferta\/realizacja-z-powietrza\/"]}]},{"@type":"BreadcrumbList","@id":"https:\/\/psychostudio.pl\/index.php\/oferta\/realizacja-z-powietrza\/#breadcrumb","itemListElement":[{"@type":"ListItem","position":1,"name":"Strona g\u0142\u00f3wna","item":"https:\/\/psychostudio.pl\/"},{"@type":"ListItem","position":2,"name":"Oferta","item":"https:\/\/psychostudio.pl\/index.php\/oferta\/"},{"@type":"ListItem","position":3,"name":"Realizacja z Powietrza"}]}]}},"_links":{"self":[{"href":"https:\/\/psychostudio.pl\/index.php\/wp-json\/wp\/v2\/pages\/401"}],"collection":[{"href":"https:\/\/psychostudio.pl\/index.php\/wp-json\/wp\/v2\/pages"}],"about":[{"href":"https:\/\/psychostudio.pl\/index.php\/wp-json\/wp\/v2\/types\/page"}],"author":[{"embeddable":true,"href":"https:\/\/psychostudio.pl\/index.php\/wp-json\/wp\/v2\/users\/1"}],"replies":[{"embeddable":true,"href":"https:\/\/psychostudio.pl\/index.php\/wp-json\/wp\/v2\/comments?post=401"}],"version-history":[{"count":14,"href":"https:\/\/psychostudio.pl\/index.php\/wp-json\/wp\/v2\/pages\/401\/revisions"}],"predecessor-version":[{"id":771,"href":"https:\/\/psychostudio.pl\/index.php\/wp-json\/wp\/v2\/pages\/401\/revisions\/771"}],"up":[{"embeddable":true,"href":"https:\/\/psychostudio.pl\/index.php\/wp-json\/wp\/v2\/pages\/62"}],"wp:featuredmedia":[{"embeddable":true,"href":"https:\/\/psychostudio.pl\/index.php\/wp-json\/wp\/v2\/media\/431"}],"wp:attachment":[{"href":"https:\/\/psychostudio.pl\/index.php\/wp-json\/wp\/v2\/media?parent=401"}],"curies":[{"name":"wp","href":"https:\/\/api.w.org\/{rel}","templated":true}]}}