{"id":399,"date":"2018-10-06T11:38:28","date_gmt":"2018-10-06T09:38:28","guid":{"rendered":"https:\/\/psychostudio.pl\/?page_id=399"},"modified":"2019-09-03T00:08:26","modified_gmt":"2019-09-02T22:08:26","slug":"film","status":"publish","type":"page","link":"https:\/\/psychostudio.pl\/index.php\/oferta\/film\/","title":{"rendered":"Film"},"content":{"rendered":"\t\t<div data-elementor-type=\"wp-post\" data-elementor-id=\"399\" class=\"elementor elementor-399\">\n\t\t\t\t\t\t<div class=\"elementor-inner\">\n\t\t\t\t<div class=\"elementor-section-wrap\">\n\t\t\t\t\t\t\t\t\t<section class=\"elementor-section elementor-top-section elementor-element elementor-element-ec2c18d elementor-section-stretched elementor-section-boxed elementor-section-height-default elementor-section-height-default\" data-id=\"ec2c18d\" data-element_type=\"section\" data-settings=\"{&quot;stretch_section&quot;:&quot;section-stretched&quot;}\">\n\t\t\t\t\t\t<div class=\"elementor-container elementor-column-gap-default\">\n\t\t\t\t\t\t\t<div class=\"elementor-row\">\n\t\t\t\t\t<div class=\"elementor-column elementor-col-33 elementor-top-column elementor-element elementor-element-bc0f822\" data-id=\"bc0f822\" data-element_type=\"column\">\n\t\t\t<div class=\"elementor-column-wrap elementor-element-populated\">\n\t\t\t\t\t\t\t<div class=\"elementor-widget-wrap\">\n\t\t\t\t\t\t<div class=\"elementor-element elementor-element-c04545c elementor-invisible elementor-widget elementor-widget-image\" data-id=\"c04545c\" data-element_type=\"widget\" data-settings=\"{&quot;_animation&quot;:&quot;fadeInLeft&quot;,&quot;_animation_delay&quot;:0}\" data-widget_type=\"image.default\">\n\t\t\t\t<div class=\"elementor-widget-container\">\n\t\t\t\t\t\t\t\t<div class=\"elementor-image\">\n\t\t\t\t\t\t\t\t\t\t\t\t<img width=\"750\" height=\"422\" src=\"https:\/\/psychostudio.pl\/wp-content\/uploads\/2018\/10\/IMG_5194-1000x562-Optimized.jpg\" class=\"attachment-large size-large wp-image-413\" alt=\"\" loading=\"lazy\" srcset=\"https:\/\/psychostudio.pl\/wp-content\/uploads\/2018\/10\/IMG_5194-1000x562-Optimized.jpg 1000w, https:\/\/psychostudio.pl\/wp-content\/uploads\/2018\/10\/IMG_5194-1000x562-Optimized-300x169.jpg 300w, https:\/\/psychostudio.pl\/wp-content\/uploads\/2018\/10\/IMG_5194-1000x562-Optimized-768x432.jpg 768w\" sizes=\"(max-width: 750px) 100vw, 750px\" \/>\t\t\t\t\t\t\t\t\t\t\t\t\t\t<\/div>\n\t\t\t\t\t\t<\/div>\n\t\t\t\t<\/div>\n\t\t\t\t\t\t<\/div>\n\t\t\t\t\t<\/div>\n\t\t<\/div>\n\t\t\t\t<div class=\"elementor-column elementor-col-66 elementor-top-column elementor-element elementor-element-24fd248\" data-id=\"24fd248\" data-element_type=\"column\">\n\t\t\t<div class=\"elementor-column-wrap elementor-element-populated\">\n\t\t\t\t\t\t\t<div class=\"elementor-widget-wrap\">\n\t\t\t\t\t\t<div class=\"elementor-element elementor-element-f6a4c88 elementor-invisible elementor-widget elementor-widget-text-editor\" data-id=\"f6a4c88\" data-element_type=\"widget\" data-settings=\"{&quot;_animation&quot;:&quot;fadeInRight&quot;,&quot;_animation_delay&quot;:250}\" data-widget_type=\"text-editor.default\">\n\t\t\t\t<div class=\"elementor-widget-container\">\n\t\t\t\t\t\t\t\t<div class=\"elementor-text-editor elementor-clearfix\">\n\t\t\t\t<p>Od film\u00f3w wszystko si\u0119 zacz\u0119\u0142o wi\u0119c mo\u017cna powiedzie\u0107, \u017ce w tym zakresie mamy najwi\u0119ksze pole do popisu je\u015bli chodzi o mo\u017cliwo\u015bci sprz\u0119towe, ilo\u015b\u0107 zaanga\u017cowanych os\u00f3b z zespo\u0142u oraz do\u015bwiadczenie.\u00a0<\/p><p><span style=\"font-size: inherit;\">Wysokiej klasy sprz\u0119t filmowy pozwalaj\u0105cy na rejestracj\u0119 obrazu w jako\u015bci kinowej 4K, w ci\u0119\u017ckich warunkach, w Slow Motion oraz nadawanie obrazu Live bezpo\u015brednio na telebimy czy te\u017c prosto na media spo\u0142eczno\u015bciowe.<\/span><\/p><p>Kilkuosobowy zesp\u00f3\u0142, wielozadaniowy sprz\u0119t, wieloletnie do\u015bwiadczenie, czego chcie\u0107 wi\u0119cej?<\/p>\t\t\t\t\t<\/div>\n\t\t\t\t\t\t<\/div>\n\t\t\t\t<\/div>\n\t\t\t\t\t\t<\/div>\n\t\t\t\t\t<\/div>\n\t\t<\/div>\n\t\t\t\t\t\t\t\t<\/div>\n\t\t\t\t\t<\/div>\n\t\t<\/section>\n\t\t\t\t<section class=\"elementor-section elementor-top-section elementor-element elementor-element-1b7d8ba elementor-section-stretched elementor-section-boxed elementor-section-height-default elementor-section-height-default\" data-id=\"1b7d8ba\" data-element_type=\"section\" data-settings=\"{&quot;stretch_section&quot;:&quot;section-stretched&quot;}\">\n\t\t\t\t\t\t<div class=\"elementor-container elementor-column-gap-default\">\n\t\t\t\t\t\t\t<div class=\"elementor-row\">\n\t\t\t\t\t<div class=\"elementor-column elementor-col-100 elementor-top-column elementor-element elementor-element-f45df86\" data-id=\"f45df86\" data-element_type=\"column\">\n\t\t\t<div class=\"elementor-column-wrap elementor-element-populated\">\n\t\t\t\t\t\t\t<div class=\"elementor-widget-wrap\">\n\t\t\t\t\t\t<div class=\"elementor-element elementor-element-3883b6b elementor-invisible elementor-widget elementor-widget-toggle\" data-id=\"3883b6b\" data-element_type=\"widget\" data-settings=\"{&quot;_animation&quot;:&quot;fadeInUp&quot;,&quot;_animation_delay&quot;:800}\" data-widget_type=\"toggle.default\">\n\t\t\t\t<div class=\"elementor-widget-container\">\n\t\t\t\t\t<div class=\"elementor-toggle\" role=\"tablist\">\n\t\t\t\t\t\t\t<div class=\"elementor-toggle-item\">\n\t\t\t\t\t<div id=\"elementor-tab-title-5921\" class=\"elementor-tab-title\" data-tab=\"1\" role=\"tab\" aria-controls=\"elementor-tab-content-5921\" aria-expanded=\"false\">\n\t\t\t\t\t\t\t\t\t\t\t\t<span class=\"elementor-toggle-icon elementor-toggle-icon-left\" aria-hidden=\"true\">\n\t\t\t\t\t\t\t\t\t\t\t\t\t\t\t<span class=\"elementor-toggle-icon-closed\"><i class=\"fas fa-caret-right\"><\/i><\/span>\n\t\t\t\t\t\t\t\t<span class=\"elementor-toggle-icon-opened\"><i class=\"elementor-toggle-icon-opened fas fa-caret-up\"><\/i><\/span>\n\t\t\t\t\t\t\t\t\t\t\t\t\t<\/span>\n\t\t\t\t\t\t\t\t\t\t\t\t<a href=\"\" class=\"elementor-toggle-title\">Cennik<\/a>\n\t\t\t\t\t<\/div>\n\n\t\t\t\t\t<div id=\"elementor-tab-content-5921\" class=\"elementor-tab-content elementor-clearfix\" data-tab=\"1\" role=\"tabpanel\" aria-labelledby=\"elementor-tab-title-5921\"><ul><li><strong>Film promocyjny z podk\u0142adem muzycznym oraz dialogami do 5 minut<\/strong> \u2013 od 850z\u0142 netto<\/li><li><strong>Film promocyjny z podk\u0142adem muzycznym oraz dialogami do 10 minut<\/strong> \u2013 od 1200z\u0142\u00a0netto<\/li><li><strong>Film promocyjny z podk\u0142adem muzycznym oraz dialogami o d\u0142ugo\u015bci 10-15minut<\/strong> &#8211; od 1800z\u0142\u00a0netto<\/li><li><strong>Spot Filmowy z podk\u0142adem muzycznym do 2 minut<\/strong> \u2013 od 700z\u0142\u00a0netto<\/li><li><strong>Spot filmowy z podk\u0142adem muzycznym do 5 minut<\/strong> \u2013 od 950z\u0142\u00a0netto<\/li><\/ul><\/div>\n\t\t\t\t<\/div>\n\t\t\t\t\t\t\t\t<\/div>\n\t\t\t\t<\/div>\n\t\t\t\t<\/div>\n\t\t\t\t\t\t<\/div>\n\t\t\t\t\t<\/div>\n\t\t<\/div>\n\t\t\t\t\t\t\t\t<\/div>\n\t\t\t\t\t<\/div>\n\t\t<\/section>\n\t\t\t\t<section class=\"elementor-section elementor-top-section elementor-element elementor-element-5b37b7f elementor-section-stretched elementor-section-boxed elementor-section-height-default elementor-section-height-default\" data-id=\"5b37b7f\" data-element_type=\"section\" data-settings=\"{&quot;stretch_section&quot;:&quot;section-stretched&quot;}\">\n\t\t\t\t\t\t<div class=\"elementor-container elementor-column-gap-default\">\n\t\t\t\t\t\t\t<div class=\"elementor-row\">\n\t\t\t\t\t<div class=\"elementor-column elementor-col-100 elementor-top-column elementor-element elementor-element-2655155\" data-id=\"2655155\" data-element_type=\"column\">\n\t\t\t<div class=\"elementor-column-wrap elementor-element-populated\">\n\t\t\t\t\t\t\t<div class=\"elementor-widget-wrap\">\n\t\t\t\t\t\t<section class=\"elementor-section elementor-inner-section elementor-element elementor-element-9149207 elementor-section-boxed elementor-section-height-default elementor-section-height-default\" data-id=\"9149207\" data-element_type=\"section\">\n\t\t\t\t\t\t<div class=\"elementor-container elementor-column-gap-default\">\n\t\t\t\t\t\t\t<div class=\"elementor-row\">\n\t\t\t\t\t<div class=\"elementor-column elementor-col-66 elementor-inner-column elementor-element elementor-element-6e27a20\" data-id=\"6e27a20\" data-element_type=\"column\">\n\t\t\t<div class=\"elementor-column-wrap elementor-element-populated\">\n\t\t\t\t\t\t\t<div class=\"elementor-widget-wrap\">\n\t\t\t\t\t\t<div class=\"elementor-element elementor-element-7d2fa94 elementor-invisible elementor-widget elementor-widget-heading\" data-id=\"7d2fa94\" data-element_type=\"widget\" data-settings=\"{&quot;_animation&quot;:&quot;fadeInUp&quot;,&quot;_animation_delay&quot;:1500}\" data-widget_type=\"heading.default\">\n\t\t\t\t<div class=\"elementor-widget-container\">\n\t\t\t<h2 class=\"elementor-heading-title elementor-size-default\">Czego\u015b nie wymienili\u015bmy?<br>Zapraszamy do kontaktu w celu przygotowania spersonalizowanej oferty.\n<\/h2>\t\t<\/div>\n\t\t\t\t<\/div>\n\t\t\t\t\t\t<\/div>\n\t\t\t\t\t<\/div>\n\t\t<\/div>\n\t\t\t\t<div class=\"elementor-column elementor-col-33 elementor-inner-column elementor-element elementor-element-a26eaac\" data-id=\"a26eaac\" data-element_type=\"column\">\n\t\t\t<div class=\"elementor-column-wrap elementor-element-populated\">\n\t\t\t\t\t\t\t<div class=\"elementor-widget-wrap\">\n\t\t\t\t\t\t<div class=\"elementor-element elementor-element-ebc66a4 elementor-button-info elementor-align-center elementor-mobile-align-center elementor-invisible elementor-widget elementor-widget-button\" data-id=\"ebc66a4\" data-element_type=\"widget\" data-settings=\"{&quot;_animation&quot;:&quot;fadeInUp&quot;,&quot;_animation_delay&quot;:2000}\" data-widget_type=\"button.default\">\n\t\t\t\t<div class=\"elementor-widget-container\">\n\t\t\t\t\t<div class=\"elementor-button-wrapper\">\n\t\t\t<a href=\"https:\/\/psychostudio.pl\/index.php\/kontakt\/\" class=\"elementor-button-link elementor-button elementor-size-xl elementor-animation-grow\" role=\"button\">\n\t\t\t\t\t\t<span class=\"elementor-button-content-wrapper\">\n\t\t\t\t\t\t<span class=\"elementor-button-text\">Skontaktuj si\u0119 z nami!<\/span>\n\t\t<\/span>\n\t\t\t\t\t<\/a>\n\t\t<\/div>\n\t\t\t\t<\/div>\n\t\t\t\t<\/div>\n\t\t\t\t\t\t<\/div>\n\t\t\t\t\t<\/div>\n\t\t<\/div>\n\t\t\t\t\t\t\t\t<\/div>\n\t\t\t\t\t<\/div>\n\t\t<\/section>\n\t\t\t\t\t\t<\/div>\n\t\t\t\t\t<\/div>\n\t\t<\/div>\n\t\t\t\t\t\t\t\t<\/div>\n\t\t\t\t\t<\/div>\n\t\t<\/section>\n\t\t\t\t\t\t\t\t\t<\/div>\n\t\t\t<\/div>\n\t\t\t\t\t<\/div>\n\t\t","protected":false},"excerpt":{"rendered":"<p>Od film\u00f3w wszystko si\u0119 zacz\u0119\u0142o wi\u0119c mo\u017cna powiedzie\u0107, \u017ce w tym zakresie mamy najwi\u0119ksze pole do popisu je\u015bli chodzi o mo\u017cliwo\u015bci sprz\u0119towe, ilo\u015b\u0107 zaanga\u017cowanych os\u00f3b z zespo\u0142u oraz do\u015bwiadczenie.\u00a0 Wysokiej klasy sprz\u0119t filmowy pozwalaj\u0105cy na rejestracj\u0119 obrazu w jako\u015bci kinowej 4K, w ci\u0119\u017ckich warunkach, w Slow Motion oraz nadawanie obrazu<a class=\"moretag\" href=\"https:\/\/psychostudio.pl\/index.php\/oferta\/film\/\"> Czytaj wi\u0119cej<\/a><\/p>\n","protected":false},"author":1,"featured_media":433,"parent":62,"menu_order":0,"comment_status":"closed","ping_status":"closed","template":"","meta":[],"yoast_head":"<!-- This site is optimized with the Yoast SEO plugin v19.4 - https:\/\/yoast.com\/wordpress\/plugins\/seo\/ -->\n<title>Film - PsychoStudio<\/title>\n<meta name=\"robots\" content=\"index, follow, max-snippet:-1, max-image-preview:large, max-video-preview:-1\" \/>\n<link rel=\"canonical\" href=\"https:\/\/psychostudio.pl\/index.php\/oferta\/film\/\" \/>\n<meta property=\"og:locale\" content=\"pl_PL\" \/>\n<meta property=\"og:type\" content=\"article\" \/>\n<meta property=\"og:title\" content=\"Film - PsychoStudio\" \/>\n<meta property=\"og:description\" content=\"Od film\u00f3w wszystko si\u0119 zacz\u0119\u0142o wi\u0119c mo\u017cna powiedzie\u0107, \u017ce w tym zakresie mamy najwi\u0119ksze pole do popisu je\u015bli chodzi o mo\u017cliwo\u015bci sprz\u0119towe, ilo\u015b\u0107 zaanga\u017cowanych os\u00f3b z zespo\u0142u oraz do\u015bwiadczenie.\u00a0 Wysokiej klasy sprz\u0119t filmowy pozwalaj\u0105cy na rejestracj\u0119 obrazu w jako\u015bci kinowej 4K, w ci\u0119\u017ckich warunkach, w Slow Motion oraz nadawanie obrazu Czytaj wi\u0119cej\" \/>\n<meta property=\"og:url\" content=\"https:\/\/psychostudio.pl\/index.php\/oferta\/film\/\" \/>\n<meta property=\"og:site_name\" content=\"PsychoStudio\" \/>\n<meta property=\"article:publisher\" content=\"https:\/\/www.facebook.com\/psychostudiocam\/\" \/>\n<meta property=\"article:modified_time\" content=\"2019-09-02T22:08:26+00:00\" \/>\n<meta property=\"og:image\" content=\"https:\/\/i1.wp.com\/psychostudio.pl\/wp-content\/uploads\/2018\/10\/Banner-IMG_5194-1000x562-Optimized.jpg?fit=1000%2C562&ssl=1\" \/>\n\t<meta property=\"og:image:width\" content=\"1000\" \/>\n\t<meta property=\"og:image:height\" content=\"562\" \/>\n\t<meta property=\"og:image:type\" content=\"image\/jpeg\" \/>\n<meta name=\"twitter:card\" content=\"summary_large_image\" \/>\n<meta name=\"twitter:label1\" content=\"Szacowany czas czytania\" \/>\n\t<meta name=\"twitter:data1\" content=\"1 minuta\" \/>\n<script type=\"application\/ld+json\" class=\"yoast-schema-graph\">{\"@context\":\"https:\/\/schema.org\",\"@graph\":[{\"@type\":\"Organization\",\"@id\":\"https:\/\/psychostudio.pl\/#organization\",\"name\":\"PsychoStudio\",\"url\":\"https:\/\/psychostudio.pl\/\",\"sameAs\":[\"https:\/\/www.instagram.com\/psychostudio_cam\/\",\"https:\/\/www.youtube.com\/channel\/UC2uVduW06Kb8pkXyqQX1hAg\",\"https:\/\/www.facebook.com\/psychostudiocam\/\"],\"logo\":{\"@type\":\"ImageObject\",\"inLanguage\":\"pl-PL\",\"@id\":\"https:\/\/psychostudio.pl\/#\/schema\/logo\/image\/\",\"url\":\"https:\/\/i0.wp.com\/psychostudio.pl\/wp-content\/uploads\/2018\/09\/PsYcHoSTUDIO.png?fit=500%2C500&ssl=1\",\"contentUrl\":\"https:\/\/i0.wp.com\/psychostudio.pl\/wp-content\/uploads\/2018\/09\/PsYcHoSTUDIO.png?fit=500%2C500&ssl=1\",\"width\":500,\"height\":500,\"caption\":\"PsychoStudio\"},\"image\":{\"@id\":\"https:\/\/psychostudio.pl\/#\/schema\/logo\/image\/\"}},{\"@type\":\"WebSite\",\"@id\":\"https:\/\/psychostudio.pl\/#website\",\"url\":\"https:\/\/psychostudio.pl\/\",\"name\":\"PsychoStudio\",\"description\":\"More than epic\",\"publisher\":{\"@id\":\"https:\/\/psychostudio.pl\/#organization\"},\"potentialAction\":[{\"@type\":\"SearchAction\",\"target\":{\"@type\":\"EntryPoint\",\"urlTemplate\":\"https:\/\/psychostudio.pl\/?s={search_term_string}\"},\"query-input\":\"required name=search_term_string\"}],\"inLanguage\":\"pl-PL\"},{\"@type\":\"WebPage\",\"@id\":\"https:\/\/psychostudio.pl\/index.php\/oferta\/film\/\",\"url\":\"https:\/\/psychostudio.pl\/index.php\/oferta\/film\/\",\"name\":\"Film - PsychoStudio\",\"isPartOf\":{\"@id\":\"https:\/\/psychostudio.pl\/#website\"},\"datePublished\":\"2018-10-06T09:38:28+00:00\",\"dateModified\":\"2019-09-02T22:08:26+00:00\",\"breadcrumb\":{\"@id\":\"https:\/\/psychostudio.pl\/index.php\/oferta\/film\/#breadcrumb\"},\"inLanguage\":\"pl-PL\",\"potentialAction\":[{\"@type\":\"ReadAction\",\"target\":[\"https:\/\/psychostudio.pl\/index.php\/oferta\/film\/\"]}]},{\"@type\":\"BreadcrumbList\",\"@id\":\"https:\/\/psychostudio.pl\/index.php\/oferta\/film\/#breadcrumb\",\"itemListElement\":[{\"@type\":\"ListItem\",\"position\":1,\"name\":\"Strona g\u0142\u00f3wna\",\"item\":\"https:\/\/psychostudio.pl\/\"},{\"@type\":\"ListItem\",\"position\":2,\"name\":\"Oferta\",\"item\":\"https:\/\/psychostudio.pl\/index.php\/oferta\/\"},{\"@type\":\"ListItem\",\"position\":3,\"name\":\"Film\"}]}]}<\/script>\n<!-- \/ Yoast SEO plugin. -->","yoast_head_json":{"title":"Film - PsychoStudio","robots":{"index":"index","follow":"follow","max-snippet":"max-snippet:-1","max-image-preview":"max-image-preview:large","max-video-preview":"max-video-preview:-1"},"canonical":"https:\/\/psychostudio.pl\/index.php\/oferta\/film\/","og_locale":"pl_PL","og_type":"article","og_title":"Film - PsychoStudio","og_description":"Od film\u00f3w wszystko si\u0119 zacz\u0119\u0142o wi\u0119c mo\u017cna powiedzie\u0107, \u017ce w tym zakresie mamy najwi\u0119ksze pole do popisu je\u015bli chodzi o mo\u017cliwo\u015bci sprz\u0119towe, ilo\u015b\u0107 zaanga\u017cowanych os\u00f3b z zespo\u0142u oraz do\u015bwiadczenie.\u00a0 Wysokiej klasy sprz\u0119t filmowy pozwalaj\u0105cy na rejestracj\u0119 obrazu w jako\u015bci kinowej 4K, w ci\u0119\u017ckich warunkach, w Slow Motion oraz nadawanie obrazu Czytaj wi\u0119cej","og_url":"https:\/\/psychostudio.pl\/index.php\/oferta\/film\/","og_site_name":"PsychoStudio","article_publisher":"https:\/\/www.facebook.com\/psychostudiocam\/","article_modified_time":"2019-09-02T22:08:26+00:00","og_image":[{"width":1000,"height":562,"url":"https:\/\/i1.wp.com\/psychostudio.pl\/wp-content\/uploads\/2018\/10\/Banner-IMG_5194-1000x562-Optimized.jpg?fit=1000%2C562&ssl=1","type":"image\/jpeg"}],"twitter_card":"summary_large_image","twitter_misc":{"Szacowany czas czytania":"1 minuta"},"schema":{"@context":"https:\/\/schema.org","@graph":[{"@type":"Organization","@id":"https:\/\/psychostudio.pl\/#organization","name":"PsychoStudio","url":"https:\/\/psychostudio.pl\/","sameAs":["https:\/\/www.instagram.com\/psychostudio_cam\/","https:\/\/www.youtube.com\/channel\/UC2uVduW06Kb8pkXyqQX1hAg","https:\/\/www.facebook.com\/psychostudiocam\/"],"logo":{"@type":"ImageObject","inLanguage":"pl-PL","@id":"https:\/\/psychostudio.pl\/#\/schema\/logo\/image\/","url":"https:\/\/i0.wp.com\/psychostudio.pl\/wp-content\/uploads\/2018\/09\/PsYcHoSTUDIO.png?fit=500%2C500&ssl=1","contentUrl":"https:\/\/i0.wp.com\/psychostudio.pl\/wp-content\/uploads\/2018\/09\/PsYcHoSTUDIO.png?fit=500%2C500&ssl=1","width":500,"height":500,"caption":"PsychoStudio"},"image":{"@id":"https:\/\/psychostudio.pl\/#\/schema\/logo\/image\/"}},{"@type":"WebSite","@id":"https:\/\/psychostudio.pl\/#website","url":"https:\/\/psychostudio.pl\/","name":"PsychoStudio","description":"More than epic","publisher":{"@id":"https:\/\/psychostudio.pl\/#organization"},"potentialAction":[{"@type":"SearchAction","target":{"@type":"EntryPoint","urlTemplate":"https:\/\/psychostudio.pl\/?s={search_term_string}"},"query-input":"required name=search_term_string"}],"inLanguage":"pl-PL"},{"@type":"WebPage","@id":"https:\/\/psychostudio.pl\/index.php\/oferta\/film\/","url":"https:\/\/psychostudio.pl\/index.php\/oferta\/film\/","name":"Film - PsychoStudio","isPartOf":{"@id":"https:\/\/psychostudio.pl\/#website"},"datePublished":"2018-10-06T09:38:28+00:00","dateModified":"2019-09-02T22:08:26+00:00","breadcrumb":{"@id":"https:\/\/psychostudio.pl\/index.php\/oferta\/film\/#breadcrumb"},"inLanguage":"pl-PL","potentialAction":[{"@type":"ReadAction","target":["https:\/\/psychostudio.pl\/index.php\/oferta\/film\/"]}]},{"@type":"BreadcrumbList","@id":"https:\/\/psychostudio.pl\/index.php\/oferta\/film\/#breadcrumb","itemListElement":[{"@type":"ListItem","position":1,"name":"Strona g\u0142\u00f3wna","item":"https:\/\/psychostudio.pl\/"},{"@type":"ListItem","position":2,"name":"Oferta","item":"https:\/\/psychostudio.pl\/index.php\/oferta\/"},{"@type":"ListItem","position":3,"name":"Film"}]}]}},"_links":{"self":[{"href":"https:\/\/psychostudio.pl\/index.php\/wp-json\/wp\/v2\/pages\/399"}],"collection":[{"href":"https:\/\/psychostudio.pl\/index.php\/wp-json\/wp\/v2\/pages"}],"about":[{"href":"https:\/\/psychostudio.pl\/index.php\/wp-json\/wp\/v2\/types\/page"}],"author":[{"embeddable":true,"href":"https:\/\/psychostudio.pl\/index.php\/wp-json\/wp\/v2\/users\/1"}],"replies":[{"embeddable":true,"href":"https:\/\/psychostudio.pl\/index.php\/wp-json\/wp\/v2\/comments?post=399"}],"version-history":[{"count":18,"href":"https:\/\/psychostudio.pl\/index.php\/wp-json\/wp\/v2\/pages\/399\/revisions"}],"predecessor-version":[{"id":768,"href":"https:\/\/psychostudio.pl\/index.php\/wp-json\/wp\/v2\/pages\/399\/revisions\/768"}],"up":[{"embeddable":true,"href":"https:\/\/psychostudio.pl\/index.php\/wp-json\/wp\/v2\/pages\/62"}],"wp:featuredmedia":[{"embeddable":true,"href":"https:\/\/psychostudio.pl\/index.php\/wp-json\/wp\/v2\/media\/433"}],"wp:attachment":[{"href":"https:\/\/psychostudio.pl\/index.php\/wp-json\/wp\/v2\/media?parent=399"}],"curies":[{"name":"wp","href":"https:\/\/api.w.org\/{rel}","templated":true}]}}