{"id":27,"date":"2018-09-26T09:31:45","date_gmt":"2018-09-26T07:31:45","guid":{"rendered":"http:\/\/psychostudio.pl\/?page_id=27"},"modified":"2020-05-14T01:10:11","modified_gmt":"2020-05-13T23:10:11","slug":"kontakt","status":"publish","type":"page","link":"https:\/\/psychostudio.pl\/index.php\/kontakt\/","title":{"rendered":"Kontakt"},"content":{"rendered":"\t\t<div data-elementor-type=\"wp-post\" data-elementor-id=\"27\" class=\"elementor elementor-27\">\n\t\t\t\t\t\t<div class=\"elementor-inner\">\n\t\t\t\t<div class=\"elementor-section-wrap\">\n\t\t\t\t\t\t\t\t\t<section class=\"elementor-section elementor-top-section elementor-element elementor-element-5779dde elementor-section-stretched elementor-section-full_width elementor-section-height-default elementor-section-height-default elementor-invisible\" data-id=\"5779dde\" data-element_type=\"section\" data-settings=\"{&quot;stretch_section&quot;:&quot;section-stretched&quot;,&quot;animation&quot;:&quot;fadeIn&quot;}\">\n\t\t\t\t\t\t<div class=\"elementor-container elementor-column-gap-default\">\n\t\t\t\t\t\t\t<div class=\"elementor-row\">\n\t\t\t\t\t<div class=\"elementor-column elementor-col-100 elementor-top-column elementor-element elementor-element-901c0af\" data-id=\"901c0af\" data-element_type=\"column\">\n\t\t\t<div class=\"elementor-column-wrap elementor-element-populated\">\n\t\t\t\t\t\t\t<div class=\"elementor-widget-wrap\">\n\t\t\t\t\t\t<section class=\"elementor-section elementor-inner-section elementor-element elementor-element-3a42f20 elementor-section-boxed elementor-section-height-default elementor-section-height-default\" data-id=\"3a42f20\" data-element_type=\"section\">\n\t\t\t\t\t\t<div class=\"elementor-container elementor-column-gap-default\">\n\t\t\t\t\t\t\t<div class=\"elementor-row\">\n\t\t\t\t\t<div class=\"elementor-column elementor-col-50 elementor-inner-column elementor-element elementor-element-90497e8\" data-id=\"90497e8\" data-element_type=\"column\">\n\t\t\t<div class=\"elementor-column-wrap elementor-element-populated\">\n\t\t\t\t\t\t\t<div class=\"elementor-widget-wrap\">\n\t\t\t\t\t\t<div class=\"elementor-element elementor-element-6aecb9b elementor-position-left elementor-view-default elementor-mobile-position-top elementor-vertical-align-top elementor-invisible elementor-widget elementor-widget-icon-box\" data-id=\"6aecb9b\" data-element_type=\"widget\" data-settings=\"{&quot;_animation&quot;:&quot;fadeInLeft&quot;,&quot;_animation_delay&quot;:0}\" data-widget_type=\"icon-box.default\">\n\t\t\t\t<div class=\"elementor-widget-container\">\n\t\t\t\t\t<div class=\"elementor-icon-box-wrapper\">\n\t\t\t\t\t\t<div class=\"elementor-icon-box-icon\">\n\t\t\t\t<a class=\"elementor-icon elementor-animation-bob\" href=\"https:\/\/goo.gl\/maps\/i6D7VCYZFov\" target=\"_blank\">\n\t\t\t\t<i aria-hidden=\"true\" class=\"fas fa-map-marker-alt\"><\/i>\t\t\t\t<\/a>\n\t\t\t<\/div>\n\t\t\t\t\t\t<div class=\"elementor-icon-box-content\">\n\t\t\t\t<h3 class=\"elementor-icon-box-title\">\n\t\t\t\t\t<a href=\"https:\/\/goo.gl\/maps\/i6D7VCYZFov\" target=\"_blank\" >\n\t\t\t\t\t\tZnajd\u017a nas!\t\t\t\t\t<\/a>\n\t\t\t\t<\/h3>\n\t\t\t\t\t\t\t\t\t<p class=\"elementor-icon-box-description\">\n\t\t\t\t\t\t<a href=https:\/\/goo.gl\/maps\/i6D7VCYZFov target=\"_blank\">Chorz\u00f3w, Wr\u00f3blewskiego 18\/1<\/a>\t\t\t\t\t<\/p>\n\t\t\t\t\t\t\t<\/div>\n\t\t<\/div>\n\t\t\t\t<\/div>\n\t\t\t\t<\/div>\n\t\t\t\t<div class=\"elementor-element elementor-element-6db88af elementor-position-left elementor-view-default elementor-mobile-position-top elementor-vertical-align-top elementor-invisible elementor-widget elementor-widget-icon-box\" data-id=\"6db88af\" data-element_type=\"widget\" data-settings=\"{&quot;_animation&quot;:&quot;fadeInLeft&quot;,&quot;_animation_delay&quot;:100}\" data-widget_type=\"icon-box.default\">\n\t\t\t\t<div class=\"elementor-widget-container\">\n\t\t\t\t\t<div class=\"elementor-icon-box-wrapper\">\n\t\t\t\t\t\t<div class=\"elementor-icon-box-icon\">\n\t\t\t\t<a class=\"elementor-icon elementor-animation-bob\" href=\"tel:+48531922323\">\n\t\t\t\t<i aria-hidden=\"true\" class=\"fas fa-mobile-alt\"><\/i>\t\t\t\t<\/a>\n\t\t\t<\/div>\n\t\t\t\t\t\t<div class=\"elementor-icon-box-content\">\n\t\t\t\t<h3 class=\"elementor-icon-box-title\">\n\t\t\t\t\t<a href=\"tel:+48531922323\" >\n\t\t\t\t\t\tZadzwo\u0144 do nas!\t\t\t\t\t<\/a>\n\t\t\t\t<\/h3>\n\t\t\t\t\t\t\t\t\t<p class=\"elementor-icon-box-description\">\n\t\t\t\t\t\t<a href=tel:+48531922323>+48 531 922 323<\/a>\n\n\t\t\t\t\t<\/p>\n\t\t\t\t\t\t\t<\/div>\n\t\t<\/div>\n\t\t\t\t<\/div>\n\t\t\t\t<\/div>\n\t\t\t\t<div class=\"elementor-element elementor-element-bb98711 elementor-position-left elementor-view-default elementor-mobile-position-top elementor-vertical-align-top elementor-invisible elementor-widget elementor-widget-icon-box\" data-id=\"bb98711\" data-element_type=\"widget\" data-settings=\"{&quot;_animation&quot;:&quot;fadeInLeft&quot;,&quot;_animation_delay&quot;:300}\" data-widget_type=\"icon-box.default\">\n\t\t\t\t<div class=\"elementor-widget-container\">\n\t\t\t\t\t<div class=\"elementor-icon-box-wrapper\">\n\t\t\t\t\t\t<div class=\"elementor-icon-box-icon\">\n\t\t\t\t<a class=\"elementor-icon elementor-animation-bob\" href=\"mailto:kontakt@psychostudio.pl\">\n\t\t\t\t<i aria-hidden=\"true\" class=\"fas fa-envelope-square\"><\/i>\t\t\t\t<\/a>\n\t\t\t<\/div>\n\t\t\t\t\t\t<div class=\"elementor-icon-box-content\">\n\t\t\t\t<h3 class=\"elementor-icon-box-title\">\n\t\t\t\t\t<a href=\"mailto:kontakt@psychostudio.pl\" >\n\t\t\t\t\t\tNapisz do nas!\t\t\t\t\t<\/a>\n\t\t\t\t<\/h3>\n\t\t\t\t\t\t\t\t\t<p class=\"elementor-icon-box-description\">\n\t\t\t\t\t\t<a href=mailto:kontakt@psychostudio.pl>kontakt@psychostudio.pl<\/a>\t\t\t\t\t<\/p>\n\t\t\t\t\t\t\t<\/div>\n\t\t<\/div>\n\t\t\t\t<\/div>\n\t\t\t\t<\/div>\n\t\t\t\t<div class=\"elementor-element elementor-element-3d45029 elementor-invisible elementor-widget elementor-widget-google_maps\" data-id=\"3d45029\" data-element_type=\"widget\" data-settings=\"{&quot;_animation&quot;:&quot;fadeInLeft&quot;,&quot;_animation_delay&quot;:400}\" data-widget_type=\"google_maps.default\">\n\t\t\t\t<div class=\"elementor-widget-container\">\n\t\t\t\t\t<div class=\"elementor-custom-embed\">\n\t\t\t<iframe loading=\"lazy\"\n\t\t\t\t\tsrc=\"https:\/\/maps.google.com\/maps?q=Chorz%C3%B3w%2C%20Wr%C3%B3blewskiego%2018%2F1%E2%80%8B&#038;t=m&#038;z=15&#038;output=embed&#038;iwloc=near\"\n\t\t\t\t\ttitle=\"Chorz\u00f3w, Wr\u00f3blewskiego 18\/1\u200b\"\n\t\t\t\t\taria-label=\"Chorz\u00f3w, Wr\u00f3blewskiego 18\/1\u200b\"\n\t\t\t><\/iframe>\n\t\t<\/div>\n\t\t\t\t<\/div>\n\t\t\t\t<\/div>\n\t\t\t\t\t\t<\/div>\n\t\t\t\t\t<\/div>\n\t\t<\/div>\n\t\t\t\t<div class=\"elementor-column elementor-col-50 elementor-inner-column elementor-element elementor-element-96418c5\" data-id=\"96418c5\" data-element_type=\"column\">\n\t\t\t<div class=\"elementor-column-wrap elementor-element-populated\">\n\t\t\t\t\t\t\t<div class=\"elementor-widget-wrap\">\n\t\t\t\t\t\t<div class=\"elementor-element elementor-element-b8d753c elementor-widget elementor-widget-wp-widget-wpforms-widget\" data-id=\"b8d753c\" data-element_type=\"widget\" data-widget_type=\"wp-widget-wpforms-widget.default\">\n\t\t\t\t<div class=\"elementor-widget-container\">\n\t\t\t<div class=\"wpforms-container \" id=\"wpforms-52\"><form id=\"wpforms-form-52\" class=\"wpforms-validate wpforms-form\" data-formid=\"52\" method=\"post\" enctype=\"multipart\/form-data\" action=\"\/index.php\/wp-json\/wp\/v2\/pages\/27\" data-token=\"347ae92892bcb6ab5729bd4ae8c5bae7\" data-token-time=\"1778692406\"><noscript class=\"wpforms-error-noscript\">Aby wype\u0142ni\u0107 ten formularz, w\u0142\u0105cz obs\u0142ug\u0119 JavaScript w przegl\u0105darce.<\/noscript><div class=\"wpforms-field-container\"><div id=\"wpforms-52-field_0-container\" class=\"wpforms-field wpforms-field-name\" data-field-id=\"0\"><label class=\"wpforms-field-label\" for=\"wpforms-52-field_0\">Imi\u0119 i Nazwisko \/ Nazwa Firmy <span class=\"wpforms-required-label\">*<\/span><\/label><input type=\"text\" id=\"wpforms-52-field_0\" class=\"wpforms-field-large wpforms-field-required\" name=\"wpforms[fields][0]\" required><\/div><div id=\"wpforms-52-field_1-container\" class=\"wpforms-field wpforms-field-email\" data-field-id=\"1\"><label class=\"wpforms-field-label\" for=\"wpforms-52-field_1\">Email <span class=\"wpforms-required-label\">*<\/span><\/label><input type=\"email\" id=\"wpforms-52-field_1\" class=\"wpforms-field-large wpforms-field-required\" name=\"wpforms[fields][1]\" spellcheck=\"false\" required><\/div><div id=\"wpforms-52-field_2-container\" class=\"wpforms-field wpforms-field-textarea\" data-field-id=\"2\"><label class=\"wpforms-field-label\" for=\"wpforms-52-field_2\">Wiadomo\u015b\u0107 <span class=\"wpforms-required-label\">*<\/span><\/label><textarea id=\"wpforms-52-field_2\" class=\"wpforms-field-medium wpforms-field-required\" name=\"wpforms[fields][2]\" required><\/textarea><\/div><div id=\"wpforms-52-field_6-container\" class=\"wpforms-field wpforms-field-gdpr-checkbox\" data-field-id=\"6\"><label class=\"wpforms-field-label wpforms-label-hide\">Zgoda RODO <span class=\"wpforms-required-label\">*<\/span><\/label><ul id=\"wpforms-52-field_6\" class=\"wpforms-field-required\"><li class=\"choice-1\"><input type=\"checkbox\" id=\"wpforms-52-field_6_1\" name=\"wpforms[fields][6][]\" value=\"Wyra\u017cam zgod\u0119 na przetwarzanie moich danych osobowych zgodnie z ustaw\u0105 o ochronie danych osobowych w celach kontaktowych. Podanie danych osobowych jest dobrowolne. Zosta\u0142em\/am poinformowany\/a, \u017ce przys\u0142uguje mi prawo dost\u0119pu do moich danych, mo\u017cliwo\u015bci ich poprawiania jak i \u017c\u0105dania zaprzestania ich przetwarzania. W tym celu nale\u017cy wys\u0142a\u0107 wiadomo\u015b\u0107 na adres e-mail: rodo@psychostudio.pl Administratorem danych jest PsychoStudio Jakub Waletko, Wr\u00f3blewskiego 18\/1, 41-500 Chorz\u00f3w.\" required ><label class=\"wpforms-field-label-inline\" for=\"wpforms-52-field_6_1\">Wyra\u017cam zgod\u0119 na przetwarzanie moich danych osobowych zgodnie z ustaw\u0105 o ochronie danych osobowych w celach kontaktowych. Podanie danych osobowych jest dobrowolne. Zosta\u0142em\/am poinformowany\/a, \u017ce przys\u0142uguje mi prawo dost\u0119pu do moich danych, mo\u017cliwo\u015bci ich poprawiania jak i \u017c\u0105dania zaprzestania ich przetwarzania. W tym celu nale\u017cy wys\u0142a\u0107 wiadomo\u015b\u0107 na adres e-mail: rodo@psychostudio.pl Administratorem danych jest PsychoStudio Jakub Waletko, Wr\u00f3blewskiego 18\/1, 41-500 Chorz\u00f3w. <span class=\"wpforms-required-label\">*<\/span><\/label><\/li><\/ul><\/div><div id=\"wpforms-52-field_9-container\" class=\"wpforms-field wpforms-field-checkbox\" data-field-id=\"9\"><label class=\"wpforms-field-label\">Newsletter<\/label><ul id=\"wpforms-52-field_9\"><li class=\"choice-1 depth-1\"><input type=\"checkbox\" id=\"wpforms-52-field_9_1\" name=\"wpforms[fields][9][]\" value=\"Wyra\u017cam zgod\u0119 na przetwarzanie moich danych osobowych w celach marketingowych. Dane osobowe w postaci imienia, nazwiska, nazwy firmy, adresu, oraz adresu e-mail b\u0119d\u0105 przetwarzane w celu: (przesy\u0142ania Pani\/Panu wiadomo\u015bci o promocjach, wiadomo\u015bci marketingowych w celach marketingowych, promocyjnych w tym dla prezentacji nowych produkt\u00f3w i nowych us\u0142ug (podstawa prawna: 6 ust. 1 lit. a i b. Rozporz\u0105dzenia z dnia 27 kwietnia 2016 r. w sprawie ochrony os\u00f3b fizycznych w zwi\u0105zku z przetwarzaniem danych osobowych i w sprawie swobodnego przep\u0142ywu takich danych oraz uchylenia dyrektywy 95\/46\/WE.\"  ><label class=\"wpforms-field-label-inline\" for=\"wpforms-52-field_9_1\">Wyra\u017cam zgod\u0119 na przetwarzanie moich danych osobowych w celach marketingowych. Dane osobowe w postaci imienia, nazwiska, nazwy firmy, adresu, oraz adresu e-mail b\u0119d\u0105 przetwarzane w celu: (przesy\u0142ania Pani\/Panu wiadomo\u015bci o promocjach, wiadomo\u015bci marketingowych w celach marketingowych, promocyjnych w tym dla prezentacji nowych produkt\u00f3w i nowych us\u0142ug (podstawa prawna: 6 ust. 1 lit. a i b. Rozporz\u0105dzenia z dnia 27 kwietnia 2016 r. w sprawie ochrony os\u00f3b fizycznych w zwi\u0105zku z przetwarzaniem danych osobowych i w sprawie swobodnego przep\u0142ywu takich danych oraz uchylenia dyrektywy 95\/46\/WE.<\/label><\/li><\/ul><div class=\"wpforms-field-description wpforms-disclaimer-description\">Pa\u0144stwa dane osobowe b\u0119d\u0105 przechowywane przez okres do 2 (dw\u00f3ch) lat od dnia wyra\u017cenia zgody.<br \/>\r\nPrzys\u0142uguje Pani\/Panu prawo do cofni\u0119cia zgody w dowolnym momencie bez wp\u0142ywu na zgodno\u015b\u0107 z prawem przetwarzania, kt\u00f3rego dokonano na podstawie zgody przed jej cofni\u0119ciem. Przys\u0142uguje Pani\/Panu prawo dost\u0119pu do tre\u015bci danych oraz ich sprostowania, usuni\u0119cia lub ograniczenia przetwarzania, a tak\u017ce prawo sprzeciwu, za\u017c\u0105dania zaprzestania przetwarzania i przenoszenia danych.  Zgod\u0119 mo\u017ce Pani\/Pan cofn\u0105\u0107 (lub zg\u0142osi\u0107 inne \u017c\u0105danie w zakresie w\/w) w ten spos\u00f3b, \u017ce skieruje Pani\/Pan wiadomo\u015b\u0107 drog\u0105 elektroniczn\u0105 na adres mailowy rodo@psychostudio.pl a w przypadku, gdy nie otrzyma Pani\/Pan potwierdzenia usuni\u0119cia danych prosimy skierowa\u0107 pisemny wniosek w tej sprawie na aktualny w danym momencie adres siedziby Administratora z dopiskiem na kopercie Dane osobowe \u2013 dyspozycja.<\/div><\/div><\/div><!-- .wpforms-field-container --><div class=\"wpforms-field wpforms-field-hp\"><label for=\"wpforms-52-field-hp\" class=\"wpforms-field-label\">Phone<\/label><input type=\"text\" name=\"wpforms[hp]\" id=\"wpforms-52-field-hp\" class=\"wpforms-field-medium\"><\/div><div class=\"wpforms-recaptcha-container wpforms-is-recaptcha wpforms-is-recaptcha-type-v2\" ><div class=\"g-recaptcha\" data-sitekey=\"6LfpF9AUAAAAAN8PlmJD4CkBlGWisTnmDDcpZErX\"><\/div><input type=\"text\" name=\"g-recaptcha-hidden\" class=\"wpforms-recaptcha-hidden\" style=\"position:absolute!important;clip:rect(0,0,0,0)!important;height:1px!important;width:1px!important;border:0!important;overflow:hidden!important;padding:0!important;margin:0!important;\" data-rule-recaptcha=\"1\"><\/div><div class=\"wpforms-submit-container\" ><input type=\"hidden\" name=\"wpforms[id]\" value=\"52\"><input type=\"hidden\" name=\"page_title\" value=\"\"><input type=\"hidden\" name=\"page_url\" value=\"https:\/\/psychostudio.pl\/index.php\/wp-json\/wp\/v2\/pages\/27\"><input type=\"hidden\" name=\"url_referer\" value=\"\"><button type=\"submit\" name=\"wpforms[submit]\" id=\"wpforms-submit-52\" class=\"wpforms-submit\" data-alt-text=\"Wysy\u0142anie...\" data-submit-text=\"Wy\u015blij\" aria-live=\"assertive\" value=\"wpforms-submit\">Wy\u015blij<\/button><\/div><\/form><\/div>  <!-- .wpforms-container -->\t\t<\/div>\n\t\t\t\t<\/div>\n\t\t\t\t\t\t<\/div>\n\t\t\t\t\t<\/div>\n\t\t<\/div>\n\t\t\t\t\t\t\t\t<\/div>\n\t\t\t\t\t<\/div>\n\t\t<\/section>\n\t\t\t\t\t\t<\/div>\n\t\t\t\t\t<\/div>\n\t\t<\/div>\n\t\t\t\t\t\t\t\t<\/div>\n\t\t\t\t\t<\/div>\n\t\t<\/section>\n\t\t\t\t\t\t\t\t\t<\/div>\n\t\t\t<\/div>\n\t\t\t\t\t<\/div>\n\t\t","protected":false},"excerpt":{"rendered":"<p>Znajd\u017a nas! Chorz\u00f3w, Wr\u00f3blewskiego 18\/1 Zadzwo\u0144 do nas! +48 531 922 323 Napisz do nas! kontakt@psychostudio.pl<\/p>\n","protected":false},"author":1,"featured_media":577,"parent":0,"menu_order":0,"comment_status":"closed","ping_status":"closed","template":"","meta":[],"yoast_head":"<!-- This site is optimized with the Yoast SEO plugin v19.4 - https:\/\/yoast.com\/wordpress\/plugins\/seo\/ -->\n<title>Kontakt - PsychoStudio<\/title>\n<meta name=\"robots\" content=\"index, follow, max-snippet:-1, max-image-preview:large, max-video-preview:-1\" \/>\n<link rel=\"canonical\" href=\"https:\/\/psychostudio.pl\/index.php\/kontakt\/\" \/>\n<meta property=\"og:locale\" content=\"pl_PL\" \/>\n<meta property=\"og:type\" content=\"article\" \/>\n<meta property=\"og:title\" content=\"Kontakt - PsychoStudio\" \/>\n<meta property=\"og:description\" content=\"Znajd\u017a nas! Chorz\u00f3w, Wr\u00f3blewskiego 18\/1 Zadzwo\u0144 do nas! +48 531 922 323 Napisz do nas! kontakt@psychostudio.pl\" \/>\n<meta property=\"og:url\" content=\"https:\/\/psychostudio.pl\/index.php\/kontakt\/\" \/>\n<meta property=\"og:site_name\" content=\"PsychoStudio\" \/>\n<meta property=\"article:publisher\" content=\"https:\/\/www.facebook.com\/psychostudiocam\/\" \/>\n<meta property=\"article:modified_time\" content=\"2020-05-13T23:10:11+00:00\" \/>\n<meta property=\"og:image\" content=\"https:\/\/i2.wp.com\/psychostudio.pl\/wp-content\/uploads\/2018\/11\/t\u0142o-z-wieksza-ilo\u015bcia-zdje\u0107-4096x2304-Optimized-Blur.jpg?fit=4096%2C2304&ssl=1\" \/>\n\t<meta property=\"og:image:width\" content=\"4096\" \/>\n\t<meta property=\"og:image:height\" content=\"2304\" \/>\n\t<meta property=\"og:image:type\" content=\"image\/jpeg\" \/>\n<meta name=\"twitter:card\" content=\"summary_large_image\" \/>\n<script type=\"application\/ld+json\" class=\"yoast-schema-graph\">{\"@context\":\"https:\/\/schema.org\",\"@graph\":[{\"@type\":\"Organization\",\"@id\":\"https:\/\/psychostudio.pl\/#organization\",\"name\":\"PsychoStudio\",\"url\":\"https:\/\/psychostudio.pl\/\",\"sameAs\":[\"https:\/\/www.instagram.com\/psychostudio_cam\/\",\"https:\/\/www.youtube.com\/channel\/UC2uVduW06Kb8pkXyqQX1hAg\",\"https:\/\/www.facebook.com\/psychostudiocam\/\"],\"logo\":{\"@type\":\"ImageObject\",\"inLanguage\":\"pl-PL\",\"@id\":\"https:\/\/psychostudio.pl\/#\/schema\/logo\/image\/\",\"url\":\"https:\/\/i0.wp.com\/psychostudio.pl\/wp-content\/uploads\/2018\/09\/PsYcHoSTUDIO.png?fit=500%2C500&ssl=1\",\"contentUrl\":\"https:\/\/i0.wp.com\/psychostudio.pl\/wp-content\/uploads\/2018\/09\/PsYcHoSTUDIO.png?fit=500%2C500&ssl=1\",\"width\":500,\"height\":500,\"caption\":\"PsychoStudio\"},\"image\":{\"@id\":\"https:\/\/psychostudio.pl\/#\/schema\/logo\/image\/\"}},{\"@type\":\"WebSite\",\"@id\":\"https:\/\/psychostudio.pl\/#website\",\"url\":\"https:\/\/psychostudio.pl\/\",\"name\":\"PsychoStudio\",\"description\":\"More than epic\",\"publisher\":{\"@id\":\"https:\/\/psychostudio.pl\/#organization\"},\"potentialAction\":[{\"@type\":\"SearchAction\",\"target\":{\"@type\":\"EntryPoint\",\"urlTemplate\":\"https:\/\/psychostudio.pl\/?s={search_term_string}\"},\"query-input\":\"required name=search_term_string\"}],\"inLanguage\":\"pl-PL\"},{\"@type\":\"WebPage\",\"@id\":\"https:\/\/psychostudio.pl\/index.php\/kontakt\/\",\"url\":\"https:\/\/psychostudio.pl\/index.php\/kontakt\/\",\"name\":\"Kontakt - PsychoStudio\",\"isPartOf\":{\"@id\":\"https:\/\/psychostudio.pl\/#website\"},\"datePublished\":\"2018-09-26T07:31:45+00:00\",\"dateModified\":\"2020-05-13T23:10:11+00:00\",\"breadcrumb\":{\"@id\":\"https:\/\/psychostudio.pl\/index.php\/kontakt\/#breadcrumb\"},\"inLanguage\":\"pl-PL\",\"potentialAction\":[{\"@type\":\"ReadAction\",\"target\":[\"https:\/\/psychostudio.pl\/index.php\/kontakt\/\"]}]},{\"@type\":\"BreadcrumbList\",\"@id\":\"https:\/\/psychostudio.pl\/index.php\/kontakt\/#breadcrumb\",\"itemListElement\":[{\"@type\":\"ListItem\",\"position\":1,\"name\":\"Strona g\u0142\u00f3wna\",\"item\":\"https:\/\/psychostudio.pl\/\"},{\"@type\":\"ListItem\",\"position\":2,\"name\":\"Kontakt\"}]}]}<\/script>\n<!-- \/ Yoast SEO plugin. -->","yoast_head_json":{"title":"Kontakt - PsychoStudio","robots":{"index":"index","follow":"follow","max-snippet":"max-snippet:-1","max-image-preview":"max-image-preview:large","max-video-preview":"max-video-preview:-1"},"canonical":"https:\/\/psychostudio.pl\/index.php\/kontakt\/","og_locale":"pl_PL","og_type":"article","og_title":"Kontakt - PsychoStudio","og_description":"Znajd\u017a nas! Chorz\u00f3w, Wr\u00f3blewskiego 18\/1 Zadzwo\u0144 do nas! +48 531 922 323 Napisz do nas! kontakt@psychostudio.pl","og_url":"https:\/\/psychostudio.pl\/index.php\/kontakt\/","og_site_name":"PsychoStudio","article_publisher":"https:\/\/www.facebook.com\/psychostudiocam\/","article_modified_time":"2020-05-13T23:10:11+00:00","og_image":[{"width":4096,"height":2304,"url":"https:\/\/i2.wp.com\/psychostudio.pl\/wp-content\/uploads\/2018\/11\/t\u0142o-z-wieksza-ilo\u015bcia-zdje\u0107-4096x2304-Optimized-Blur.jpg?fit=4096%2C2304&ssl=1","type":"image\/jpeg"}],"twitter_card":"summary_large_image","schema":{"@context":"https:\/\/schema.org","@graph":[{"@type":"Organization","@id":"https:\/\/psychostudio.pl\/#organization","name":"PsychoStudio","url":"https:\/\/psychostudio.pl\/","sameAs":["https:\/\/www.instagram.com\/psychostudio_cam\/","https:\/\/www.youtube.com\/channel\/UC2uVduW06Kb8pkXyqQX1hAg","https:\/\/www.facebook.com\/psychostudiocam\/"],"logo":{"@type":"ImageObject","inLanguage":"pl-PL","@id":"https:\/\/psychostudio.pl\/#\/schema\/logo\/image\/","url":"https:\/\/i0.wp.com\/psychostudio.pl\/wp-content\/uploads\/2018\/09\/PsYcHoSTUDIO.png?fit=500%2C500&ssl=1","contentUrl":"https:\/\/i0.wp.com\/psychostudio.pl\/wp-content\/uploads\/2018\/09\/PsYcHoSTUDIO.png?fit=500%2C500&ssl=1","width":500,"height":500,"caption":"PsychoStudio"},"image":{"@id":"https:\/\/psychostudio.pl\/#\/schema\/logo\/image\/"}},{"@type":"WebSite","@id":"https:\/\/psychostudio.pl\/#website","url":"https:\/\/psychostudio.pl\/","name":"PsychoStudio","description":"More than epic","publisher":{"@id":"https:\/\/psychostudio.pl\/#organization"},"potentialAction":[{"@type":"SearchAction","target":{"@type":"EntryPoint","urlTemplate":"https:\/\/psychostudio.pl\/?s={search_term_string}"},"query-input":"required name=search_term_string"}],"inLanguage":"pl-PL"},{"@type":"WebPage","@id":"https:\/\/psychostudio.pl\/index.php\/kontakt\/","url":"https:\/\/psychostudio.pl\/index.php\/kontakt\/","name":"Kontakt - PsychoStudio","isPartOf":{"@id":"https:\/\/psychostudio.pl\/#website"},"datePublished":"2018-09-26T07:31:45+00:00","dateModified":"2020-05-13T23:10:11+00:00","breadcrumb":{"@id":"https:\/\/psychostudio.pl\/index.php\/kontakt\/#breadcrumb"},"inLanguage":"pl-PL","potentialAction":[{"@type":"ReadAction","target":["https:\/\/psychostudio.pl\/index.php\/kontakt\/"]}]},{"@type":"BreadcrumbList","@id":"https:\/\/psychostudio.pl\/index.php\/kontakt\/#breadcrumb","itemListElement":[{"@type":"ListItem","position":1,"name":"Strona g\u0142\u00f3wna","item":"https:\/\/psychostudio.pl\/"},{"@type":"ListItem","position":2,"name":"Kontakt"}]}]}},"_links":{"self":[{"href":"https:\/\/psychostudio.pl\/index.php\/wp-json\/wp\/v2\/pages\/27"}],"collection":[{"href":"https:\/\/psychostudio.pl\/index.php\/wp-json\/wp\/v2\/pages"}],"about":[{"href":"https:\/\/psychostudio.pl\/index.php\/wp-json\/wp\/v2\/types\/page"}],"author":[{"embeddable":true,"href":"https:\/\/psychostudio.pl\/index.php\/wp-json\/wp\/v2\/users\/1"}],"replies":[{"embeddable":true,"href":"https:\/\/psychostudio.pl\/index.php\/wp-json\/wp\/v2\/comments?post=27"}],"version-history":[{"count":26,"href":"https:\/\/psychostudio.pl\/index.php\/wp-json\/wp\/v2\/pages\/27\/revisions"}],"predecessor-version":[{"id":868,"href":"https:\/\/psychostudio.pl\/index.php\/wp-json\/wp\/v2\/pages\/27\/revisions\/868"}],"wp:featuredmedia":[{"embeddable":true,"href":"https:\/\/psychostudio.pl\/index.php\/wp-json\/wp\/v2\/media\/577"}],"wp:attachment":[{"href":"https:\/\/psychostudio.pl\/index.php\/wp-json\/wp\/v2\/media?parent=27"}],"curies":[{"name":"wp","href":"https:\/\/api.w.org\/{rel}","templated":true}]}}