{"id":245,"date":"2018-10-02T20:22:53","date_gmt":"2018-10-02T18:22:53","guid":{"rendered":"https:\/\/psychostudio.pl\/?page_id=245"},"modified":"2020-05-14T01:00:31","modified_gmt":"2020-05-13T23:00:31","slug":"newsy","status":"publish","type":"page","link":"https:\/\/psychostudio.pl\/index.php\/newsy\/","title":{"rendered":"Newsy"},"content":{"rendered":"\t\t<div data-elementor-type=\"wp-post\" data-elementor-id=\"245\" class=\"elementor elementor-245\">\n\t\t\t\t\t\t<div class=\"elementor-inner\">\n\t\t\t\t<div class=\"elementor-section-wrap\">\n\t\t\t\t\t\t\t\t\t<section class=\"elementor-section elementor-top-section elementor-element elementor-element-3be21d7 elementor-section-boxed elementor-section-height-default elementor-section-height-default\" data-id=\"3be21d7\" data-element_type=\"section\">\n\t\t\t\t\t\t<div class=\"elementor-container elementor-column-gap-default\">\n\t\t\t\t\t\t\t<div class=\"elementor-row\">\n\t\t\t\t\t<div class=\"elementor-column elementor-col-100 elementor-top-column elementor-element elementor-element-a2747a0\" data-id=\"a2747a0\" data-element_type=\"column\">\n\t\t\t<div class=\"elementor-column-wrap elementor-element-populated\">\n\t\t\t\t\t\t\t<div class=\"elementor-widget-wrap\">\n\t\t\t\t\t\t<section class=\"elementor-section elementor-inner-section elementor-element elementor-element-a2c1f68 elementor-section-boxed elementor-section-height-default elementor-section-height-default\" data-id=\"a2c1f68\" data-element_type=\"section\">\n\t\t\t\t\t\t<div class=\"elementor-container elementor-column-gap-default\">\n\t\t\t\t\t\t\t<div class=\"elementor-row\">\n\t\t\t\t\t<div class=\"elementor-column elementor-col-33 elementor-inner-column elementor-element elementor-element-8595217\" data-id=\"8595217\" data-element_type=\"column\">\n\t\t\t<div class=\"elementor-column-wrap elementor-element-populated\">\n\t\t\t\t\t\t\t<div class=\"elementor-widget-wrap\">\n\t\t\t\t\t\t<div class=\"elementor-element elementor-element-ba3f5c0 elementor-invisible elementor-widget elementor-widget-heading\" data-id=\"ba3f5c0\" data-element_type=\"widget\" data-settings=\"{&quot;_animation&quot;:&quot;fadeInLeft&quot;}\" data-widget_type=\"heading.default\">\n\t\t\t\t<div class=\"elementor-widget-container\">\n\t\t\t<h4 class=\"elementor-heading-title elementor-size-default\">Obserwuj Nas!<\/h4>\t\t<\/div>\n\t\t\t\t<\/div>\n\t\t\t\t\t\t<\/div>\n\t\t\t\t\t<\/div>\n\t\t<\/div>\n\t\t\t\t<div class=\"elementor-column elementor-col-66 elementor-inner-column elementor-element elementor-element-d1389d9\" data-id=\"d1389d9\" data-element_type=\"column\">\n\t\t\t<div class=\"elementor-column-wrap elementor-element-populated\">\n\t\t\t\t\t\t\t<div class=\"elementor-widget-wrap\">\n\t\t\t\t\t\t<div class=\"elementor-element elementor-element-a21d81f elementor-shape-circle e-grid-align-right elementor-grid-0 elementor-invisible elementor-widget elementor-widget-social-icons\" data-id=\"a21d81f\" data-element_type=\"widget\" data-settings=\"{&quot;_animation&quot;:&quot;fadeInRight&quot;,&quot;_animation_delay&quot;:500}\" data-widget_type=\"social-icons.default\">\n\t\t\t\t<div class=\"elementor-widget-container\">\n\t\t\t\t\t<div class=\"elementor-social-icons-wrapper elementor-grid\">\n\t\t\t\t\t\t\t<span class=\"elementor-grid-item\">\n\t\t\t\t\t<a class=\"elementor-icon elementor-social-icon elementor-social-icon-facebook elementor-animation-grow elementor-repeater-item-dee2120\" href=\"https:\/\/www.facebook.com\/psychostudiocam\/\" target=\"_blank\">\n\t\t\t\t\t\t<span class=\"elementor-screen-only\">Facebook<\/span>\n\t\t\t\t\t\t\t\t\t\t\t\t\t<i class=\"fa fa-facebook\"><\/i>\n\t\t\t\t\t\t\t\t\t\t\t<\/a>\n\t\t\t\t<\/span>\n\t\t\t\t\t\t\t<span class=\"elementor-grid-item\">\n\t\t\t\t\t<a class=\"elementor-icon elementor-social-icon elementor-social-icon-instagram elementor-animation-grow elementor-repeater-item-36762b5\" href=\"https:\/\/www.instagram.com\/psychostudio_cam\/\" target=\"_blank\">\n\t\t\t\t\t\t<span class=\"elementor-screen-only\">Instagram<\/span>\n\t\t\t\t\t\t\t\t\t\t\t\t\t<i class=\"fa fa-instagram\"><\/i>\n\t\t\t\t\t\t\t\t\t\t\t<\/a>\n\t\t\t\t<\/span>\n\t\t\t\t\t<\/div>\n\t\t\t\t<\/div>\n\t\t\t\t<\/div>\n\t\t\t\t\t\t<\/div>\n\t\t\t\t\t<\/div>\n\t\t<\/div>\n\t\t\t\t\t\t\t\t<\/div>\n\t\t\t\t\t<\/div>\n\t\t<\/section>\n\t\t\t\t\t\t<\/div>\n\t\t\t\t\t<\/div>\n\t\t<\/div>\n\t\t\t\t\t\t\t\t<\/div>\n\t\t\t\t\t<\/div>\n\t\t<\/section>\n\t\t\t\t<section class=\"elementor-section elementor-top-section elementor-element elementor-element-0da965c elementor-section-boxed elementor-section-height-default elementor-section-height-default\" data-id=\"0da965c\" data-element_type=\"section\">\n\t\t\t\t\t\t<div class=\"elementor-container elementor-column-gap-default\">\n\t\t\t\t\t\t\t<div class=\"elementor-row\">\n\t\t\t\t\t<div class=\"elementor-column elementor-col-100 elementor-top-column elementor-element elementor-element-4eef607\" data-id=\"4eef607\" data-element_type=\"column\">\n\t\t\t<div class=\"elementor-column-wrap elementor-element-populated\">\n\t\t\t\t\t\t\t<div class=\"elementor-widget-wrap\">\n\t\t\t\t\t\t<div class=\"elementor-element elementor-element-d58e172 elementor-widget elementor-widget-eael-facebook-feed\" data-id=\"d58e172\" data-element_type=\"widget\" data-widget_type=\"eael-facebook-feed.default\">\n\t\t\t\t<div class=\"elementor-widget-container\">\n\t\t\t        <div class=\"eael-facebook-feed eael-col-3 eael-facebook-feed-card\" id=\"eael-facebook-feed-d58e172\">\n                    <\/div>\n        <div class=\"clearfix\"><\/div>\n        \t\t<\/div>\n\t\t\t\t<\/div>\n\t\t\t\t\t\t<\/div>\n\t\t\t\t\t<\/div>\n\t\t<\/div>\n\t\t\t\t\t\t\t\t<\/div>\n\t\t\t\t\t<\/div>\n\t\t<\/section>\n\t\t\t\t<section class=\"elementor-section elementor-top-section elementor-element elementor-element-4ff9008 elementor-section-boxed elementor-section-height-default elementor-section-height-default\" data-id=\"4ff9008\" data-element_type=\"section\">\n\t\t\t\t\t\t<div class=\"elementor-container elementor-column-gap-default\">\n\t\t\t\t\t\t\t<div class=\"elementor-row\">\n\t\t\t\t\t<div class=\"elementor-column elementor-col-100 elementor-top-column elementor-element elementor-element-7f9bf71\" data-id=\"7f9bf71\" data-element_type=\"column\">\n\t\t\t<div class=\"elementor-column-wrap elementor-element-populated\">\n\t\t\t\t\t\t\t<div class=\"elementor-widget-wrap\">\n\t\t\t\t\t\t<div class=\"elementor-element elementor-element-1506462 animated-slow elementor-invisible elementor-widget elementor-widget-html\" data-id=\"1506462\" data-element_type=\"widget\" data-settings=\"{&quot;_animation&quot;:&quot;fadeInUp&quot;,&quot;_animation_delay&quot;:500}\" data-widget_type=\"html.default\">\n\t\t\t\t<div class=\"elementor-widget-container\">\n\t\t\t\t\t<\/div>\n\t\t\t\t<\/div>\n\t\t\t\t\t\t<\/div>\n\t\t\t\t\t<\/div>\n\t\t<\/div>\n\t\t\t\t\t\t\t\t<\/div>\n\t\t\t\t\t<\/div>\n\t\t<\/section>\n\t\t\t\t\t\t\t\t\t<\/div>\n\t\t\t<\/div>\n\t\t\t\t\t<\/div>\n\t\t","protected":false},"excerpt":{"rendered":"<p>Obserwuj Nas! Facebook Instagram<\/p>\n","protected":false},"author":1,"featured_media":577,"parent":0,"menu_order":0,"comment_status":"closed","ping_status":"closed","template":"","meta":[],"yoast_head":"<!-- This site is optimized with the Yoast SEO plugin v19.4 - https:\/\/yoast.com\/wordpress\/plugins\/seo\/ -->\n<title>Newsy - PsychoStudio<\/title>\n<meta name=\"robots\" content=\"index, follow, max-snippet:-1, max-image-preview:large, max-video-preview:-1\" \/>\n<link rel=\"canonical\" href=\"https:\/\/psychostudio.pl\/index.php\/newsy\/\" \/>\n<meta property=\"og:locale\" content=\"pl_PL\" \/>\n<meta property=\"og:type\" content=\"article\" \/>\n<meta property=\"og:title\" content=\"Newsy - PsychoStudio\" \/>\n<meta property=\"og:description\" content=\"Obserwuj Nas! Facebook Instagram\" \/>\n<meta property=\"og:url\" content=\"https:\/\/psychostudio.pl\/index.php\/newsy\/\" \/>\n<meta property=\"og:site_name\" content=\"PsychoStudio\" \/>\n<meta property=\"article:publisher\" content=\"https:\/\/www.facebook.com\/psychostudiocam\/\" \/>\n<meta property=\"article:modified_time\" content=\"2020-05-13T23:00:31+00:00\" \/>\n<meta property=\"og:image\" content=\"https:\/\/i2.wp.com\/psychostudio.pl\/wp-content\/uploads\/2018\/11\/t\u0142o-z-wieksza-ilo\u015bcia-zdje\u0107-4096x2304-Optimized-Blur.jpg?fit=4096%2C2304&ssl=1\" \/>\n\t<meta property=\"og:image:width\" content=\"4096\" \/>\n\t<meta property=\"og:image:height\" content=\"2304\" \/>\n\t<meta property=\"og:image:type\" content=\"image\/jpeg\" \/>\n<meta name=\"twitter:card\" content=\"summary_large_image\" \/>\n<script type=\"application\/ld+json\" class=\"yoast-schema-graph\">{\"@context\":\"https:\/\/schema.org\",\"@graph\":[{\"@type\":\"Organization\",\"@id\":\"https:\/\/psychostudio.pl\/#organization\",\"name\":\"PsychoStudio\",\"url\":\"https:\/\/psychostudio.pl\/\",\"sameAs\":[\"https:\/\/www.instagram.com\/psychostudio_cam\/\",\"https:\/\/www.youtube.com\/channel\/UC2uVduW06Kb8pkXyqQX1hAg\",\"https:\/\/www.facebook.com\/psychostudiocam\/\"],\"logo\":{\"@type\":\"ImageObject\",\"inLanguage\":\"pl-PL\",\"@id\":\"https:\/\/psychostudio.pl\/#\/schema\/logo\/image\/\",\"url\":\"https:\/\/i0.wp.com\/psychostudio.pl\/wp-content\/uploads\/2018\/09\/PsYcHoSTUDIO.png?fit=500%2C500&ssl=1\",\"contentUrl\":\"https:\/\/i0.wp.com\/psychostudio.pl\/wp-content\/uploads\/2018\/09\/PsYcHoSTUDIO.png?fit=500%2C500&ssl=1\",\"width\":500,\"height\":500,\"caption\":\"PsychoStudio\"},\"image\":{\"@id\":\"https:\/\/psychostudio.pl\/#\/schema\/logo\/image\/\"}},{\"@type\":\"WebSite\",\"@id\":\"https:\/\/psychostudio.pl\/#website\",\"url\":\"https:\/\/psychostudio.pl\/\",\"name\":\"PsychoStudio\",\"description\":\"More than epic\",\"publisher\":{\"@id\":\"https:\/\/psychostudio.pl\/#organization\"},\"potentialAction\":[{\"@type\":\"SearchAction\",\"target\":{\"@type\":\"EntryPoint\",\"urlTemplate\":\"https:\/\/psychostudio.pl\/?s={search_term_string}\"},\"query-input\":\"required name=search_term_string\"}],\"inLanguage\":\"pl-PL\"},{\"@type\":\"WebPage\",\"@id\":\"https:\/\/psychostudio.pl\/index.php\/newsy\/\",\"url\":\"https:\/\/psychostudio.pl\/index.php\/newsy\/\",\"name\":\"Newsy - PsychoStudio\",\"isPartOf\":{\"@id\":\"https:\/\/psychostudio.pl\/#website\"},\"datePublished\":\"2018-10-02T18:22:53+00:00\",\"dateModified\":\"2020-05-13T23:00:31+00:00\",\"breadcrumb\":{\"@id\":\"https:\/\/psychostudio.pl\/index.php\/newsy\/#breadcrumb\"},\"inLanguage\":\"pl-PL\",\"potentialAction\":[{\"@type\":\"ReadAction\",\"target\":[\"https:\/\/psychostudio.pl\/index.php\/newsy\/\"]}]},{\"@type\":\"BreadcrumbList\",\"@id\":\"https:\/\/psychostudio.pl\/index.php\/newsy\/#breadcrumb\",\"itemListElement\":[{\"@type\":\"ListItem\",\"position\":1,\"name\":\"Strona g\u0142\u00f3wna\",\"item\":\"https:\/\/psychostudio.pl\/\"},{\"@type\":\"ListItem\",\"position\":2,\"name\":\"Newsy\"}]}]}<\/script>\n<!-- \/ Yoast SEO plugin. -->","yoast_head_json":{"title":"Newsy - PsychoStudio","robots":{"index":"index","follow":"follow","max-snippet":"max-snippet:-1","max-image-preview":"max-image-preview:large","max-video-preview":"max-video-preview:-1"},"canonical":"https:\/\/psychostudio.pl\/index.php\/newsy\/","og_locale":"pl_PL","og_type":"article","og_title":"Newsy - PsychoStudio","og_description":"Obserwuj Nas! Facebook Instagram","og_url":"https:\/\/psychostudio.pl\/index.php\/newsy\/","og_site_name":"PsychoStudio","article_publisher":"https:\/\/www.facebook.com\/psychostudiocam\/","article_modified_time":"2020-05-13T23:00:31+00:00","og_image":[{"width":4096,"height":2304,"url":"https:\/\/i2.wp.com\/psychostudio.pl\/wp-content\/uploads\/2018\/11\/t\u0142o-z-wieksza-ilo\u015bcia-zdje\u0107-4096x2304-Optimized-Blur.jpg?fit=4096%2C2304&ssl=1","type":"image\/jpeg"}],"twitter_card":"summary_large_image","schema":{"@context":"https:\/\/schema.org","@graph":[{"@type":"Organization","@id":"https:\/\/psychostudio.pl\/#organization","name":"PsychoStudio","url":"https:\/\/psychostudio.pl\/","sameAs":["https:\/\/www.instagram.com\/psychostudio_cam\/","https:\/\/www.youtube.com\/channel\/UC2uVduW06Kb8pkXyqQX1hAg","https:\/\/www.facebook.com\/psychostudiocam\/"],"logo":{"@type":"ImageObject","inLanguage":"pl-PL","@id":"https:\/\/psychostudio.pl\/#\/schema\/logo\/image\/","url":"https:\/\/i0.wp.com\/psychostudio.pl\/wp-content\/uploads\/2018\/09\/PsYcHoSTUDIO.png?fit=500%2C500&ssl=1","contentUrl":"https:\/\/i0.wp.com\/psychostudio.pl\/wp-content\/uploads\/2018\/09\/PsYcHoSTUDIO.png?fit=500%2C500&ssl=1","width":500,"height":500,"caption":"PsychoStudio"},"image":{"@id":"https:\/\/psychostudio.pl\/#\/schema\/logo\/image\/"}},{"@type":"WebSite","@id":"https:\/\/psychostudio.pl\/#website","url":"https:\/\/psychostudio.pl\/","name":"PsychoStudio","description":"More than epic","publisher":{"@id":"https:\/\/psychostudio.pl\/#organization"},"potentialAction":[{"@type":"SearchAction","target":{"@type":"EntryPoint","urlTemplate":"https:\/\/psychostudio.pl\/?s={search_term_string}"},"query-input":"required name=search_term_string"}],"inLanguage":"pl-PL"},{"@type":"WebPage","@id":"https:\/\/psychostudio.pl\/index.php\/newsy\/","url":"https:\/\/psychostudio.pl\/index.php\/newsy\/","name":"Newsy - PsychoStudio","isPartOf":{"@id":"https:\/\/psychostudio.pl\/#website"},"datePublished":"2018-10-02T18:22:53+00:00","dateModified":"2020-05-13T23:00:31+00:00","breadcrumb":{"@id":"https:\/\/psychostudio.pl\/index.php\/newsy\/#breadcrumb"},"inLanguage":"pl-PL","potentialAction":[{"@type":"ReadAction","target":["https:\/\/psychostudio.pl\/index.php\/newsy\/"]}]},{"@type":"BreadcrumbList","@id":"https:\/\/psychostudio.pl\/index.php\/newsy\/#breadcrumb","itemListElement":[{"@type":"ListItem","position":1,"name":"Strona g\u0142\u00f3wna","item":"https:\/\/psychostudio.pl\/"},{"@type":"ListItem","position":2,"name":"Newsy"}]}]}},"_links":{"self":[{"href":"https:\/\/psychostudio.pl\/index.php\/wp-json\/wp\/v2\/pages\/245"}],"collection":[{"href":"https:\/\/psychostudio.pl\/index.php\/wp-json\/wp\/v2\/pages"}],"about":[{"href":"https:\/\/psychostudio.pl\/index.php\/wp-json\/wp\/v2\/types\/page"}],"author":[{"embeddable":true,"href":"https:\/\/psychostudio.pl\/index.php\/wp-json\/wp\/v2\/users\/1"}],"replies":[{"embeddable":true,"href":"https:\/\/psychostudio.pl\/index.php\/wp-json\/wp\/v2\/comments?post=245"}],"version-history":[{"count":10,"href":"https:\/\/psychostudio.pl\/index.php\/wp-json\/wp\/v2\/pages\/245\/revisions"}],"predecessor-version":[{"id":865,"href":"https:\/\/psychostudio.pl\/index.php\/wp-json\/wp\/v2\/pages\/245\/revisions\/865"}],"wp:featuredmedia":[{"embeddable":true,"href":"https:\/\/psychostudio.pl\/index.php\/wp-json\/wp\/v2\/media\/577"}],"wp:attachment":[{"href":"https:\/\/psychostudio.pl\/index.php\/wp-json\/wp\/v2\/media?parent=245"}],"curies":[{"name":"wp","href":"https:\/\/api.w.org\/{rel}","templated":true}]}}