{"id":117,"date":"2018-10-02T12:17:22","date_gmt":"2018-10-02T10:17:22","guid":{"rendered":"https:\/\/psychostudio.pl\/?page_id=117"},"modified":"2020-05-14T00:42:34","modified_gmt":"2020-05-13T22:42:34","slug":"wiktor-mackowiak","status":"publish","type":"page","link":"https:\/\/psychostudio.pl\/index.php\/zespol\/wiktor-mackowiak\/","title":{"rendered":"Wiktor Ma\u0107kowiak"},"content":{"rendered":"\t\t<div data-elementor-type=\"wp-post\" data-elementor-id=\"117\" class=\"elementor elementor-117\">\n\t\t\t\t\t\t<div class=\"elementor-inner\">\n\t\t\t\t<div class=\"elementor-section-wrap\">\n\t\t\t\t\t\t\t\t\t<section class=\"elementor-section elementor-top-section elementor-element elementor-element-9ed0160 elementor-section-boxed elementor-section-height-default elementor-section-height-default\" data-id=\"9ed0160\" data-element_type=\"section\">\n\t\t\t\t\t\t<div class=\"elementor-container elementor-column-gap-default\">\n\t\t\t\t\t\t\t<div class=\"elementor-row\">\n\t\t\t\t\t<div class=\"elementor-column elementor-col-100 elementor-top-column elementor-element elementor-element-c5f4298\" data-id=\"c5f4298\" data-element_type=\"column\">\n\t\t\t<div class=\"elementor-column-wrap elementor-element-populated\">\n\t\t\t\t\t\t\t<div class=\"elementor-widget-wrap\">\n\t\t\t\t\t\t<section class=\"elementor-section elementor-inner-section elementor-element elementor-element-dbb2817 elementor-section-boxed elementor-section-height-default elementor-section-height-default\" data-id=\"dbb2817\" data-element_type=\"section\">\n\t\t\t\t\t\t<div class=\"elementor-container elementor-column-gap-default\">\n\t\t\t\t\t\t\t<div class=\"elementor-row\">\n\t\t\t\t\t<div class=\"elementor-column elementor-col-33 elementor-inner-column elementor-element elementor-element-fb7aac3\" data-id=\"fb7aac3\" data-element_type=\"column\">\n\t\t\t<div class=\"elementor-column-wrap elementor-element-populated\">\n\t\t\t\t\t\t\t<div class=\"elementor-widget-wrap\">\n\t\t\t\t\t\t<div class=\"elementor-element elementor-element-91d5efc elementor-invisible elementor-widget elementor-widget-image\" data-id=\"91d5efc\" data-element_type=\"widget\" data-settings=\"{&quot;_animation&quot;:&quot;fadeInLeft&quot;,&quot;_animation_delay&quot;:0}\" data-widget_type=\"image.default\">\n\t\t\t\t<div class=\"elementor-widget-container\">\n\t\t\t\t\t\t\t\t<div class=\"elementor-image\">\n\t\t\t\t\t\t\t\t\t\t\t\t<img width=\"500\" height=\"500\" src=\"https:\/\/psychostudio.pl\/wp-content\/uploads\/2020\/05\/Untitled-3.png\" class=\"attachment-large size-large wp-image-858\" alt=\"\" loading=\"lazy\" srcset=\"https:\/\/psychostudio.pl\/wp-content\/uploads\/2020\/05\/Untitled-3.png 500w, https:\/\/psychostudio.pl\/wp-content\/uploads\/2020\/05\/Untitled-3-300x300.png 300w, https:\/\/psychostudio.pl\/wp-content\/uploads\/2020\/05\/Untitled-3-150x150.png 150w\" sizes=\"(max-width: 500px) 100vw, 500px\" \/>\t\t\t\t\t\t\t\t\t\t\t\t\t\t<\/div>\n\t\t\t\t\t\t<\/div>\n\t\t\t\t<\/div>\n\t\t\t\t\t\t<\/div>\n\t\t\t\t\t<\/div>\n\t\t<\/div>\n\t\t\t\t<div class=\"elementor-column elementor-col-66 elementor-inner-column elementor-element elementor-element-351d575\" data-id=\"351d575\" data-element_type=\"column\">\n\t\t\t<div class=\"elementor-column-wrap elementor-element-populated\">\n\t\t\t\t\t\t\t<div class=\"elementor-widget-wrap\">\n\t\t\t\t\t\t<div class=\"elementor-element elementor-element-43a7922 elementor-invisible elementor-widget elementor-widget-text-editor\" data-id=\"43a7922\" data-element_type=\"widget\" data-settings=\"{&quot;_animation&quot;:&quot;fadeInRight&quot;,&quot;_animation_delay&quot;:100}\" data-widget_type=\"text-editor.default\">\n\t\t\t\t<div class=\"elementor-widget-container\">\n\t\t\t\t\t\t\t\t<div class=\"elementor-text-editor elementor-clearfix\">\n\t\t\t\t<p><span><strong>Rola:<\/strong> Fotograf | Operator<br \/><strong>Specjalizacja:<\/strong> Foto | Wideo | Z\u0142ota r\u0105czka | Murarz | Tynkarz | Akrobata<br \/><strong>System:<\/strong> Canon | Sony<\/span><\/p><p>Fotograf sportowy, r\u00f3wnie\u017c operator kamery.<\/p><p><span>Lubi wykorzystywa\u0107 r\u00f3\u017cnego rodzaju innowacje do ulepszania swoich uj\u0119\u0107.<\/span><\/p><p><span>Poza prac\u0105 fotografa studiuje Transport na Politechnice \u015al\u0105skiej oraz jest mi\u0142o\u015bnikiem motoryzacji, co \u0142\u0105czy si\u0119 z jego pasj\u0105 i prac\u0105 fotograficzn\u0105.<\/span><\/p>\t\t\t\t\t<\/div>\n\t\t\t\t\t\t<\/div>\n\t\t\t\t<\/div>\n\t\t\t\t\t\t<\/div>\n\t\t\t\t\t<\/div>\n\t\t<\/div>\n\t\t\t\t\t\t\t\t<\/div>\n\t\t\t\t\t<\/div>\n\t\t<\/section>\n\t\t\t\t\t\t<\/div>\n\t\t\t\t\t<\/div>\n\t\t<\/div>\n\t\t\t\t\t\t\t\t<\/div>\n\t\t\t\t\t<\/div>\n\t\t<\/section>\n\t\t\t\t<section class=\"elementor-section elementor-inner-section elementor-element elementor-element-6095f9d elementor-section-boxed elementor-section-height-default elementor-section-height-default\" data-id=\"6095f9d\" data-element_type=\"section\">\n\t\t\t\t\t\t<div class=\"elementor-container elementor-column-gap-default\">\n\t\t\t\t\t\t\t<div class=\"elementor-row\">\n\t\t\t\t\t<div class=\"elementor-column elementor-col-66 elementor-inner-column elementor-element elementor-element-b912b2f\" data-id=\"b912b2f\" data-element_type=\"column\">\n\t\t\t<div class=\"elementor-column-wrap elementor-element-populated\">\n\t\t\t\t\t\t\t<div class=\"elementor-widget-wrap\">\n\t\t\t\t\t\t<div class=\"elementor-element elementor-element-3d5dd53 elementor-invisible elementor-widget elementor-widget-heading\" data-id=\"3d5dd53\" data-element_type=\"widget\" data-settings=\"{&quot;_animation&quot;:&quot;fadeInLeft&quot;,&quot;_animation_delay&quot;:500}\" data-widget_type=\"heading.default\">\n\t\t\t\t<div class=\"elementor-widget-container\">\n\t\t\t<h3 class=\"elementor-heading-title elementor-size-xl\">Obserwuj Wiktora<\/h3>\t\t<\/div>\n\t\t\t\t<\/div>\n\t\t\t\t\t\t<\/div>\n\t\t\t\t\t<\/div>\n\t\t<\/div>\n\t\t\t\t<div class=\"elementor-column elementor-col-33 elementor-inner-column elementor-element elementor-element-6898072\" data-id=\"6898072\" data-element_type=\"column\">\n\t\t\t<div class=\"elementor-column-wrap elementor-element-populated\">\n\t\t\t\t\t\t\t<div class=\"elementor-widget-wrap\">\n\t\t\t\t\t\t<div class=\"elementor-element elementor-element-4cd5b61 elementor-shape-circle e-grid-align-right elementor-grid-0 elementor-invisible elementor-widget elementor-widget-social-icons\" data-id=\"4cd5b61\" data-element_type=\"widget\" data-settings=\"{&quot;_animation&quot;:&quot;fadeInRight&quot;,&quot;_animation_delay&quot;:1000}\" data-widget_type=\"social-icons.default\">\n\t\t\t\t<div class=\"elementor-widget-container\">\n\t\t\t\t\t<div class=\"elementor-social-icons-wrapper elementor-grid\">\n\t\t\t\t\t\t\t<span class=\"elementor-grid-item\">\n\t\t\t\t\t<a class=\"elementor-icon elementor-social-icon elementor-social-icon-facebook elementor-animation-grow elementor-repeater-item-b5827cd\" href=\"https:\/\/www.facebook.com\/wiktor.mackowiak\" target=\"_blank\">\n\t\t\t\t\t\t<span class=\"elementor-screen-only\">Facebook<\/span>\n\t\t\t\t\t\t\t\t\t\t\t\t\t<i class=\"fa fa-facebook\"><\/i>\n\t\t\t\t\t\t\t\t\t\t\t<\/a>\n\t\t\t\t<\/span>\n\t\t\t\t\t\t\t<span class=\"elementor-grid-item\">\n\t\t\t\t\t<a class=\"elementor-icon elementor-social-icon elementor-social-icon-instagram elementor-animation-grow elementor-repeater-item-107e115\" href=\"https:\/\/www.instagram.com\/wiktor_m24\/\" target=\"_blank\">\n\t\t\t\t\t\t<span class=\"elementor-screen-only\">Instagram<\/span>\n\t\t\t\t\t\t\t\t\t\t\t\t\t<i class=\"fa fa-instagram\"><\/i>\n\t\t\t\t\t\t\t\t\t\t\t<\/a>\n\t\t\t\t<\/span>\n\t\t\t\t\t<\/div>\n\t\t\t\t<\/div>\n\t\t\t\t<\/div>\n\t\t\t\t\t\t<\/div>\n\t\t\t\t\t<\/div>\n\t\t<\/div>\n\t\t\t\t\t\t\t\t<\/div>\n\t\t\t\t\t<\/div>\n\t\t<\/section>\n\t\t\t\t<section class=\"elementor-section elementor-top-section elementor-element elementor-element-c8cb137 elementor-section-boxed elementor-section-height-default elementor-section-height-default\" data-id=\"c8cb137\" data-element_type=\"section\">\n\t\t\t\t\t\t<div class=\"elementor-container elementor-column-gap-default\">\n\t\t\t\t\t\t\t<div class=\"elementor-row\">\n\t\t\t\t\t<div class=\"elementor-column elementor-col-100 elementor-top-column elementor-element elementor-element-da7eae1\" data-id=\"da7eae1\" data-element_type=\"column\">\n\t\t\t<div class=\"elementor-column-wrap elementor-element-populated\">\n\t\t\t\t\t\t\t<div class=\"elementor-widget-wrap\">\n\t\t\t\t\t\t<div class=\"elementor-element elementor-element-58b3daa elementor-invisible elementor-widget elementor-widget-image-carousel\" data-id=\"58b3daa\" data-element_type=\"widget\" data-settings=\"{&quot;_animation&quot;:&quot;fadeInUp&quot;,&quot;_animation_delay&quot;:1500,&quot;slides_to_scroll&quot;:&quot;1&quot;,&quot;navigation&quot;:&quot;none&quot;,&quot;autoplay_speed&quot;:3000,&quot;autoplay&quot;:&quot;yes&quot;,&quot;pause_on_hover&quot;:&quot;yes&quot;,&quot;pause_on_interaction&quot;:&quot;yes&quot;,&quot;infinite&quot;:&quot;yes&quot;,&quot;speed&quot;:500,&quot;image_spacing_custom&quot;:{&quot;unit&quot;:&quot;px&quot;,&quot;size&quot;:20,&quot;sizes&quot;:[]},&quot;image_spacing_custom_tablet&quot;:{&quot;unit&quot;:&quot;px&quot;,&quot;size&quot;:&quot;&quot;,&quot;sizes&quot;:[]},&quot;image_spacing_custom_mobile&quot;:{&quot;unit&quot;:&quot;px&quot;,&quot;size&quot;:&quot;&quot;,&quot;sizes&quot;:[]}}\" data-widget_type=\"image-carousel.default\">\n\t\t\t\t<div class=\"elementor-widget-container\">\n\t\t\t\t\t<div class=\"elementor-image-carousel-wrapper swiper-container\" dir=\"ltr\">\n\t\t\t<div class=\"elementor-image-carousel swiper-wrapper\">\n\t\t\t\t\t\t\t\t<div class=\"swiper-slide\"><a data-elementor-open-lightbox=\"yes\" data-elementor-lightbox-slideshow=\"58b3daa\" data-elementor-lightbox-title=\"WiktorMackowiak_BackStage_4_Optimized\" data-e-action-hash=\"#elementor-action%3Aaction%3Dlightbox%26settings%3DeyJpZCI6Mzg1LCJ1cmwiOiJodHRwczpcL1wvcHN5Y2hvc3R1ZGlvLnBsXC93cC1jb250ZW50XC91cGxvYWRzXC8yMDE4XC8xMFwvNDI2NDgyNjFfMzIzNDE3NTg1MDgzMzY1XzYzODQ0Mzc1MzIyNDI3MzkyX24tOTYweDcyMC1PcHRpbWl6ZWQuanBnIiwic2xpZGVzaG93IjoiNThiM2RhYSJ9\" href=\"https:\/\/psychostudio.pl\/wp-content\/uploads\/2018\/10\/42648261_323417585083365_63844375322427392_n-960x720-Optimized.jpg\"><figure class=\"swiper-slide-inner\"><img class=\"swiper-slide-image\" src=\"https:\/\/psychostudio.pl\/wp-content\/uploads\/2018\/10\/42648261_323417585083365_63844375322427392_n-960x720-Optimized-768x576.jpg\" alt=\"Foty_BackStage\" \/><\/figure><\/a><\/div><div class=\"swiper-slide\"><a data-elementor-open-lightbox=\"yes\" data-elementor-lightbox-slideshow=\"58b3daa\" data-elementor-lightbox-title=\"WiktorMackowiak_BackStage_3_Optimized\" data-e-action-hash=\"#elementor-action%3Aaction%3Dlightbox%26settings%3DeyJpZCI6Mzg2LCJ1cmwiOiJodHRwczpcL1wvcHN5Y2hvc3R1ZGlvLnBsXC93cC1jb250ZW50XC91cGxvYWRzXC8yMDE4XC8xMFwvSU1HXzY5NTktMTAwMHg3NTAtT3B0aW1pemVkLmpwZyIsInNsaWRlc2hvdyI6IjU4YjNkYWEifQ%3D%3D\" href=\"https:\/\/psychostudio.pl\/wp-content\/uploads\/2018\/10\/IMG_6959-1000x750-Optimized.jpg\"><figure class=\"swiper-slide-inner\"><img class=\"swiper-slide-image\" src=\"https:\/\/psychostudio.pl\/wp-content\/uploads\/2018\/10\/IMG_6959-1000x750-Optimized-768x576.jpg\" alt=\"Foty_BackStage\" \/><\/figure><\/a><\/div><div class=\"swiper-slide\"><a data-elementor-open-lightbox=\"yes\" data-elementor-lightbox-slideshow=\"58b3daa\" data-elementor-lightbox-title=\"WiktorMackowiak_BackStage_2_Optimized\" data-e-action-hash=\"#elementor-action%3Aaction%3Dlightbox%26settings%3DeyJpZCI6Mzg3LCJ1cmwiOiJodHRwczpcL1wvcHN5Y2hvc3R1ZGlvLnBsXC93cC1jb250ZW50XC91cGxvYWRzXC8yMDE4XC8xMFwvSU1HXzY5NzUtMTAwMHg3NTAtT3B0aW1pemVkLmpwZyIsInNsaWRlc2hvdyI6IjU4YjNkYWEifQ%3D%3D\" href=\"https:\/\/psychostudio.pl\/wp-content\/uploads\/2018\/10\/IMG_6975-1000x750-Optimized.jpg\"><figure class=\"swiper-slide-inner\"><img class=\"swiper-slide-image\" src=\"https:\/\/psychostudio.pl\/wp-content\/uploads\/2018\/10\/IMG_6975-1000x750-Optimized-768x576.jpg\" alt=\"Foty_BackStage\" \/><\/figure><\/a><\/div><div class=\"swiper-slide\"><a data-elementor-open-lightbox=\"yes\" data-elementor-lightbox-slideshow=\"58b3daa\" data-elementor-lightbox-title=\"WiktorMackowiak_BackStage_1_Optimized\" data-e-action-hash=\"#elementor-action%3Aaction%3Dlightbox%26settings%3DeyJpZCI6Mzg4LCJ1cmwiOiJodHRwczpcL1wvcHN5Y2hvc3R1ZGlvLnBsXC93cC1jb250ZW50XC91cGxvYWRzXC8yMDE4XC8xMFwvSU1HXzczNzgtMTAwMHg1NjItT3B0aW1pemVkLmpwZyIsInNsaWRlc2hvdyI6IjU4YjNkYWEifQ%3D%3D\" href=\"https:\/\/psychostudio.pl\/wp-content\/uploads\/2018\/10\/IMG_7378-1000x562-Optimized.jpg\"><figure class=\"swiper-slide-inner\"><img class=\"swiper-slide-image\" src=\"https:\/\/psychostudio.pl\/wp-content\/uploads\/2018\/10\/IMG_7378-1000x562-Optimized-768x432.jpg\" alt=\"Foty_BackStage\" \/><\/figure><\/a><\/div>\t\t\t<\/div>\n\t\t\t\t\t\t\t\t\t\t\t\t\t\t\t\t<\/div>\n\t\t\t\t<\/div>\n\t\t\t\t<\/div>\n\t\t\t\t\t\t<\/div>\n\t\t\t\t\t<\/div>\n\t\t<\/div>\n\t\t\t\t\t\t\t\t<\/div>\n\t\t\t\t\t<\/div>\n\t\t<\/section>\n\t\t\t\t\t\t\t\t\t<\/div>\n\t\t\t<\/div>\n\t\t\t\t\t<\/div>\n\t\t","protected":false},"excerpt":{"rendered":"<p>Rola: Fotograf | OperatorSpecjalizacja: Foto | Wideo | Z\u0142ota r\u0105czka | Murarz | Tynkarz | AkrobataSystem: Canon | Sony Fotograf sportowy, r\u00f3wnie\u017c operator kamery. Lubi wykorzystywa\u0107 r\u00f3\u017cnego rodzaju innowacje do ulepszania swoich uj\u0119\u0107. Poza prac\u0105 fotografa studiuje Transport na Politechnice \u015al\u0105skiej oraz jest mi\u0142o\u015bnikiem motoryzacji, co \u0142\u0105czy si\u0119 z jego<a class=\"moretag\" href=\"https:\/\/psychostudio.pl\/index.php\/zespol\/wiktor-mackowiak\/\"> Czytaj wi\u0119cej<\/a><\/p>\n","protected":false},"author":1,"featured_media":378,"parent":66,"menu_order":0,"comment_status":"closed","ping_status":"closed","template":"","meta":[],"yoast_head":"<!-- This site is optimized with the Yoast SEO plugin v19.4 - https:\/\/yoast.com\/wordpress\/plugins\/seo\/ -->\n<title>Wiktor Ma\u0107kowiak - PsychoStudio<\/title>\n<meta name=\"robots\" content=\"index, follow, max-snippet:-1, max-image-preview:large, max-video-preview:-1\" \/>\n<link rel=\"canonical\" href=\"https:\/\/psychostudio.pl\/index.php\/zespol\/wiktor-mackowiak\/\" \/>\n<meta property=\"og:locale\" content=\"pl_PL\" \/>\n<meta property=\"og:type\" content=\"article\" \/>\n<meta property=\"og:title\" content=\"Wiktor Ma\u0107kowiak - PsychoStudio\" \/>\n<meta property=\"og:description\" content=\"Rola: Fotograf | OperatorSpecjalizacja: Foto | Wideo | Z\u0142ota r\u0105czka | Murarz | Tynkarz | AkrobataSystem: Canon | Sony Fotograf sportowy, r\u00f3wnie\u017c operator kamery. Lubi wykorzystywa\u0107 r\u00f3\u017cnego rodzaju innowacje do ulepszania swoich uj\u0119\u0107. Poza prac\u0105 fotografa studiuje Transport na Politechnice \u015al\u0105skiej oraz jest mi\u0142o\u015bnikiem motoryzacji, co \u0142\u0105czy si\u0119 z jego Czytaj wi\u0119cej\" \/>\n<meta property=\"og:url\" content=\"https:\/\/psychostudio.pl\/index.php\/zespol\/wiktor-mackowiak\/\" \/>\n<meta property=\"og:site_name\" content=\"PsychoStudio\" \/>\n<meta property=\"article:publisher\" content=\"https:\/\/www.facebook.com\/psychostudiocam\/\" \/>\n<meta property=\"article:modified_time\" content=\"2020-05-13T22:42:34+00:00\" \/>\n<meta property=\"og:image\" content=\"https:\/\/i2.wp.com\/psychostudio.pl\/wp-content\/uploads\/2018\/10\/Wiktor-Ma\u0107kowiak.jpg?fit=2448%2C1446&ssl=1\" \/>\n\t<meta property=\"og:image:width\" content=\"2448\" \/>\n\t<meta property=\"og:image:height\" content=\"1446\" \/>\n\t<meta property=\"og:image:type\" content=\"image\/jpeg\" \/>\n<meta name=\"twitter:card\" content=\"summary_large_image\" \/>\n<script type=\"application\/ld+json\" class=\"yoast-schema-graph\">{\"@context\":\"https:\/\/schema.org\",\"@graph\":[{\"@type\":\"Organization\",\"@id\":\"https:\/\/psychostudio.pl\/#organization\",\"name\":\"PsychoStudio\",\"url\":\"https:\/\/psychostudio.pl\/\",\"sameAs\":[\"https:\/\/www.instagram.com\/psychostudio_cam\/\",\"https:\/\/www.youtube.com\/channel\/UC2uVduW06Kb8pkXyqQX1hAg\",\"https:\/\/www.facebook.com\/psychostudiocam\/\"],\"logo\":{\"@type\":\"ImageObject\",\"inLanguage\":\"pl-PL\",\"@id\":\"https:\/\/psychostudio.pl\/#\/schema\/logo\/image\/\",\"url\":\"https:\/\/i0.wp.com\/psychostudio.pl\/wp-content\/uploads\/2018\/09\/PsYcHoSTUDIO.png?fit=500%2C500&ssl=1\",\"contentUrl\":\"https:\/\/i0.wp.com\/psychostudio.pl\/wp-content\/uploads\/2018\/09\/PsYcHoSTUDIO.png?fit=500%2C500&ssl=1\",\"width\":500,\"height\":500,\"caption\":\"PsychoStudio\"},\"image\":{\"@id\":\"https:\/\/psychostudio.pl\/#\/schema\/logo\/image\/\"}},{\"@type\":\"WebSite\",\"@id\":\"https:\/\/psychostudio.pl\/#website\",\"url\":\"https:\/\/psychostudio.pl\/\",\"name\":\"PsychoStudio\",\"description\":\"More than epic\",\"publisher\":{\"@id\":\"https:\/\/psychostudio.pl\/#organization\"},\"potentialAction\":[{\"@type\":\"SearchAction\",\"target\":{\"@type\":\"EntryPoint\",\"urlTemplate\":\"https:\/\/psychostudio.pl\/?s={search_term_string}\"},\"query-input\":\"required name=search_term_string\"}],\"inLanguage\":\"pl-PL\"},{\"@type\":\"WebPage\",\"@id\":\"https:\/\/psychostudio.pl\/index.php\/zespol\/wiktor-mackowiak\/\",\"url\":\"https:\/\/psychostudio.pl\/index.php\/zespol\/wiktor-mackowiak\/\",\"name\":\"Wiktor Ma\u0107kowiak - PsychoStudio\",\"isPartOf\":{\"@id\":\"https:\/\/psychostudio.pl\/#website\"},\"datePublished\":\"2018-10-02T10:17:22+00:00\",\"dateModified\":\"2020-05-13T22:42:34+00:00\",\"breadcrumb\":{\"@id\":\"https:\/\/psychostudio.pl\/index.php\/zespol\/wiktor-mackowiak\/#breadcrumb\"},\"inLanguage\":\"pl-PL\",\"potentialAction\":[{\"@type\":\"ReadAction\",\"target\":[\"https:\/\/psychostudio.pl\/index.php\/zespol\/wiktor-mackowiak\/\"]}]},{\"@type\":\"BreadcrumbList\",\"@id\":\"https:\/\/psychostudio.pl\/index.php\/zespol\/wiktor-mackowiak\/#breadcrumb\",\"itemListElement\":[{\"@type\":\"ListItem\",\"position\":1,\"name\":\"Strona g\u0142\u00f3wna\",\"item\":\"https:\/\/psychostudio.pl\/\"},{\"@type\":\"ListItem\",\"position\":2,\"name\":\"Zesp\u00f3\u0142\",\"item\":\"https:\/\/psychostudio.pl\/index.php\/zespol\/\"},{\"@type\":\"ListItem\",\"position\":3,\"name\":\"Wiktor Ma\u0107kowiak\"}]}]}<\/script>\n<!-- \/ Yoast SEO plugin. -->","yoast_head_json":{"title":"Wiktor Ma\u0107kowiak - PsychoStudio","robots":{"index":"index","follow":"follow","max-snippet":"max-snippet:-1","max-image-preview":"max-image-preview:large","max-video-preview":"max-video-preview:-1"},"canonical":"https:\/\/psychostudio.pl\/index.php\/zespol\/wiktor-mackowiak\/","og_locale":"pl_PL","og_type":"article","og_title":"Wiktor Ma\u0107kowiak - PsychoStudio","og_description":"Rola: Fotograf | OperatorSpecjalizacja: Foto | Wideo | Z\u0142ota r\u0105czka | Murarz | Tynkarz | AkrobataSystem: Canon | Sony Fotograf sportowy, r\u00f3wnie\u017c operator kamery. Lubi wykorzystywa\u0107 r\u00f3\u017cnego rodzaju innowacje do ulepszania swoich uj\u0119\u0107. Poza prac\u0105 fotografa studiuje Transport na Politechnice \u015al\u0105skiej oraz jest mi\u0142o\u015bnikiem motoryzacji, co \u0142\u0105czy si\u0119 z jego Czytaj wi\u0119cej","og_url":"https:\/\/psychostudio.pl\/index.php\/zespol\/wiktor-mackowiak\/","og_site_name":"PsychoStudio","article_publisher":"https:\/\/www.facebook.com\/psychostudiocam\/","article_modified_time":"2020-05-13T22:42:34+00:00","og_image":[{"width":2448,"height":1446,"url":"https:\/\/i2.wp.com\/psychostudio.pl\/wp-content\/uploads\/2018\/10\/Wiktor-Ma\u0107kowiak.jpg?fit=2448%2C1446&ssl=1","type":"image\/jpeg"}],"twitter_card":"summary_large_image","schema":{"@context":"https:\/\/schema.org","@graph":[{"@type":"Organization","@id":"https:\/\/psychostudio.pl\/#organization","name":"PsychoStudio","url":"https:\/\/psychostudio.pl\/","sameAs":["https:\/\/www.instagram.com\/psychostudio_cam\/","https:\/\/www.youtube.com\/channel\/UC2uVduW06Kb8pkXyqQX1hAg","https:\/\/www.facebook.com\/psychostudiocam\/"],"logo":{"@type":"ImageObject","inLanguage":"pl-PL","@id":"https:\/\/psychostudio.pl\/#\/schema\/logo\/image\/","url":"https:\/\/i0.wp.com\/psychostudio.pl\/wp-content\/uploads\/2018\/09\/PsYcHoSTUDIO.png?fit=500%2C500&ssl=1","contentUrl":"https:\/\/i0.wp.com\/psychostudio.pl\/wp-content\/uploads\/2018\/09\/PsYcHoSTUDIO.png?fit=500%2C500&ssl=1","width":500,"height":500,"caption":"PsychoStudio"},"image":{"@id":"https:\/\/psychostudio.pl\/#\/schema\/logo\/image\/"}},{"@type":"WebSite","@id":"https:\/\/psychostudio.pl\/#website","url":"https:\/\/psychostudio.pl\/","name":"PsychoStudio","description":"More than epic","publisher":{"@id":"https:\/\/psychostudio.pl\/#organization"},"potentialAction":[{"@type":"SearchAction","target":{"@type":"EntryPoint","urlTemplate":"https:\/\/psychostudio.pl\/?s={search_term_string}"},"query-input":"required name=search_term_string"}],"inLanguage":"pl-PL"},{"@type":"WebPage","@id":"https:\/\/psychostudio.pl\/index.php\/zespol\/wiktor-mackowiak\/","url":"https:\/\/psychostudio.pl\/index.php\/zespol\/wiktor-mackowiak\/","name":"Wiktor Ma\u0107kowiak - PsychoStudio","isPartOf":{"@id":"https:\/\/psychostudio.pl\/#website"},"datePublished":"2018-10-02T10:17:22+00:00","dateModified":"2020-05-13T22:42:34+00:00","breadcrumb":{"@id":"https:\/\/psychostudio.pl\/index.php\/zespol\/wiktor-mackowiak\/#breadcrumb"},"inLanguage":"pl-PL","potentialAction":[{"@type":"ReadAction","target":["https:\/\/psychostudio.pl\/index.php\/zespol\/wiktor-mackowiak\/"]}]},{"@type":"BreadcrumbList","@id":"https:\/\/psychostudio.pl\/index.php\/zespol\/wiktor-mackowiak\/#breadcrumb","itemListElement":[{"@type":"ListItem","position":1,"name":"Strona g\u0142\u00f3wna","item":"https:\/\/psychostudio.pl\/"},{"@type":"ListItem","position":2,"name":"Zesp\u00f3\u0142","item":"https:\/\/psychostudio.pl\/index.php\/zespol\/"},{"@type":"ListItem","position":3,"name":"Wiktor Ma\u0107kowiak"}]}]}},"_links":{"self":[{"href":"https:\/\/psychostudio.pl\/index.php\/wp-json\/wp\/v2\/pages\/117"}],"collection":[{"href":"https:\/\/psychostudio.pl\/index.php\/wp-json\/wp\/v2\/pages"}],"about":[{"href":"https:\/\/psychostudio.pl\/index.php\/wp-json\/wp\/v2\/types\/page"}],"author":[{"embeddable":true,"href":"https:\/\/psychostudio.pl\/index.php\/wp-json\/wp\/v2\/users\/1"}],"replies":[{"embeddable":true,"href":"https:\/\/psychostudio.pl\/index.php\/wp-json\/wp\/v2\/comments?post=117"}],"version-history":[{"count":25,"href":"https:\/\/psychostudio.pl\/index.php\/wp-json\/wp\/v2\/pages\/117\/revisions"}],"predecessor-version":[{"id":861,"href":"https:\/\/psychostudio.pl\/index.php\/wp-json\/wp\/v2\/pages\/117\/revisions\/861"}],"up":[{"embeddable":true,"href":"https:\/\/psychostudio.pl\/index.php\/wp-json\/wp\/v2\/pages\/66"}],"wp:featuredmedia":[{"embeddable":true,"href":"https:\/\/psychostudio.pl\/index.php\/wp-json\/wp\/v2\/media\/378"}],"wp:attachment":[{"href":"https:\/\/psychostudio.pl\/index.php\/wp-json\/wp\/v2\/media?parent=117"}],"curies":[{"name":"wp","href":"https:\/\/api.w.org\/{rel}","templated":true}]}}