{"id":111,"date":"2018-10-02T12:15:01","date_gmt":"2018-10-02T10:15:01","guid":{"rendered":"https:\/\/psychostudio.pl\/?page_id=111"},"modified":"2020-05-14T04:37:34","modified_gmt":"2020-05-14T02:37:34","slug":"adam-nieradzik-2","status":"publish","type":"page","link":"https:\/\/psychostudio.pl\/index.php\/zespol\/adam-nieradzik-2\/","title":{"rendered":"Adam Nieradzik"},"content":{"rendered":"\t\t<div data-elementor-type=\"wp-post\" data-elementor-id=\"111\" class=\"elementor elementor-111\">\n\t\t\t\t\t\t<div class=\"elementor-inner\">\n\t\t\t\t<div class=\"elementor-section-wrap\">\n\t\t\t\t\t\t\t\t\t<section class=\"elementor-section elementor-top-section elementor-element elementor-element-7ae16b5 elementor-section-boxed elementor-section-height-default elementor-section-height-default\" data-id=\"7ae16b5\" data-element_type=\"section\">\n\t\t\t\t\t\t<div class=\"elementor-container elementor-column-gap-default\">\n\t\t\t\t\t\t\t<div class=\"elementor-row\">\n\t\t\t\t\t<div class=\"elementor-column elementor-col-100 elementor-top-column elementor-element elementor-element-a2dd6f4\" data-id=\"a2dd6f4\" data-element_type=\"column\">\n\t\t\t<div class=\"elementor-column-wrap elementor-element-populated\">\n\t\t\t\t\t\t\t<div class=\"elementor-widget-wrap\">\n\t\t\t\t\t\t<section class=\"elementor-section elementor-inner-section elementor-element elementor-element-71cbb77 elementor-section-boxed elementor-section-height-default elementor-section-height-default\" data-id=\"71cbb77\" data-element_type=\"section\">\n\t\t\t\t\t\t<div class=\"elementor-container elementor-column-gap-default\">\n\t\t\t\t\t\t\t<div class=\"elementor-row\">\n\t\t\t\t\t<div class=\"elementor-column elementor-col-33 elementor-inner-column elementor-element elementor-element-9526bfb\" data-id=\"9526bfb\" data-element_type=\"column\">\n\t\t\t<div class=\"elementor-column-wrap elementor-element-populated\">\n\t\t\t\t\t\t\t<div class=\"elementor-widget-wrap\">\n\t\t\t\t\t\t<div class=\"elementor-element elementor-element-85fb190 elementor-invisible elementor-widget elementor-widget-image\" data-id=\"85fb190\" data-element_type=\"widget\" data-settings=\"{&quot;_animation&quot;:&quot;fadeInLeft&quot;,&quot;_animation_delay&quot;:0}\" data-widget_type=\"image.default\">\n\t\t\t\t<div class=\"elementor-widget-container\">\n\t\t\t\t\t\t\t\t<div class=\"elementor-image\">\n\t\t\t\t\t\t\t\t\t\t\t\t<img width=\"500\" height=\"500\" src=\"https:\/\/psychostudio.pl\/wp-content\/uploads\/2018\/11\/Adam-Nieradzik-500x500-Zoptymalizowane-Kolo.png\" class=\"attachment-large size-large wp-image-510\" alt=\"\" loading=\"lazy\" srcset=\"https:\/\/psychostudio.pl\/wp-content\/uploads\/2018\/11\/Adam-Nieradzik-500x500-Zoptymalizowane-Kolo.png 500w, https:\/\/psychostudio.pl\/wp-content\/uploads\/2018\/11\/Adam-Nieradzik-500x500-Zoptymalizowane-Kolo-150x150.png 150w, https:\/\/psychostudio.pl\/wp-content\/uploads\/2018\/11\/Adam-Nieradzik-500x500-Zoptymalizowane-Kolo-300x300.png 300w\" sizes=\"(max-width: 500px) 100vw, 500px\" \/>\t\t\t\t\t\t\t\t\t\t\t\t\t\t<\/div>\n\t\t\t\t\t\t<\/div>\n\t\t\t\t<\/div>\n\t\t\t\t\t\t<\/div>\n\t\t\t\t\t<\/div>\n\t\t<\/div>\n\t\t\t\t<div class=\"elementor-column elementor-col-66 elementor-inner-column elementor-element elementor-element-5fd5add\" data-id=\"5fd5add\" data-element_type=\"column\">\n\t\t\t<div class=\"elementor-column-wrap elementor-element-populated\">\n\t\t\t\t\t\t\t<div class=\"elementor-widget-wrap\">\n\t\t\t\t\t\t<div class=\"elementor-element elementor-element-2819385 elementor-invisible elementor-widget elementor-widget-text-editor\" data-id=\"2819385\" data-element_type=\"widget\" data-settings=\"{&quot;_animation&quot;:&quot;fadeInRight&quot;,&quot;_animation_delay&quot;:100}\" data-widget_type=\"text-editor.default\">\n\t\t\t\t<div class=\"elementor-widget-container\">\n\t\t\t\t\t\t\t\t<div class=\"elementor-text-editor elementor-clearfix\">\n\t\t\t\t<p><strong>Rola: <\/strong>CTO | After Effects Specialist | IT Admin<strong><br \/>Specjalizacja:<\/strong>\u00a0IT | After Effects | Foto | Operator<br \/><strong>System<\/strong><strong>:<\/strong> Multisystemowiec, g\u0142\u00f3wnie Nikon i Sony<\/p><p><span style=\"font-family: Montserrat;\">Adam jest u nas odpowiedzialny g\u0142\u00f3wnie za techniczn\u0105 stron\u0119 studia, czyli strona internetowa, serwery, sie\u0107, itp. oraz za efekty specjalne w materia\u0142ach, jak i monta\u017c.<\/span><\/p><p><span style=\"font-family: Montserrat;\">Fan nowych technologi, Linuxa, ThinkPad\u00f3w, Androidowiec, Data Hoarder, petrolhead, oraz obro\u0144ca dobrego imienia francuskich samochod\u00f3w (chocia\u017c i tak woli Japo\u0144czyki). <br \/><\/span><span style=\"font-family: Montserrat;\">Jedyny Nikoniarz w ca\u0142ej ekipie (cho\u0107 nie pogardzi postrzela\u0107 z Canona).<\/span><\/p><p>Interesuje si\u0119, a jak\u017ce, informatyk\u0105, motocrossem, sportami motorowymi, rajdami WRC, nowymi technologiami, fotografi\u0105 i wideografi\u0105, sprz\u0119tem foto\/wideo oraz muzycznym.<\/p><p><span style=\"font-family: Montserrat; font-size: inherit;\">Wolny czas sp\u0119dza na fotografii, zabawie z kodem, administracji oraz podr\u00f3\u017cowaniu.<\/span><\/p><p><span style=\"font-family: Montserrat; font-size: inherit;\">Uzale\u017cniony od kawy, linuksowego terminala, After Effects&#8217;a, winyli, benzyny oraz dobrej muzyki.<\/span><\/p><p><span style=\"font-size: inherit;\">By\u0142y student Informatyki w <\/span><em style=\"font-family: inherit; font-size: inherit;\">Athlone Institute of Technology<\/em><span style=\"font-size: inherit;\">. (Bachelor of Science in Network Management).<\/span><\/p>\t\t\t\t\t<\/div>\n\t\t\t\t\t\t<\/div>\n\t\t\t\t<\/div>\n\t\t\t\t\t\t<\/div>\n\t\t\t\t\t<\/div>\n\t\t<\/div>\n\t\t\t\t\t\t\t\t<\/div>\n\t\t\t\t\t<\/div>\n\t\t<\/section>\n\t\t\t\t\t\t<\/div>\n\t\t\t\t\t<\/div>\n\t\t<\/div>\n\t\t\t\t\t\t\t\t<\/div>\n\t\t\t\t\t<\/div>\n\t\t<\/section>\n\t\t\t\t<section class=\"elementor-section elementor-inner-section elementor-element elementor-element-e85c672 elementor-section-boxed elementor-section-height-default elementor-section-height-default\" data-id=\"e85c672\" data-element_type=\"section\">\n\t\t\t\t\t\t<div class=\"elementor-container elementor-column-gap-default\">\n\t\t\t\t\t\t\t<div class=\"elementor-row\">\n\t\t\t\t\t<div class=\"elementor-column elementor-col-66 elementor-inner-column elementor-element elementor-element-5796fde\" data-id=\"5796fde\" data-element_type=\"column\">\n\t\t\t<div class=\"elementor-column-wrap elementor-element-populated\">\n\t\t\t\t\t\t\t<div class=\"elementor-widget-wrap\">\n\t\t\t\t\t\t<div class=\"elementor-element elementor-element-034b3b3 elementor-invisible elementor-widget elementor-widget-heading\" data-id=\"034b3b3\" data-element_type=\"widget\" data-settings=\"{&quot;_animation&quot;:&quot;fadeInLeft&quot;,&quot;_animation_delay&quot;:500}\" data-widget_type=\"heading.default\">\n\t\t\t\t<div class=\"elementor-widget-container\">\n\t\t\t<h3 class=\"elementor-heading-title elementor-size-xl\">Obserwuj Adama<\/h3>\t\t<\/div>\n\t\t\t\t<\/div>\n\t\t\t\t\t\t<\/div>\n\t\t\t\t\t<\/div>\n\t\t<\/div>\n\t\t\t\t<div class=\"elementor-column elementor-col-33 elementor-inner-column elementor-element elementor-element-72d5649\" data-id=\"72d5649\" data-element_type=\"column\">\n\t\t\t<div class=\"elementor-column-wrap elementor-element-populated\">\n\t\t\t\t\t\t\t<div class=\"elementor-widget-wrap\">\n\t\t\t\t\t\t<div class=\"elementor-element elementor-element-3d06e7a elementor-shape-circle e-grid-align-right elementor-grid-0 elementor-invisible elementor-widget elementor-widget-social-icons\" data-id=\"3d06e7a\" data-element_type=\"widget\" data-settings=\"{&quot;_animation&quot;:&quot;fadeInRight&quot;,&quot;_animation_delay&quot;:1000}\" data-widget_type=\"social-icons.default\">\n\t\t\t\t<div class=\"elementor-widget-container\">\n\t\t\t\t\t<div class=\"elementor-social-icons-wrapper elementor-grid\">\n\t\t\t\t\t\t\t<span class=\"elementor-grid-item\">\n\t\t\t\t\t<a class=\"elementor-icon elementor-social-icon elementor-social-icon-facebook elementor-animation-grow elementor-repeater-item-b5827cd\" href=\"https:\/\/www.facebook.com\/DSLRwalker.1\" target=\"_blank\">\n\t\t\t\t\t\t<span class=\"elementor-screen-only\">Facebook<\/span>\n\t\t\t\t\t\t\t\t\t\t\t\t\t<i class=\"fa fa-facebook\"><\/i>\n\t\t\t\t\t\t\t\t\t\t\t<\/a>\n\t\t\t\t<\/span>\n\t\t\t\t\t\t\t<span class=\"elementor-grid-item\">\n\t\t\t\t\t<a class=\"elementor-icon elementor-social-icon elementor-social-icon-twitter elementor-animation-grow elementor-repeater-item-3635905\" href=\"https:\/\/twitter.com\/dslrwalker\" target=\"_blank\">\n\t\t\t\t\t\t<span class=\"elementor-screen-only\">Twitter<\/span>\n\t\t\t\t\t\t\t\t\t\t\t\t\t<i class=\"fa fa-twitter\"><\/i>\n\t\t\t\t\t\t\t\t\t\t\t<\/a>\n\t\t\t\t<\/span>\n\t\t\t\t\t\t\t<span class=\"elementor-grid-item\">\n\t\t\t\t\t<a class=\"elementor-icon elementor-social-icon elementor-social-icon-instagram elementor-animation-grow elementor-repeater-item-107e115\" href=\"https:\/\/www.instagram.com\/dslrwalker\/\" target=\"_blank\">\n\t\t\t\t\t\t<span class=\"elementor-screen-only\">Instagram<\/span>\n\t\t\t\t\t\t\t\t\t\t\t\t\t<i class=\"fa fa-instagram\"><\/i>\n\t\t\t\t\t\t\t\t\t\t\t<\/a>\n\t\t\t\t<\/span>\n\t\t\t\t\t<\/div>\n\t\t\t\t<\/div>\n\t\t\t\t<\/div>\n\t\t\t\t\t\t<\/div>\n\t\t\t\t\t<\/div>\n\t\t<\/div>\n\t\t\t\t\t\t\t\t<\/div>\n\t\t\t\t\t<\/div>\n\t\t<\/section>\n\t\t\t\t<section class=\"elementor-section elementor-top-section elementor-element elementor-element-2d92a03 elementor-section-boxed elementor-section-height-default elementor-section-height-default elementor-invisible\" data-id=\"2d92a03\" data-element_type=\"section\" data-settings=\"{&quot;animation&quot;:&quot;fadeInUp&quot;,&quot;animation_delay&quot;:800}\">\n\t\t\t\t\t\t<div class=\"elementor-container elementor-column-gap-default\">\n\t\t\t\t\t\t\t<div class=\"elementor-row\">\n\t\t\t\t\t<div class=\"elementor-column elementor-col-100 elementor-top-column elementor-element elementor-element-d7a6fce\" data-id=\"d7a6fce\" data-element_type=\"column\">\n\t\t\t<div class=\"elementor-column-wrap elementor-element-populated\">\n\t\t\t\t\t\t\t<div class=\"elementor-widget-wrap\">\n\t\t\t\t\t\t<div class=\"elementor-element elementor-element-959f2ba elementor-widget elementor-widget-image\" data-id=\"959f2ba\" data-element_type=\"widget\" data-widget_type=\"image.default\">\n\t\t\t\t<div class=\"elementor-widget-container\">\n\t\t\t\t\t\t\t\t<div class=\"elementor-image\">\n\t\t\t\t\t\t\t\t\t\t\t\t\t<a href=\"https:\/\/psychostudio.pl\/wp-content\/uploads\/2019\/01\/Adam-Nieradzik-1366x768-Optimized.jpg\" data-elementor-open-lightbox=\"yes\" data-elementor-lightbox-title=\"AdamNieradzik_BackStage_1_Optimized\" data-e-action-hash=\"#elementor-action%3Aaction%3Dlightbox%26settings%3DeyJpZCI6NzU2LCJ1cmwiOiJodHRwczpcL1wvcHN5Y2hvc3R1ZGlvLnBsXC93cC1jb250ZW50XC91cGxvYWRzXC8yMDE5XC8wMVwvQWRhbS1OaWVyYWR6aWstMTM2Nng3NjgtT3B0aW1pemVkLmpwZyJ9\">\n\t\t\t\t\t\t\t<img width=\"750\" height=\"422\" src=\"https:\/\/psychostudio.pl\/wp-content\/uploads\/2019\/01\/Adam-Nieradzik-1366x768-Optimized-1024x576.jpg\" class=\"attachment-large size-large wp-image-756\" alt=\"\" loading=\"lazy\" srcset=\"https:\/\/psychostudio.pl\/wp-content\/uploads\/2019\/01\/Adam-Nieradzik-1366x768-Optimized-1024x576.jpg 1024w, https:\/\/psychostudio.pl\/wp-content\/uploads\/2019\/01\/Adam-Nieradzik-1366x768-Optimized-300x169.jpg 300w, https:\/\/psychostudio.pl\/wp-content\/uploads\/2019\/01\/Adam-Nieradzik-1366x768-Optimized-768x432.jpg 768w, https:\/\/psychostudio.pl\/wp-content\/uploads\/2019\/01\/Adam-Nieradzik-1366x768-Optimized.jpg 1366w\" sizes=\"(max-width: 750px) 100vw, 750px\" \/>\t\t\t\t\t\t\t\t<\/a>\n\t\t\t\t\t\t\t\t\t\t\t\t\t\t<\/div>\n\t\t\t\t\t\t<\/div>\n\t\t\t\t<\/div>\n\t\t\t\t\t\t<\/div>\n\t\t\t\t\t<\/div>\n\t\t<\/div>\n\t\t\t\t\t\t\t\t<\/div>\n\t\t\t\t\t<\/div>\n\t\t<\/section>\n\t\t\t\t\t\t\t\t\t<\/div>\n\t\t\t<\/div>\n\t\t\t\t\t<\/div>\n\t\t","protected":false},"excerpt":{"rendered":"<p>Rola: CTO | After Effects Specialist | IT AdminSpecjalizacja:\u00a0IT | After Effects | Foto | OperatorSystem: Multisystemowiec, g\u0142\u00f3wnie Nikon i Sony Adam jest u nas odpowiedzialny g\u0142\u00f3wnie za techniczn\u0105 stron\u0119 studia, czyli strona internetowa, serwery, sie\u0107, itp. oraz za efekty specjalne w materia\u0142ach, jak i monta\u017c. Fan nowych technologi, Linuxa,<a class=\"moretag\" href=\"https:\/\/psychostudio.pl\/index.php\/zespol\/adam-nieradzik-2\/\"> Czytaj wi\u0119cej<\/a><\/p>\n","protected":false},"author":1,"featured_media":283,"parent":66,"menu_order":0,"comment_status":"closed","ping_status":"closed","template":"","meta":[],"yoast_head":"<!-- This site is optimized with the Yoast SEO plugin v19.4 - https:\/\/yoast.com\/wordpress\/plugins\/seo\/ -->\n<title>Adam Nieradzik - PsychoStudio<\/title>\n<meta name=\"robots\" content=\"index, follow, max-snippet:-1, max-image-preview:large, max-video-preview:-1\" \/>\n<link rel=\"canonical\" href=\"https:\/\/psychostudio.pl\/index.php\/zespol\/adam-nieradzik-2\/\" \/>\n<meta property=\"og:locale\" content=\"pl_PL\" \/>\n<meta property=\"og:type\" content=\"article\" \/>\n<meta property=\"og:title\" content=\"Adam Nieradzik - PsychoStudio\" \/>\n<meta property=\"og:description\" content=\"Rola: CTO | After Effects Specialist | IT AdminSpecjalizacja:\u00a0IT | After Effects | Foto | OperatorSystem: Multisystemowiec, g\u0142\u00f3wnie Nikon i Sony Adam jest u nas odpowiedzialny g\u0142\u00f3wnie za techniczn\u0105 stron\u0119 studia, czyli strona internetowa, serwery, sie\u0107, itp. oraz za efekty specjalne w materia\u0142ach, jak i monta\u017c. Fan nowych technologi, Linuxa, Czytaj wi\u0119cej\" \/>\n<meta property=\"og:url\" content=\"https:\/\/psychostudio.pl\/index.php\/zespol\/adam-nieradzik-2\/\" \/>\n<meta property=\"og:site_name\" content=\"PsychoStudio\" \/>\n<meta property=\"article:publisher\" content=\"https:\/\/www.facebook.com\/psychostudiocam\/\" \/>\n<meta property=\"article:modified_time\" content=\"2020-05-14T02:37:34+00:00\" \/>\n<meta property=\"og:image\" content=\"https:\/\/i1.wp.com\/psychostudio.pl\/wp-content\/uploads\/2018\/10\/Adam-Nieradzik.jpg?fit=1000%2C563&ssl=1\" \/>\n\t<meta property=\"og:image:width\" content=\"1000\" \/>\n\t<meta property=\"og:image:height\" content=\"563\" \/>\n\t<meta property=\"og:image:type\" content=\"image\/jpeg\" \/>\n<meta name=\"twitter:card\" content=\"summary_large_image\" \/>\n<meta name=\"twitter:label1\" content=\"Szacowany czas czytania\" \/>\n\t<meta name=\"twitter:data1\" content=\"1 minuta\" \/>\n<script type=\"application\/ld+json\" class=\"yoast-schema-graph\">{\"@context\":\"https:\/\/schema.org\",\"@graph\":[{\"@type\":\"Organization\",\"@id\":\"https:\/\/psychostudio.pl\/#organization\",\"name\":\"PsychoStudio\",\"url\":\"https:\/\/psychostudio.pl\/\",\"sameAs\":[\"https:\/\/www.instagram.com\/psychostudio_cam\/\",\"https:\/\/www.youtube.com\/channel\/UC2uVduW06Kb8pkXyqQX1hAg\",\"https:\/\/www.facebook.com\/psychostudiocam\/\"],\"logo\":{\"@type\":\"ImageObject\",\"inLanguage\":\"pl-PL\",\"@id\":\"https:\/\/psychostudio.pl\/#\/schema\/logo\/image\/\",\"url\":\"https:\/\/i0.wp.com\/psychostudio.pl\/wp-content\/uploads\/2018\/09\/PsYcHoSTUDIO.png?fit=500%2C500&ssl=1\",\"contentUrl\":\"https:\/\/i0.wp.com\/psychostudio.pl\/wp-content\/uploads\/2018\/09\/PsYcHoSTUDIO.png?fit=500%2C500&ssl=1\",\"width\":500,\"height\":500,\"caption\":\"PsychoStudio\"},\"image\":{\"@id\":\"https:\/\/psychostudio.pl\/#\/schema\/logo\/image\/\"}},{\"@type\":\"WebSite\",\"@id\":\"https:\/\/psychostudio.pl\/#website\",\"url\":\"https:\/\/psychostudio.pl\/\",\"name\":\"PsychoStudio\",\"description\":\"More than epic\",\"publisher\":{\"@id\":\"https:\/\/psychostudio.pl\/#organization\"},\"potentialAction\":[{\"@type\":\"SearchAction\",\"target\":{\"@type\":\"EntryPoint\",\"urlTemplate\":\"https:\/\/psychostudio.pl\/?s={search_term_string}\"},\"query-input\":\"required name=search_term_string\"}],\"inLanguage\":\"pl-PL\"},{\"@type\":\"WebPage\",\"@id\":\"https:\/\/psychostudio.pl\/index.php\/zespol\/adam-nieradzik-2\/\",\"url\":\"https:\/\/psychostudio.pl\/index.php\/zespol\/adam-nieradzik-2\/\",\"name\":\"Adam Nieradzik - PsychoStudio\",\"isPartOf\":{\"@id\":\"https:\/\/psychostudio.pl\/#website\"},\"datePublished\":\"2018-10-02T10:15:01+00:00\",\"dateModified\":\"2020-05-14T02:37:34+00:00\",\"breadcrumb\":{\"@id\":\"https:\/\/psychostudio.pl\/index.php\/zespol\/adam-nieradzik-2\/#breadcrumb\"},\"inLanguage\":\"pl-PL\",\"potentialAction\":[{\"@type\":\"ReadAction\",\"target\":[\"https:\/\/psychostudio.pl\/index.php\/zespol\/adam-nieradzik-2\/\"]}]},{\"@type\":\"BreadcrumbList\",\"@id\":\"https:\/\/psychostudio.pl\/index.php\/zespol\/adam-nieradzik-2\/#breadcrumb\",\"itemListElement\":[{\"@type\":\"ListItem\",\"position\":1,\"name\":\"Strona g\u0142\u00f3wna\",\"item\":\"https:\/\/psychostudio.pl\/\"},{\"@type\":\"ListItem\",\"position\":2,\"name\":\"Zesp\u00f3\u0142\",\"item\":\"https:\/\/psychostudio.pl\/index.php\/zespol\/\"},{\"@type\":\"ListItem\",\"position\":3,\"name\":\"Adam Nieradzik\"}]}]}<\/script>\n<!-- \/ Yoast SEO plugin. -->","yoast_head_json":{"title":"Adam Nieradzik - PsychoStudio","robots":{"index":"index","follow":"follow","max-snippet":"max-snippet:-1","max-image-preview":"max-image-preview:large","max-video-preview":"max-video-preview:-1"},"canonical":"https:\/\/psychostudio.pl\/index.php\/zespol\/adam-nieradzik-2\/","og_locale":"pl_PL","og_type":"article","og_title":"Adam Nieradzik - PsychoStudio","og_description":"Rola: CTO | After Effects Specialist | IT AdminSpecjalizacja:\u00a0IT | After Effects | Foto | OperatorSystem: Multisystemowiec, g\u0142\u00f3wnie Nikon i Sony Adam jest u nas odpowiedzialny g\u0142\u00f3wnie za techniczn\u0105 stron\u0119 studia, czyli strona internetowa, serwery, sie\u0107, itp. oraz za efekty specjalne w materia\u0142ach, jak i monta\u017c. Fan nowych technologi, Linuxa, Czytaj wi\u0119cej","og_url":"https:\/\/psychostudio.pl\/index.php\/zespol\/adam-nieradzik-2\/","og_site_name":"PsychoStudio","article_publisher":"https:\/\/www.facebook.com\/psychostudiocam\/","article_modified_time":"2020-05-14T02:37:34+00:00","og_image":[{"width":1000,"height":563,"url":"https:\/\/i1.wp.com\/psychostudio.pl\/wp-content\/uploads\/2018\/10\/Adam-Nieradzik.jpg?fit=1000%2C563&ssl=1","type":"image\/jpeg"}],"twitter_card":"summary_large_image","twitter_misc":{"Szacowany czas czytania":"1 minuta"},"schema":{"@context":"https:\/\/schema.org","@graph":[{"@type":"Organization","@id":"https:\/\/psychostudio.pl\/#organization","name":"PsychoStudio","url":"https:\/\/psychostudio.pl\/","sameAs":["https:\/\/www.instagram.com\/psychostudio_cam\/","https:\/\/www.youtube.com\/channel\/UC2uVduW06Kb8pkXyqQX1hAg","https:\/\/www.facebook.com\/psychostudiocam\/"],"logo":{"@type":"ImageObject","inLanguage":"pl-PL","@id":"https:\/\/psychostudio.pl\/#\/schema\/logo\/image\/","url":"https:\/\/i0.wp.com\/psychostudio.pl\/wp-content\/uploads\/2018\/09\/PsYcHoSTUDIO.png?fit=500%2C500&ssl=1","contentUrl":"https:\/\/i0.wp.com\/psychostudio.pl\/wp-content\/uploads\/2018\/09\/PsYcHoSTUDIO.png?fit=500%2C500&ssl=1","width":500,"height":500,"caption":"PsychoStudio"},"image":{"@id":"https:\/\/psychostudio.pl\/#\/schema\/logo\/image\/"}},{"@type":"WebSite","@id":"https:\/\/psychostudio.pl\/#website","url":"https:\/\/psychostudio.pl\/","name":"PsychoStudio","description":"More than epic","publisher":{"@id":"https:\/\/psychostudio.pl\/#organization"},"potentialAction":[{"@type":"SearchAction","target":{"@type":"EntryPoint","urlTemplate":"https:\/\/psychostudio.pl\/?s={search_term_string}"},"query-input":"required name=search_term_string"}],"inLanguage":"pl-PL"},{"@type":"WebPage","@id":"https:\/\/psychostudio.pl\/index.php\/zespol\/adam-nieradzik-2\/","url":"https:\/\/psychostudio.pl\/index.php\/zespol\/adam-nieradzik-2\/","name":"Adam Nieradzik - PsychoStudio","isPartOf":{"@id":"https:\/\/psychostudio.pl\/#website"},"datePublished":"2018-10-02T10:15:01+00:00","dateModified":"2020-05-14T02:37:34+00:00","breadcrumb":{"@id":"https:\/\/psychostudio.pl\/index.php\/zespol\/adam-nieradzik-2\/#breadcrumb"},"inLanguage":"pl-PL","potentialAction":[{"@type":"ReadAction","target":["https:\/\/psychostudio.pl\/index.php\/zespol\/adam-nieradzik-2\/"]}]},{"@type":"BreadcrumbList","@id":"https:\/\/psychostudio.pl\/index.php\/zespol\/adam-nieradzik-2\/#breadcrumb","itemListElement":[{"@type":"ListItem","position":1,"name":"Strona g\u0142\u00f3wna","item":"https:\/\/psychostudio.pl\/"},{"@type":"ListItem","position":2,"name":"Zesp\u00f3\u0142","item":"https:\/\/psychostudio.pl\/index.php\/zespol\/"},{"@type":"ListItem","position":3,"name":"Adam Nieradzik"}]}]}},"_links":{"self":[{"href":"https:\/\/psychostudio.pl\/index.php\/wp-json\/wp\/v2\/pages\/111"}],"collection":[{"href":"https:\/\/psychostudio.pl\/index.php\/wp-json\/wp\/v2\/pages"}],"about":[{"href":"https:\/\/psychostudio.pl\/index.php\/wp-json\/wp\/v2\/types\/page"}],"author":[{"embeddable":true,"href":"https:\/\/psychostudio.pl\/index.php\/wp-json\/wp\/v2\/users\/1"}],"replies":[{"embeddable":true,"href":"https:\/\/psychostudio.pl\/index.php\/wp-json\/wp\/v2\/comments?post=111"}],"version-history":[{"count":31,"href":"https:\/\/psychostudio.pl\/index.php\/wp-json\/wp\/v2\/pages\/111\/revisions"}],"predecessor-version":[{"id":882,"href":"https:\/\/psychostudio.pl\/index.php\/wp-json\/wp\/v2\/pages\/111\/revisions\/882"}],"up":[{"embeddable":true,"href":"https:\/\/psychostudio.pl\/index.php\/wp-json\/wp\/v2\/pages\/66"}],"wp:featuredmedia":[{"embeddable":true,"href":"https:\/\/psychostudio.pl\/index.php\/wp-json\/wp\/v2\/media\/283"}],"wp:attachment":[{"href":"https:\/\/psychostudio.pl\/index.php\/wp-json\/wp\/v2\/media?parent=111"}],"curies":[{"name":"wp","href":"https:\/\/api.w.org\/{rel}","templated":true}]}}