{"id":108,"date":"2018-10-02T12:14:22","date_gmt":"2018-10-02T10:14:22","guid":{"rendered":"https:\/\/psychostudio.pl\/?page_id=108"},"modified":"2020-05-14T01:22:44","modified_gmt":"2020-05-13T23:22:44","slug":"jakub-waletko","status":"publish","type":"page","link":"https:\/\/psychostudio.pl\/index.php\/zespol\/jakub-waletko\/","title":{"rendered":"Jakub Waletko"},"content":{"rendered":"\t\t<div data-elementor-type=\"wp-page\" data-elementor-id=\"108\" class=\"elementor elementor-108\">\n\t\t\t\t\t\t<div class=\"elementor-inner\">\n\t\t\t\t<div class=\"elementor-section-wrap\">\n\t\t\t\t\t\t\t\t\t<section class=\"elementor-section elementor-top-section elementor-element elementor-element-118f0fb elementor-section-boxed elementor-section-height-default elementor-section-height-default\" data-id=\"118f0fb\" data-element_type=\"section\">\n\t\t\t\t\t\t<div class=\"elementor-container elementor-column-gap-default\">\n\t\t\t\t\t\t\t<div class=\"elementor-row\">\n\t\t\t\t\t<div class=\"elementor-column elementor-col-100 elementor-top-column elementor-element elementor-element-0a7bcd3\" data-id=\"0a7bcd3\" data-element_type=\"column\">\n\t\t\t<div class=\"elementor-column-wrap elementor-element-populated\">\n\t\t\t\t\t\t\t<div class=\"elementor-widget-wrap\">\n\t\t\t\t\t\t<section class=\"elementor-section elementor-inner-section elementor-element elementor-element-cf08f2b elementor-section-boxed elementor-section-height-default elementor-section-height-default\" data-id=\"cf08f2b\" data-element_type=\"section\">\n\t\t\t\t\t\t<div class=\"elementor-container elementor-column-gap-default\">\n\t\t\t\t\t\t\t<div class=\"elementor-row\">\n\t\t\t\t\t<div class=\"elementor-column elementor-col-33 elementor-inner-column elementor-element elementor-element-1611687\" data-id=\"1611687\" data-element_type=\"column\">\n\t\t\t<div class=\"elementor-column-wrap elementor-element-populated\">\n\t\t\t\t\t\t\t<div class=\"elementor-widget-wrap\">\n\t\t\t\t\t\t<div class=\"elementor-element elementor-element-b01ae8d elementor-invisible elementor-widget elementor-widget-image\" data-id=\"b01ae8d\" data-element_type=\"widget\" data-settings=\"{&quot;_animation&quot;:&quot;fadeInLeft&quot;,&quot;_animation_delay&quot;:0}\" data-widget_type=\"image.default\">\n\t\t\t\t<div class=\"elementor-widget-container\">\n\t\t\t\t\t\t\t\t<div class=\"elementor-image\">\n\t\t\t\t\t\t\t\t\t\t\t\t<img width=\"500\" height=\"500\" src=\"https:\/\/psychostudio.pl\/wp-content\/uploads\/2020\/05\/kuba.png\" class=\"attachment-large size-large wp-image-869\" alt=\"\" loading=\"lazy\" srcset=\"https:\/\/psychostudio.pl\/wp-content\/uploads\/2020\/05\/kuba.png 500w, https:\/\/psychostudio.pl\/wp-content\/uploads\/2020\/05\/kuba-300x300.png 300w, https:\/\/psychostudio.pl\/wp-content\/uploads\/2020\/05\/kuba-150x150.png 150w\" sizes=\"(max-width: 500px) 100vw, 500px\" \/>\t\t\t\t\t\t\t\t\t\t\t\t\t\t<\/div>\n\t\t\t\t\t\t<\/div>\n\t\t\t\t<\/div>\n\t\t\t\t\t\t<\/div>\n\t\t\t\t\t<\/div>\n\t\t<\/div>\n\t\t\t\t<div class=\"elementor-column elementor-col-66 elementor-inner-column elementor-element elementor-element-e9e5ab0\" data-id=\"e9e5ab0\" data-element_type=\"column\">\n\t\t\t<div class=\"elementor-column-wrap elementor-element-populated\">\n\t\t\t\t\t\t\t<div class=\"elementor-widget-wrap\">\n\t\t\t\t\t\t<div class=\"elementor-element elementor-element-14a20d6 elementor-invisible elementor-widget elementor-widget-text-editor\" data-id=\"14a20d6\" data-element_type=\"widget\" data-settings=\"{&quot;_animation&quot;:&quot;fadeInRight&quot;,&quot;_animation_delay&quot;:100}\" data-widget_type=\"text-editor.default\">\n\t\t\t\t<div class=\"elementor-widget-container\">\n\t\t\t\t\t\t\t\t<div class=\"elementor-text-editor elementor-clearfix\">\n\t\t\t\t<p style=\"margin: 0px 0px 15px; text-align: left; color: #3c4858; text-transform: none; line-height: 1.618; text-indent: 0px; letter-spacing: normal; font-size: inherit; font-style: normal; font-variant: normal; font-weight: 300; text-decoration: none; word-spacing: 0px; white-space: normal; box-sizing: border-box; orphans: 2; -webkit-tap-highlight-color: transparent; -webkit-text-stroke-width: 0px;\"><b>Rola:<\/b>\u00a0Za\u0142o\u017cyciel | Dyrektor Produkcji | Operator | Fotograf | Pilot Dron\u00f3w<b><br style=\"box-sizing: border-box; -webkit-tap-highlight-color: transparent;\" \/>Specjalizacja:<\/b>\u00a0Licencjonowany Pilot Dron\u00f3w | Photoshop | Premiere Pro<br style=\"box-sizing: border-box; -webkit-tap-highlight-color: transparent;\" \/><strong style=\"box-sizing: border-box; font-weight: bold; -webkit-tap-highlight-color: transparent;\">System<\/strong><strong style=\"box-sizing: border-box; font-weight: bold; -webkit-tap-highlight-color: transparent;\">:<\/strong> Canon | Sony<\/p><p>Kuba jest ojcem za\u0142o\u017cycielem PsychoStudio.<\/p><p><span style=\"font-size: inherit;\">Z wykszta\u0142cenia Technik Mechatronik. Pracowa\u0142 prawie wsz\u0119dzie, od serwis\u00f3w maszyn przemys\u0142u ci\u0119\u017ckiego, po lokalne portale informacyjne. <br \/>Przerodzi\u0142 swoj\u0105 pasj\u0119 w spos\u00f3b na \u017cycie, ma\u0142o tego, poci\u0105gn\u0105\u0142 za sob\u0105 swoich r\u00f3wie\u015bnik\u00f3w, dzi\u0119ki czemu dzisiaj mo\u017cna o nich czyta\u0107 na naszej stronie.<\/span><\/p><p><span style=\"font-size: inherit;\">Od kilku lat powi\u0119ksza swoje do\u015bwiadczenie w zakresie film\u00f3w, fotografii oraz obs\u0142ugi dron\u00f3w.<br \/>Pilot jakich ma\u0142o, nieraz jego uj\u0119cia podnosi\u0142y ci\u015bnienie ogl\u0105daj\u0105cym, jak i jemu samemu.<br \/><\/span><span style=\"font-size: inherit;\">Nie szcz\u0119dzi sprz\u0119tu &#8211; jak mawia &#8211; \u201e<em>Niesamowity kadr jest wa\u017cniejszy od sprz\u0119tu i zdrowia!<\/em>\u201d, dzi\u0119ki czemu mo\u017cemy podziwia\u0107 oryginalne i cz\u0119sto niepowtarzalne materia\u0142y w jego wykonaniu.<\/span><\/p><p><span style=\"font-size: inherit;\">Po pracy zajmuje si\u0119\u2026 prac\u0105!<br \/>Fotografia, filmy i drony to jego g\u0142\u00f3wne hobby, dzi\u0119ki czemu po\u015bwi\u0119ca im prawie ca\u0142y sw\u00f3j czas.<br \/><\/span><span style=\"font-size: inherit;\">Poza tym gra na perkusji, ale tylko gdy jest brzydka pogoda i ci\u0119\u017cko wyj\u015b\u0107 z aparatem na zewn\u0105trz. <br \/>Dobre kadry, dobra muzyka, towarzystwo i tlen to wszystko co potrzebuje do prze\u017cycia.\u00a0<\/span><\/p><p><o:p><\/o:p><\/p><p><span style=\"text-align: left; color: #3c4858; text-transform: none; text-indent: 0px; letter-spacing: normal; font-size: 14px; font-style: normal; font-variant: normal; font-weight: 300; text-decoration: none; word-spacing: 0px; display: inline !important; white-space: normal; orphans: 2; float: none; -webkit-text-stroke-width: 0px; background-color: #ffffff;\"> <\/span><\/p><p><span style=\"text-align: left; color: #3c4858; text-transform: none; text-indent: 0px; letter-spacing: normal; font-size: 14px; font-style: normal; font-variant: normal; font-weight: 300; text-decoration: none; word-spacing: 0px; display: inline !important; white-space: normal; orphans: 2; float: none; -webkit-text-stroke-width: 0px; background-color: #ffffff;\"> <\/span><\/p>\t\t\t\t\t<\/div>\n\t\t\t\t\t\t<\/div>\n\t\t\t\t<\/div>\n\t\t\t\t\t\t<\/div>\n\t\t\t\t\t<\/div>\n\t\t<\/div>\n\t\t\t\t\t\t\t\t<\/div>\n\t\t\t\t\t<\/div>\n\t\t<\/section>\n\t\t\t\t\t\t<\/div>\n\t\t\t\t\t<\/div>\n\t\t<\/div>\n\t\t\t\t\t\t\t\t<\/div>\n\t\t\t\t\t<\/div>\n\t\t<\/section>\n\t\t\t\t<section class=\"elementor-section elementor-inner-section elementor-element elementor-element-fa94284 elementor-section-boxed elementor-section-height-default elementor-section-height-default\" data-id=\"fa94284\" data-element_type=\"section\">\n\t\t\t\t\t\t<div class=\"elementor-container elementor-column-gap-default\">\n\t\t\t\t\t\t\t<div class=\"elementor-row\">\n\t\t\t\t\t<div class=\"elementor-column elementor-col-66 elementor-inner-column elementor-element elementor-element-105a6f7\" data-id=\"105a6f7\" data-element_type=\"column\">\n\t\t\t<div class=\"elementor-column-wrap elementor-element-populated\">\n\t\t\t\t\t\t\t<div class=\"elementor-widget-wrap\">\n\t\t\t\t\t\t<div class=\"elementor-element elementor-element-d3dd7c7 elementor-invisible elementor-widget elementor-widget-heading\" data-id=\"d3dd7c7\" data-element_type=\"widget\" data-settings=\"{&quot;_animation&quot;:&quot;fadeInLeft&quot;,&quot;_animation_delay&quot;:500}\" data-widget_type=\"heading.default\">\n\t\t\t\t<div class=\"elementor-widget-container\">\n\t\t\t<h3 class=\"elementor-heading-title elementor-size-xl\">Obserwuj Kub\u0119<\/h3>\t\t<\/div>\n\t\t\t\t<\/div>\n\t\t\t\t\t\t<\/div>\n\t\t\t\t\t<\/div>\n\t\t<\/div>\n\t\t\t\t<div class=\"elementor-column elementor-col-33 elementor-inner-column elementor-element elementor-element-23c6bf3\" data-id=\"23c6bf3\" data-element_type=\"column\">\n\t\t\t<div class=\"elementor-column-wrap elementor-element-populated\">\n\t\t\t\t\t\t\t<div class=\"elementor-widget-wrap\">\n\t\t\t\t\t\t<div class=\"elementor-element elementor-element-0fe1eb7 elementor-shape-circle e-grid-align-right elementor-grid-0 elementor-invisible elementor-widget elementor-widget-social-icons\" data-id=\"0fe1eb7\" data-element_type=\"widget\" data-settings=\"{&quot;_animation&quot;:&quot;fadeInRight&quot;,&quot;_animation_delay&quot;:1000}\" data-widget_type=\"social-icons.default\">\n\t\t\t\t<div class=\"elementor-widget-container\">\n\t\t\t\t\t<div class=\"elementor-social-icons-wrapper elementor-grid\">\n\t\t\t\t\t\t\t<span class=\"elementor-grid-item\">\n\t\t\t\t\t<a class=\"elementor-icon elementor-social-icon elementor-social-icon-facebook elementor-animation-grow elementor-repeater-item-b5827cd\" href=\"https:\/\/www.facebook.com\/kubaAdHd22\" target=\"_blank\">\n\t\t\t\t\t\t<span class=\"elementor-screen-only\">Facebook<\/span>\n\t\t\t\t\t\t\t\t\t\t\t\t\t<i class=\"fa fa-facebook\"><\/i>\n\t\t\t\t\t\t\t\t\t\t\t<\/a>\n\t\t\t\t<\/span>\n\t\t\t\t\t\t\t<span class=\"elementor-grid-item\">\n\t\t\t\t\t<a class=\"elementor-icon elementor-social-icon elementor-social-icon-instagram elementor-animation-grow elementor-repeater-item-107e115\" href=\"https:\/\/www.instagram.com\/jakub_adhd22_waletko\/\" target=\"_blank\">\n\t\t\t\t\t\t<span class=\"elementor-screen-only\">Instagram<\/span>\n\t\t\t\t\t\t\t\t\t\t\t\t\t<i class=\"fa fa-instagram\"><\/i>\n\t\t\t\t\t\t\t\t\t\t\t<\/a>\n\t\t\t\t<\/span>\n\t\t\t\t\t<\/div>\n\t\t\t\t<\/div>\n\t\t\t\t<\/div>\n\t\t\t\t\t\t<\/div>\n\t\t\t\t\t<\/div>\n\t\t<\/div>\n\t\t\t\t\t\t\t\t<\/div>\n\t\t\t\t\t<\/div>\n\t\t<\/section>\n\t\t\t\t<section class=\"elementor-section elementor-top-section elementor-element elementor-element-3cbcd82 elementor-section-boxed elementor-section-height-default elementor-section-height-default\" data-id=\"3cbcd82\" data-element_type=\"section\">\n\t\t\t\t\t\t<div class=\"elementor-container elementor-column-gap-default\">\n\t\t\t\t\t\t\t<div class=\"elementor-row\">\n\t\t\t\t\t<div class=\"elementor-column elementor-col-100 elementor-top-column elementor-element elementor-element-b530487\" data-id=\"b530487\" data-element_type=\"column\">\n\t\t\t<div class=\"elementor-column-wrap elementor-element-populated\">\n\t\t\t\t\t\t\t<div class=\"elementor-widget-wrap\">\n\t\t\t\t\t\t<div class=\"elementor-element elementor-element-da38254 elementor-invisible elementor-widget elementor-widget-image-carousel\" data-id=\"da38254\" data-element_type=\"widget\" data-settings=\"{&quot;_animation&quot;:&quot;fadeInUp&quot;,&quot;_animation_delay&quot;:1500,&quot;slides_to_scroll&quot;:&quot;1&quot;,&quot;navigation&quot;:&quot;none&quot;,&quot;autoplay_speed&quot;:3000,&quot;autoplay&quot;:&quot;yes&quot;,&quot;pause_on_hover&quot;:&quot;yes&quot;,&quot;pause_on_interaction&quot;:&quot;yes&quot;,&quot;infinite&quot;:&quot;yes&quot;,&quot;speed&quot;:500,&quot;image_spacing_custom&quot;:{&quot;unit&quot;:&quot;px&quot;,&quot;size&quot;:20,&quot;sizes&quot;:[]},&quot;image_spacing_custom_tablet&quot;:{&quot;unit&quot;:&quot;px&quot;,&quot;size&quot;:&quot;&quot;,&quot;sizes&quot;:[]},&quot;image_spacing_custom_mobile&quot;:{&quot;unit&quot;:&quot;px&quot;,&quot;size&quot;:&quot;&quot;,&quot;sizes&quot;:[]}}\" data-widget_type=\"image-carousel.default\">\n\t\t\t\t<div class=\"elementor-widget-container\">\n\t\t\t\t\t<div class=\"elementor-image-carousel-wrapper swiper-container\" dir=\"ltr\">\n\t\t\t<div class=\"elementor-image-carousel swiper-wrapper\">\n\t\t\t\t\t\t\t\t<div class=\"swiper-slide\"><a data-elementor-open-lightbox=\"yes\" data-elementor-lightbox-slideshow=\"da38254\" data-elementor-lightbox-title=\"JakubWaletko_BackStage_1_Optimized\" data-e-action-hash=\"#elementor-action%3Aaction%3Dlightbox%26settings%3DeyJpZCI6MzkxLCJ1cmwiOiJodHRwczpcL1wvcHN5Y2hvc3R1ZGlvLnBsXC93cC1jb250ZW50XC91cGxvYWRzXC8yMDE4XC8xMFwvMS0xMDAweDY2NS1PcHRpbWl6ZWQuanBnIiwic2xpZGVzaG93IjoiZGEzODI1NCJ9\" href=\"https:\/\/psychostudio.pl\/wp-content\/uploads\/2018\/10\/1-1000x665-Optimized.jpg\"><figure class=\"swiper-slide-inner\"><img class=\"swiper-slide-image\" src=\"https:\/\/psychostudio.pl\/wp-content\/uploads\/2018\/10\/1-1000x665-Optimized-768x511.jpg\" alt=\"Foty_BackStage\" \/><\/figure><\/a><\/div><div class=\"swiper-slide\"><a data-elementor-open-lightbox=\"yes\" data-elementor-lightbox-slideshow=\"da38254\" data-elementor-lightbox-title=\"JakubWaletko_BackStage_4_Optimized\" data-e-action-hash=\"#elementor-action%3Aaction%3Dlightbox%26settings%3DeyJpZCI6Mzk0LCJ1cmwiOiJodHRwczpcL1wvcHN5Y2hvc3R1ZGlvLnBsXC93cC1jb250ZW50XC91cGxvYWRzXC8yMDE4XC8xMFwvS3ViYS0xMDAweDY2Ny1PcHRpbWl6ZWQtMS5qcGciLCJzbGlkZXNob3ciOiJkYTM4MjU0In0%3D\" href=\"https:\/\/psychostudio.pl\/wp-content\/uploads\/2018\/10\/Kuba-1000x667-Optimized-1.jpg\"><figure class=\"swiper-slide-inner\"><img class=\"swiper-slide-image\" src=\"https:\/\/psychostudio.pl\/wp-content\/uploads\/2018\/10\/Kuba-1000x667-Optimized-1-768x512.jpg\" alt=\"Foty_BackStage\" \/><\/figure><\/a><\/div><div class=\"swiper-slide\"><a data-elementor-open-lightbox=\"yes\" data-elementor-lightbox-slideshow=\"da38254\" data-elementor-lightbox-title=\"JakubWaletko_BackStage_2_Optimized\" data-e-action-hash=\"#elementor-action%3Aaction%3Dlightbox%26settings%3DeyJpZCI6MzkyLCJ1cmwiOiJodHRwczpcL1wvcHN5Y2hvc3R1ZGlvLnBsXC93cC1jb250ZW50XC91cGxvYWRzXC8yMDE4XC8xMFwvNDI5OTIwMDdfMjE1MjU3MzQyNDk4NDA2OF85MDA5MDk2MTk1NzY2NzQ3MTM2X24tMTAwMHg2MjctT3B0aW1pemVkLmpwZyIsInNsaWRlc2hvdyI6ImRhMzgyNTQifQ%3D%3D\" href=\"https:\/\/psychostudio.pl\/wp-content\/uploads\/2018\/10\/42992007_2152573424984068_9009096195766747136_n-1000x627-Optimized.jpg\"><figure class=\"swiper-slide-inner\"><img class=\"swiper-slide-image\" src=\"https:\/\/psychostudio.pl\/wp-content\/uploads\/2018\/10\/42992007_2152573424984068_9009096195766747136_n-1000x627-Optimized-768x482.jpg\" alt=\"Foty_BackStage\" \/><\/figure><\/a><\/div><div class=\"swiper-slide\"><a data-elementor-open-lightbox=\"yes\" data-elementor-lightbox-slideshow=\"da38254\" data-elementor-lightbox-title=\"JakubWaletko_BackStage_3_Optimized\" data-e-action-hash=\"#elementor-action%3Aaction%3Dlightbox%26settings%3DeyJpZCI6MzkzLCJ1cmwiOiJodHRwczpcL1wvcHN5Y2hvc3R1ZGlvLnBsXC93cC1jb250ZW50XC91cGxvYWRzXC8yMDE4XC8xMFwvSU1HXzY2MTUtMTAwMHg2OTItT3B0aW1pemVkLmpwZyIsInNsaWRlc2hvdyI6ImRhMzgyNTQifQ%3D%3D\" href=\"https:\/\/psychostudio.pl\/wp-content\/uploads\/2018\/10\/IMG_6615-1000x692-Optimized.jpg\"><figure class=\"swiper-slide-inner\"><img class=\"swiper-slide-image\" src=\"https:\/\/psychostudio.pl\/wp-content\/uploads\/2018\/10\/IMG_6615-1000x692-Optimized-768x531.jpg\" alt=\"Foty_BackStage\" \/><\/figure><\/a><\/div>\t\t\t<\/div>\n\t\t\t\t\t\t\t\t\t\t\t\t\t\t\t\t<\/div>\n\t\t\t\t<\/div>\n\t\t\t\t<\/div>\n\t\t\t\t\t\t<\/div>\n\t\t\t\t\t<\/div>\n\t\t<\/div>\n\t\t\t\t\t\t\t\t<\/div>\n\t\t\t\t\t<\/div>\n\t\t<\/section>\n\t\t\t\t\t\t\t\t\t<\/div>\n\t\t\t<\/div>\n\t\t\t\t\t<\/div>\n\t\t","protected":false},"excerpt":{"rendered":"<p>Rola:\u00a0Za\u0142o\u017cyciel | Dyrektor Produkcji | Operator | Fotograf | Pilot Dron\u00f3wSpecjalizacja:\u00a0Licencjonowany Pilot Dron\u00f3w | Photoshop | Premiere ProSystem: Canon | Sony Kuba jest ojcem za\u0142o\u017cycielem PsychoStudio. Z wykszta\u0142cenia Technik Mechatronik. Pracowa\u0142 prawie wsz\u0119dzie, od serwis\u00f3w maszyn przemys\u0142u ci\u0119\u017ckiego, po lokalne portale informacyjne. Przerodzi\u0142 swoj\u0105 pasj\u0119 w spos\u00f3b na \u017cycie, ma\u0142o<a class=\"moretag\" href=\"https:\/\/psychostudio.pl\/index.php\/zespol\/jakub-waletko\/\"> Czytaj wi\u0119cej<\/a><\/p>\n","protected":false},"author":1,"featured_media":870,"parent":66,"menu_order":0,"comment_status":"closed","ping_status":"closed","template":"","meta":[],"yoast_head":"<!-- This site is optimized with the Yoast SEO plugin v19.4 - https:\/\/yoast.com\/wordpress\/plugins\/seo\/ -->\n<title>Jakub Waletko - PsychoStudio<\/title>\n<meta name=\"robots\" content=\"index, follow, max-snippet:-1, max-image-preview:large, max-video-preview:-1\" \/>\n<link rel=\"canonical\" href=\"https:\/\/psychostudio.pl\/index.php\/zespol\/jakub-waletko\/\" \/>\n<meta property=\"og:locale\" content=\"pl_PL\" \/>\n<meta property=\"og:type\" content=\"article\" \/>\n<meta property=\"og:title\" content=\"Jakub Waletko - PsychoStudio\" \/>\n<meta property=\"og:description\" content=\"Rola:\u00a0Za\u0142o\u017cyciel | Dyrektor Produkcji | Operator | Fotograf | Pilot Dron\u00f3wSpecjalizacja:\u00a0Licencjonowany Pilot Dron\u00f3w | Photoshop | Premiere ProSystem: Canon | Sony Kuba jest ojcem za\u0142o\u017cycielem PsychoStudio. Z wykszta\u0142cenia Technik Mechatronik. Pracowa\u0142 prawie wsz\u0119dzie, od serwis\u00f3w maszyn przemys\u0142u ci\u0119\u017ckiego, po lokalne portale informacyjne. Przerodzi\u0142 swoj\u0105 pasj\u0119 w spos\u00f3b na \u017cycie, ma\u0142o Czytaj wi\u0119cej\" \/>\n<meta property=\"og:url\" content=\"https:\/\/psychostudio.pl\/index.php\/zespol\/jakub-waletko\/\" \/>\n<meta property=\"og:site_name\" content=\"PsychoStudio\" \/>\n<meta property=\"article:publisher\" content=\"https:\/\/www.facebook.com\/psychostudiocam\/\" \/>\n<meta property=\"article:modified_time\" content=\"2020-05-13T23:22:44+00:00\" \/>\n<meta property=\"og:image\" content=\"https:\/\/i1.wp.com\/psychostudio.pl\/wp-content\/uploads\/2020\/05\/NOWE-Jakub-Waletko-Full-Size.jpg?fit=1000%2C532&ssl=1\" \/>\n\t<meta property=\"og:image:width\" content=\"1000\" \/>\n\t<meta property=\"og:image:height\" content=\"532\" \/>\n\t<meta property=\"og:image:type\" content=\"image\/jpeg\" \/>\n<meta name=\"twitter:card\" content=\"summary_large_image\" \/>\n<meta name=\"twitter:label1\" content=\"Szacowany czas czytania\" \/>\n\t<meta name=\"twitter:data1\" content=\"1 minuta\" \/>\n<script type=\"application\/ld+json\" class=\"yoast-schema-graph\">{\"@context\":\"https:\/\/schema.org\",\"@graph\":[{\"@type\":\"Organization\",\"@id\":\"https:\/\/psychostudio.pl\/#organization\",\"name\":\"PsychoStudio\",\"url\":\"https:\/\/psychostudio.pl\/\",\"sameAs\":[\"https:\/\/www.instagram.com\/psychostudio_cam\/\",\"https:\/\/www.youtube.com\/channel\/UC2uVduW06Kb8pkXyqQX1hAg\",\"https:\/\/www.facebook.com\/psychostudiocam\/\"],\"logo\":{\"@type\":\"ImageObject\",\"inLanguage\":\"pl-PL\",\"@id\":\"https:\/\/psychostudio.pl\/#\/schema\/logo\/image\/\",\"url\":\"https:\/\/i0.wp.com\/psychostudio.pl\/wp-content\/uploads\/2018\/09\/PsYcHoSTUDIO.png?fit=500%2C500&ssl=1\",\"contentUrl\":\"https:\/\/i0.wp.com\/psychostudio.pl\/wp-content\/uploads\/2018\/09\/PsYcHoSTUDIO.png?fit=500%2C500&ssl=1\",\"width\":500,\"height\":500,\"caption\":\"PsychoStudio\"},\"image\":{\"@id\":\"https:\/\/psychostudio.pl\/#\/schema\/logo\/image\/\"}},{\"@type\":\"WebSite\",\"@id\":\"https:\/\/psychostudio.pl\/#website\",\"url\":\"https:\/\/psychostudio.pl\/\",\"name\":\"PsychoStudio\",\"description\":\"More than epic\",\"publisher\":{\"@id\":\"https:\/\/psychostudio.pl\/#organization\"},\"potentialAction\":[{\"@type\":\"SearchAction\",\"target\":{\"@type\":\"EntryPoint\",\"urlTemplate\":\"https:\/\/psychostudio.pl\/?s={search_term_string}\"},\"query-input\":\"required name=search_term_string\"}],\"inLanguage\":\"pl-PL\"},{\"@type\":\"WebPage\",\"@id\":\"https:\/\/psychostudio.pl\/index.php\/zespol\/jakub-waletko\/\",\"url\":\"https:\/\/psychostudio.pl\/index.php\/zespol\/jakub-waletko\/\",\"name\":\"Jakub Waletko - PsychoStudio\",\"isPartOf\":{\"@id\":\"https:\/\/psychostudio.pl\/#website\"},\"datePublished\":\"2018-10-02T10:14:22+00:00\",\"dateModified\":\"2020-05-13T23:22:44+00:00\",\"breadcrumb\":{\"@id\":\"https:\/\/psychostudio.pl\/index.php\/zespol\/jakub-waletko\/#breadcrumb\"},\"inLanguage\":\"pl-PL\",\"potentialAction\":[{\"@type\":\"ReadAction\",\"target\":[\"https:\/\/psychostudio.pl\/index.php\/zespol\/jakub-waletko\/\"]}]},{\"@type\":\"BreadcrumbList\",\"@id\":\"https:\/\/psychostudio.pl\/index.php\/zespol\/jakub-waletko\/#breadcrumb\",\"itemListElement\":[{\"@type\":\"ListItem\",\"position\":1,\"name\":\"Strona g\u0142\u00f3wna\",\"item\":\"https:\/\/psychostudio.pl\/\"},{\"@type\":\"ListItem\",\"position\":2,\"name\":\"Zesp\u00f3\u0142\",\"item\":\"https:\/\/psychostudio.pl\/index.php\/zespol\/\"},{\"@type\":\"ListItem\",\"position\":3,\"name\":\"Jakub Waletko\"}]}]}<\/script>\n<!-- \/ Yoast SEO plugin. -->","yoast_head_json":{"title":"Jakub Waletko - PsychoStudio","robots":{"index":"index","follow":"follow","max-snippet":"max-snippet:-1","max-image-preview":"max-image-preview:large","max-video-preview":"max-video-preview:-1"},"canonical":"https:\/\/psychostudio.pl\/index.php\/zespol\/jakub-waletko\/","og_locale":"pl_PL","og_type":"article","og_title":"Jakub Waletko - PsychoStudio","og_description":"Rola:\u00a0Za\u0142o\u017cyciel | Dyrektor Produkcji | Operator | Fotograf | Pilot Dron\u00f3wSpecjalizacja:\u00a0Licencjonowany Pilot Dron\u00f3w | Photoshop | Premiere ProSystem: Canon | Sony Kuba jest ojcem za\u0142o\u017cycielem PsychoStudio. Z wykszta\u0142cenia Technik Mechatronik. Pracowa\u0142 prawie wsz\u0119dzie, od serwis\u00f3w maszyn przemys\u0142u ci\u0119\u017ckiego, po lokalne portale informacyjne. Przerodzi\u0142 swoj\u0105 pasj\u0119 w spos\u00f3b na \u017cycie, ma\u0142o Czytaj wi\u0119cej","og_url":"https:\/\/psychostudio.pl\/index.php\/zespol\/jakub-waletko\/","og_site_name":"PsychoStudio","article_publisher":"https:\/\/www.facebook.com\/psychostudiocam\/","article_modified_time":"2020-05-13T23:22:44+00:00","og_image":[{"width":1000,"height":532,"url":"https:\/\/i1.wp.com\/psychostudio.pl\/wp-content\/uploads\/2020\/05\/NOWE-Jakub-Waletko-Full-Size.jpg?fit=1000%2C532&ssl=1","type":"image\/jpeg"}],"twitter_card":"summary_large_image","twitter_misc":{"Szacowany czas czytania":"1 minuta"},"schema":{"@context":"https:\/\/schema.org","@graph":[{"@type":"Organization","@id":"https:\/\/psychostudio.pl\/#organization","name":"PsychoStudio","url":"https:\/\/psychostudio.pl\/","sameAs":["https:\/\/www.instagram.com\/psychostudio_cam\/","https:\/\/www.youtube.com\/channel\/UC2uVduW06Kb8pkXyqQX1hAg","https:\/\/www.facebook.com\/psychostudiocam\/"],"logo":{"@type":"ImageObject","inLanguage":"pl-PL","@id":"https:\/\/psychostudio.pl\/#\/schema\/logo\/image\/","url":"https:\/\/i0.wp.com\/psychostudio.pl\/wp-content\/uploads\/2018\/09\/PsYcHoSTUDIO.png?fit=500%2C500&ssl=1","contentUrl":"https:\/\/i0.wp.com\/psychostudio.pl\/wp-content\/uploads\/2018\/09\/PsYcHoSTUDIO.png?fit=500%2C500&ssl=1","width":500,"height":500,"caption":"PsychoStudio"},"image":{"@id":"https:\/\/psychostudio.pl\/#\/schema\/logo\/image\/"}},{"@type":"WebSite","@id":"https:\/\/psychostudio.pl\/#website","url":"https:\/\/psychostudio.pl\/","name":"PsychoStudio","description":"More than epic","publisher":{"@id":"https:\/\/psychostudio.pl\/#organization"},"potentialAction":[{"@type":"SearchAction","target":{"@type":"EntryPoint","urlTemplate":"https:\/\/psychostudio.pl\/?s={search_term_string}"},"query-input":"required name=search_term_string"}],"inLanguage":"pl-PL"},{"@type":"WebPage","@id":"https:\/\/psychostudio.pl\/index.php\/zespol\/jakub-waletko\/","url":"https:\/\/psychostudio.pl\/index.php\/zespol\/jakub-waletko\/","name":"Jakub Waletko - PsychoStudio","isPartOf":{"@id":"https:\/\/psychostudio.pl\/#website"},"datePublished":"2018-10-02T10:14:22+00:00","dateModified":"2020-05-13T23:22:44+00:00","breadcrumb":{"@id":"https:\/\/psychostudio.pl\/index.php\/zespol\/jakub-waletko\/#breadcrumb"},"inLanguage":"pl-PL","potentialAction":[{"@type":"ReadAction","target":["https:\/\/psychostudio.pl\/index.php\/zespol\/jakub-waletko\/"]}]},{"@type":"BreadcrumbList","@id":"https:\/\/psychostudio.pl\/index.php\/zespol\/jakub-waletko\/#breadcrumb","itemListElement":[{"@type":"ListItem","position":1,"name":"Strona g\u0142\u00f3wna","item":"https:\/\/psychostudio.pl\/"},{"@type":"ListItem","position":2,"name":"Zesp\u00f3\u0142","item":"https:\/\/psychostudio.pl\/index.php\/zespol\/"},{"@type":"ListItem","position":3,"name":"Jakub Waletko"}]}]}},"_links":{"self":[{"href":"https:\/\/psychostudio.pl\/index.php\/wp-json\/wp\/v2\/pages\/108"}],"collection":[{"href":"https:\/\/psychostudio.pl\/index.php\/wp-json\/wp\/v2\/pages"}],"about":[{"href":"https:\/\/psychostudio.pl\/index.php\/wp-json\/wp\/v2\/types\/page"}],"author":[{"embeddable":true,"href":"https:\/\/psychostudio.pl\/index.php\/wp-json\/wp\/v2\/users\/1"}],"replies":[{"embeddable":true,"href":"https:\/\/psychostudio.pl\/index.php\/wp-json\/wp\/v2\/comments?post=108"}],"version-history":[{"count":24,"href":"https:\/\/psychostudio.pl\/index.php\/wp-json\/wp\/v2\/pages\/108\/revisions"}],"predecessor-version":[{"id":873,"href":"https:\/\/psychostudio.pl\/index.php\/wp-json\/wp\/v2\/pages\/108\/revisions\/873"}],"up":[{"embeddable":true,"href":"https:\/\/psychostudio.pl\/index.php\/wp-json\/wp\/v2\/pages\/66"}],"wp:featuredmedia":[{"embeddable":true,"href":"https:\/\/psychostudio.pl\/index.php\/wp-json\/wp\/v2\/media\/870"}],"wp:attachment":[{"href":"https:\/\/psychostudio.pl\/index.php\/wp-json\/wp\/v2\/media?parent=108"}],"curies":[{"name":"wp","href":"https:\/\/api.w.org\/{rel}","templated":true}]}}